{"id":5523,"date":"2024-12-21T10:02:55","date_gmt":"2024-12-21T10:02:55","guid":{"rendered":"https:\/\/lomoro.nl\/?page_id=5523"},"modified":"2025-01-17T05:05:42","modified_gmt":"2025-01-17T05:05:42","slug":"privacy-policy","status":"publish","type":"page","link":"https:\/\/www.lomoro.nl\/de\/privacy-policy\/","title":{"rendered":"Datenschutzrichtlinie"},"content":{"rendered":"\t\t<div data-elementor-type=\"wp-page\" data-elementor-id=\"5523\" class=\"elementor elementor-5523 elementor-3323\" data-elementor-post-type=\"page\">\n\t\t\t\t<div class=\"elementor-element elementor-element-39ac4ec e-flex e-con-boxed e-con e-parent\" data-id=\"39ac4ec\" data-element_type=\"container\" data-e-type=\"container\" data-settings=\"{&quot;background_background&quot;:&quot;classic&quot;}\">\n\t\t\t\t\t<div class=\"e-con-inner\">\n\t\t\t\t<div class=\"elementor-element elementor-element-1b2e86a elementor-widget elementor-widget-heading\" data-id=\"1b2e86a\" data-element_type=\"widget\" data-e-type=\"widget\" data-widget_type=\"heading.default\">\n\t\t\t\t<div class=\"elementor-widget-container\">\n\t\t\t\t\t<h2 class=\"elementor-heading-title elementor-size-default\">Datenschutzrichtlinie<\/h2>\t\t\t\t<\/div>\n\t\t\t\t<\/div>\n\t\t\t\t\t<\/div>\n\t\t\t\t<\/div>\n\t\t<div class=\"elementor-element elementor-element-4bf1899 e-flex e-con-boxed e-con e-parent\" data-id=\"4bf1899\" data-element_type=\"container\" data-e-type=\"container\">\n\t\t\t\t\t<div class=\"e-con-inner\">\n\t\t\t\t<div class=\"elementor-element elementor-element-1926c14 elementor-widget elementor-widget-text-editor\" data-id=\"1926c14\" data-element_type=\"widget\" data-e-type=\"widget\" data-widget_type=\"text-editor.default\">\n\t\t\t\t<div class=\"elementor-widget-container\">\n\t\t\t\t\t\t\t\t\t<p><strong><span>Richtlinien<\/span><\/strong><br \/><br \/><strong><span>Kundenrichtlinien<\/span><\/strong><br \/><br \/><strong><span>Einf\u00fchrung<\/span><\/strong><br \/><span>Willkommen bei LOMORO Wir sind auf hochwertige, ma\u00dfgeschneiderte Anz\u00fcge mit fachm\u00e4nnischen \u00c4nderungen f\u00fcr eine perfekte Passform spezialisiert. Lesen Sie die folgenden Richtlinien bitte sorgf\u00e4ltig durch, um ein reibungsloses und zufriedenstellendes Erlebnis zu gew\u00e4hrleisten.<\/span><br \/><br \/><strong><span>Terminvereinbarung<\/span><\/strong><br \/><span>Um eine pers\u00f6nliche Betreuung zu bieten, empfehlen wir Kunden, die individuelle \u00c4nderungen w\u00fcnschen, einen Termin zu vereinbaren. Termine k\u00f6nnen \u00fcber unsere Website, telefonisch oder pers\u00f6nlich in unserem Gesch\u00e4ft gebucht werden.<\/span><br \/><br \/><strong><span>Anzugauswahl im Gesch\u00e4ft<\/span><\/strong><br \/><span>Wenn Sie unser Gesch\u00e4ft besuchen, k\u00f6nnen Sie unsere umfangreiche Kollektion ma\u00dfgeschneiderter Anz\u00fcge in verschiedenen Stilen, Stoffen und Gr\u00f6\u00dfen durchst\u00f6bern. Unsere Berater helfen Ihnen gerne dabei, einen Anzug auszuw\u00e4hlen, der Ihren Vorlieben und Bed\u00fcrfnissen entspricht.<\/span><br \/><br \/><strong><span>Ma\u00dfgeschneiderte \u00c4nderungen<\/span><\/strong><br \/><span>Sobald Sie Ihren Anzug ausgew\u00e4hlt haben, nimmt unser Schneiderteam die notwendigen \u00c4nderungen vor, um eine genaue Passform zu gew\u00e4hrleisten. W\u00e4hrend Ihres Termins nimmt unser Schneider Ihre Ma\u00dfe und bespricht alle notwendigen \u00c4nderungen mit Ihnen.<\/span><br \/><br \/><strong><span>Zahlung<\/span><\/strong><br \/><span>Sobald Ihre Anzugauswahl und alle \u00c4nderungen abgeschlossen sind, ist die Zahlung erforderlich. Die Zahlung ist zum Zeitpunkt des Kaufs in voller H\u00f6he f\u00e4llig, einschlie\u00dflich der Kosten f\u00fcr etwaige Anpassungsleistungen.<\/span><br \/><br \/><strong><span>Anprobe und letzte Anpassungen<\/span><\/strong><br \/><span>Sobald Ihr Anzug angepasst wurde, erhalten Sie eine Nachricht, um einen Anprobetermin in unserem Gesch\u00e4ft zu vereinbaren. W\u00e4hrend dieser Anprobe werden alle weiteren kleinen Anpassungen vorgenommen, um sicherzustellen, dass der Anzug Ihren Erwartungen entspricht.<\/span><br \/><br \/><strong><span>Abholung und Lieferung<\/span><\/strong><br \/><span>Anz\u00fcge k\u00f6nnen pers\u00f6nlich in unserem Gesch\u00e4ft abgeholt werden. Wir bieten keine Versanddienste an, um den h\u00f6chsten Standard an Qualit\u00e4t und Passform zu gew\u00e4hrleisten. Wir empfehlen, Ihren Abholtermin im Voraus zu vereinbaren, damit Ihr Anzug zur Abholung bereit ist.<\/span><br \/><br \/><strong><span>Stornierungs- und R\u00fcckgaberichtlinie<\/span><\/strong><br \/><span>Bei LOMORO haben wir eine strenge Stornierungs- und R\u00fcckgaberichtlinie. Diese Richtlinie gilt f\u00fcr alle Eink\u00e4ufe, die in unserem Gesch\u00e4ft und auf unserer Website get\u00e4tigt werden. Unsere Produkte werden nach Ma\u00df gefertigt und\/oder speziell f\u00fcr Sie hergestellt, daher sind Stornierungen und R\u00fcckgaben nicht m\u00f6glich. Bitte denken Sie sorgf\u00e4ltig \u00fcber Ihre Wahl nach.<\/span><br \/><br \/><strong><span>Kontaktieren Sie uns<\/span><\/strong><br \/><span>Bei Fragen oder f\u00fcr Hilfe wenden Sie sich bitte an unser Kundenserviceteam unter<\/span><br \/><strong><span>CUSTOMERSERVICELOMORO@GMAIL.COM<\/span><\/strong><br \/><span>Vielen Dank, dass Sie sich f\u00fcr LOMORO entschieden haben! Wir freuen uns darauf, Ihnen einen Anzug anzubieten, der perfekt passt und zu Ihrem Stil passt<\/span><\/p>\t\t\t\t\t\t\t\t<\/div>\n\t\t\t\t<\/div>\n\t\t\t\t\t<\/div>\n\t\t\t\t<\/div>\n\t\t\t\t<\/div>\n\t\t","protected":false},"excerpt":{"rendered":"<p>Datenschutzrichtlinie Richtlinien Kundenrichtlinien Einf\u00fchrungWillkommen bei LOMORO Wir sind auf hochwertige, ma\u00dfgeschneiderte Anz\u00fcge mit fachm\u00e4nnischen \u00c4nderungen f\u00fcr eine perfekte Passform spezialisiert. Lesen Sie die folgenden Richtlinien bitte sorgf\u00e4ltig durch, um ein reibungsloses und zufriedenstellendes Erlebnis zu gew\u00e4hrleisten. TerminvereinbarungUm eine pers\u00f6nliche Betreuung zu bieten, empfehlen wir Kunden, die individuelle \u00c4nderungen w\u00fcnschen, einen Termin zu vereinbaren. Termine k\u00f6nnen [&hellip;]<\/p>\n","protected":false},"author":7,"featured_media":0,"parent":0,"menu_order":0,"comment_status":"closed","ping_status":"closed","template":"elementor_header_footer","meta":{"_acf_changed":false,"footnotes":""},"class_list":["post-5523","page","type-page","status-publish","hentry"],"acf":[],"_links":{"self":[{"href":"https:\/\/www.lomoro.nl\/de\/wp-json\/wp\/v2\/pages\/5523","targetHints":{"allow":["GET"]}}],"collection":[{"href":"https:\/\/www.lomoro.nl\/de\/wp-json\/wp\/v2\/pages"}],"about":[{"href":"https:\/\/www.lomoro.nl\/de\/wp-json\/wp\/v2\/types\/page"}],"author":[{"embeddable":true,"href":"https:\/\/www.lomoro.nl\/de\/wp-json\/wp\/v2\/users\/7"}],"replies":[{"embeddable":true,"href":"https:\/\/www.lomoro.nl\/de\/wp-json\/wp\/v2\/comments?post=5523"}],"version-history":[{"count":0,"href":"https:\/\/www.lomoro.nl\/de\/wp-json\/wp\/v2\/pages\/5523\/revisions"}],"wp:attachment":[{"href":"https:\/\/www.lomoro.nl\/de\/wp-json\/wp\/v2\/media?parent=5523"}],"curies":[{"name":"wp","href":"https:\/\/api.w.org\/{rel}","templated":true}]}}