{"id":5541,"date":"2025-01-15T04:57:36","date_gmt":"2025-01-15T04:57:36","guid":{"rendered":"https:\/\/lomoro.nl\/?page_id=5541"},"modified":"2025-01-17T05:15:16","modified_gmt":"2025-01-17T05:15:16","slug":"refund-policy","status":"publish","type":"page","link":"https:\/\/www.lomoro.nl\/de\/refund-policy\/","title":{"rendered":"R\u00fcckerstattungs- und R\u00fcckgaberecht"},"content":{"rendered":"<p>Bei Lomoro sind wir bestrebt, qualitativ hochwertige Kost\u00fcme anzubieten und Ihre Zufriedenheit mit jedem Kauf sicherzustellen. Bitte lesen Sie die folgenden R\u00fcckgabe- und Umtauschrichtlinien:<\/p>\n<p>Ein Umtausch ist bis 30 Tage nach dem Kauf m\u00f6glich. Ein Umtausch ist nur im Falle eines Herstellungsfehlers m\u00f6glich.<\/p>\n<p>R\u00fccksendungen sind bis 14 Tage nach dem Kauf g\u00fcltig. Eine R\u00fcckgabe ist nur im Falle eines Herstellungsfehlers m\u00f6glich.<\/p>\n","protected":false},"excerpt":{"rendered":"<p>Bei Lomoro sind wir bestrebt, qualitativ hochwertige Kost\u00fcme anzubieten und Ihre Zufriedenheit mit jedem Kauf sicherzustellen. Bitte lesen Sie die folgenden R\u00fcckgabe- und Umtauschrichtlinien: Ein Umtausch ist bis 30 Tage nach dem Kauf m\u00f6glich. Ein Umtausch ist nur im Falle eines Herstellungsfehlers m\u00f6glich. R\u00fccksendungen sind bis 14 Tage nach dem Kauf g\u00fcltig. Eine R\u00fcckgabe ist [&hellip;]<\/p>\n","protected":false},"author":7,"featured_media":0,"parent":0,"menu_order":0,"comment_status":"closed","ping_status":"closed","template":"","meta":{"_acf_changed":false,"footnotes":""},"class_list":["post-5541","page","type-page","status-publish","hentry"],"acf":[],"_links":{"self":[{"href":"https:\/\/www.lomoro.nl\/de\/wp-json\/wp\/v2\/pages\/5541","targetHints":{"allow":["GET"]}}],"collection":[{"href":"https:\/\/www.lomoro.nl\/de\/wp-json\/wp\/v2\/pages"}],"about":[{"href":"https:\/\/www.lomoro.nl\/de\/wp-json\/wp\/v2\/types\/page"}],"author":[{"embeddable":true,"href":"https:\/\/www.lomoro.nl\/de\/wp-json\/wp\/v2\/users\/7"}],"replies":[{"embeddable":true,"href":"https:\/\/www.lomoro.nl\/de\/wp-json\/wp\/v2\/comments?post=5541"}],"version-history":[{"count":0,"href":"https:\/\/www.lomoro.nl\/de\/wp-json\/wp\/v2\/pages\/5541\/revisions"}],"wp:attachment":[{"href":"https:\/\/www.lomoro.nl\/de\/wp-json\/wp\/v2\/media?parent=5541"}],"curies":[{"name":"wp","href":"https:\/\/api.w.org\/{rel}","templated":true}]}}