{"id":5589,"date":"2024-12-23T13:13:48","date_gmt":"2024-12-23T13:13:48","guid":{"rendered":"https:\/\/lomoro.nl\/?page_id=5589"},"modified":"2025-01-17T05:43:21","modified_gmt":"2025-01-17T05:43:21","slug":"terms-of-service","status":"publish","type":"page","link":"https:\/\/www.lomoro.nl\/de\/terms-of-service\/","title":{"rendered":"Allgemeine Gesch\u00e4ftsbedingungen"},"content":{"rendered":"<h2><strong><span>Willkommen bei Lomoro!<\/span><\/strong><\/h2>\n<p><span>Bitte lesen Sie diese Allgemeinen Gesch\u00e4ftsbedingungen (\u201eGesch\u00e4ftsbedingungen\u201c) sorgf\u00e4ltig durch, bevor Sie unsere Website nutzen oder Produkte von uns kaufen. Durch den Besuch unserer Website oder den Kauf von Produkten bei uns stimmen Sie diesen Bedingungen zu.<\/span><\/p>\n<p><strong><span>1. Akzeptanz der Bedingungen<\/span><\/strong><br \/>\n<span>Durch den Zugriff auf oder die Nutzung unserer Website erkl\u00e4ren Sie sich mit der Einhaltung dieser Bedingungen einverstanden und an sie gebunden. Wenn Sie mit irgendeinem Teil dieser Bedingungen nicht einverstanden sind, d\u00fcrfen Sie nicht auf die Website zugreifen oder unsere Dienste nutzen.<\/span><\/p>\n<p><strong><span>2. Produkte<\/span><\/strong><br \/>\n<span>a. Wir bem\u00fchen uns, die Farben und Spezifikationen unserer Produkte auf unserer Website genau darzustellen. Wir k\u00f6nnen jedoch nicht garantieren, dass der Bildschirm Ihres Ger\u00e4ts die Farben unserer Produkte korrekt anzeigt.<\/span><br \/>\n<span>B. Wir behalten uns das Recht vor, den Verkauf unserer Produkte auf Personen, geografische Regionen oder Gerichtsbarkeiten zu beschr\u00e4nken. Wir k\u00f6nnen dieses Recht nach unserem alleinigen Ermessen aus\u00fcben.<\/span><br \/>\n<span>C. Alle Produktbeschreibungen oder Produktpreise k\u00f6nnen ohne vorherige Ank\u00fcndigung und nach unserem alleinigen Ermessen ge\u00e4ndert werden.<\/span><br \/>\n<span>D. Wir behalten uns das Recht vor, jedes Produkt jederzeit einzustellen. Jedes auf dieser Website gemachte Angebot f\u00fcr ein Produkt ist ung\u00fcltig, sofern es verboten ist.<\/span><\/p>\n<p><strong><span>3. Preis und Zahlung<\/span><\/strong><br \/>\n<span>a. Alle auf unserer Website angezeigten Preise sind in der f\u00fcr Ihren Standort geltenden W\u00e4hrung angegeben und k\u00f6nnen ohne vorherige Ank\u00fcndigung ge\u00e4ndert werden.<\/span><br \/>\n<span>B. Wir behalten uns das Recht vor, jede Bestellung, die Sie bei uns aufgeben, abzulehnen. Wir k\u00f6nnen die Mengen pro Person, pro Haushalt oder pro Bestellung nach unserem alleinigen Ermessen begrenzen oder stornieren.<\/span><br \/>\n<span>C. Die Zahlung f\u00fcr alle Bestellungen ist zum Zeitpunkt des Kaufs f\u00e4llig. Wir akzeptieren verschiedene Zahlungsmethoden, einschlie\u00dflich, aber nicht beschr\u00e4nkt auf Kreditkarten, Debitkarten und PayPal.<\/span><br \/>\n<span>D. Indem Sie uns Zahlungsinformationen zur Verf\u00fcgung stellen, erkl\u00e4ren und garantieren Sie, dass Sie berechtigt sind, die angegebene Zahlungsmethode zu verwenden.<\/span><\/p>\n<p><strong><span>4. R\u00fcckgabe und R\u00fcckerstattung<\/span><\/strong><br \/>\n<span>a. Wir m\u00f6chten, dass Sie mit Ihrem Kauf rundum zufrieden sind. Sollten Sie aus irgendeinem Grund nicht zufrieden sein, lesen Sie bitte unsere R\u00fcckgabebedingungen auf unserer Website, um Informationen zur R\u00fccksendung von Artikeln zu erhalten.<\/span><br \/>\n<span>B. R\u00fcckerstattungen erfolgen nach Erhalt und Pr\u00fcfung der zur\u00fcckgegebenen Artikel mit der urspr\u00fcnglich f\u00fcr den Kauf verwendeten Zahlungsmethode.<\/span><\/p>\n<p><strong><span>5. Geistiges Eigentum<\/span><\/strong><br \/>\n<span>a. Alle auf unserer Website enthaltenen Inhalte, wie Texte, Grafiken, Logos, Bilder und Software, sind Eigentum von Lomoro und durch Urheberrechtsgesetze gesch\u00fctzt.<\/span><br \/>\n<span>B. Ohne unsere vorherige schriftliche Genehmigung ist es Ihnen nicht gestattet, Inhalte dieser Website zu reproduzieren, zu verbreiten, anzuzeigen oder zu \u00fcbertragen.<\/span><\/p>\n<p><strong><span>6. Haftungsbeschr\u00e4nkung<\/span><\/strong><br \/>\n<span>a. Lomoro, seine Direktoren, leitenden Angestellten, Mitarbeiter, Partner, Vertreter, Auftragnehmer, Praktikanten, Lieferanten, Dienstleister oder Lizenzgeber haften in keinem Fall f\u00fcr Sch\u00e4den, Verluste, Anspr\u00fcche oder andere direkte, indirekte oder zuf\u00e4llige Sch\u00e4den strafrechtliche, besondere oder Folgesch\u00e4den jeglicher Art.<\/span><\/p>\n<p><strong><span>7. Anwendbares Recht<\/span><\/strong><\/p>\n<p><span>a. Diese Bedingungen unterliegen den Gesetzen von [Ihrem Land], ohne R\u00fccksicht auf die Kollisionsnormen.<\/span><\/p>\n<p><strong><span>8. \u00c4nderungen der Bedingungen<\/span><\/strong><br \/>\n<span>a. Wir behalten uns das Recht vor, nach eigenem Ermessen Teile dieser Bedingungen zu aktualisieren, zu \u00e4ndern oder zu ersetzen, indem wir Aktualisierungen und \u00c4nderungen auf unserer Website ver\u00f6ffentlichen. Es liegt in Ihrer Verantwortung, unsere Website regelm\u00e4\u00dfig auf \u00c4nderungen zu \u00fcberpr\u00fcfen. Durch Ihre fortgesetzte Nutzung oder den Zugriff auf unsere Website oder den Service nach der Ver\u00f6ffentlichung von \u00c4nderungen an diesen Bedingungen akzeptieren Sie diese \u00c4nderungen.<\/span><\/p>\n<p><span>Durch die Nutzung unserer Website oder den Kauf von Produkten bei uns best\u00e4tigen Sie, dass Sie diese Allgemeinen Gesch\u00e4ftsbedingungen gelesen und verstanden haben und damit einverstanden sind, an sie gebunden zu sein.<\/span><\/p>\n","protected":false},"excerpt":{"rendered":"<p>Willkommen bei Lomoro! Bitte lesen Sie diese Allgemeinen Gesch\u00e4ftsbedingungen (\u201eGesch\u00e4ftsbedingungen\u201c) sorgf\u00e4ltig durch, bevor Sie unsere Website nutzen oder Produkte von uns kaufen. Durch den Besuch unserer Website oder den Kauf von Produkten bei uns stimmen Sie diesen Bedingungen zu. 1. Akzeptanz der Bedingungen Durch den Zugriff auf oder die Nutzung unserer Website erkl\u00e4ren Sie sich [&hellip;]<\/p>\n","protected":false},"author":7,"featured_media":0,"parent":0,"menu_order":0,"comment_status":"closed","ping_status":"closed","template":"","meta":{"_acf_changed":false,"footnotes":""},"class_list":["post-5589","page","type-page","status-publish","hentry"],"acf":[],"_links":{"self":[{"href":"https:\/\/www.lomoro.nl\/de\/wp-json\/wp\/v2\/pages\/5589","targetHints":{"allow":["GET"]}}],"collection":[{"href":"https:\/\/www.lomoro.nl\/de\/wp-json\/wp\/v2\/pages"}],"about":[{"href":"https:\/\/www.lomoro.nl\/de\/wp-json\/wp\/v2\/types\/page"}],"author":[{"embeddable":true,"href":"https:\/\/www.lomoro.nl\/de\/wp-json\/wp\/v2\/users\/7"}],"replies":[{"embeddable":true,"href":"https:\/\/www.lomoro.nl\/de\/wp-json\/wp\/v2\/comments?post=5589"}],"version-history":[{"count":0,"href":"https:\/\/www.lomoro.nl\/de\/wp-json\/wp\/v2\/pages\/5589\/revisions"}],"wp:attachment":[{"href":"https:\/\/www.lomoro.nl\/de\/wp-json\/wp\/v2\/media?parent=5589"}],"curies":[{"name":"wp","href":"https:\/\/api.w.org\/{rel}","templated":true}]}}