{"id":5601,"date":"2024-12-21T12:10:07","date_gmt":"2024-12-21T12:10:07","guid":{"rendered":"https:\/\/lomoro.nl\/?page_id=5601"},"modified":"2025-01-17T05:47:39","modified_gmt":"2025-01-17T05:47:39","slug":"terugbetalingsbeleid","status":"publish","type":"page","link":"https:\/\/www.lomoro.nl\/de\/terugbetalingsbeleid\/","title":{"rendered":"R\u00fcckerstattungsrichtlinie"},"content":{"rendered":"\t\t<div data-elementor-type=\"wp-page\" data-elementor-id=\"5601\" class=\"elementor elementor-5601 elementor-5597\" data-elementor-post-type=\"page\">\n\t\t\t\t<div class=\"elementor-element elementor-element-eed0d19 e-flex e-con-boxed e-con e-parent\" data-id=\"eed0d19\" data-element_type=\"container\" data-e-type=\"container\" data-settings=\"{&quot;background_background&quot;:&quot;classic&quot;}\">\n\t\t\t\t\t<div class=\"e-con-inner\">\n\t\t\t\t<div class=\"elementor-element elementor-element-9b25828 elementor-widget elementor-widget-heading\" data-id=\"9b25828\" data-element_type=\"widget\" data-e-type=\"widget\" data-widget_type=\"heading.default\">\n\t\t\t\t<div class=\"elementor-widget-container\">\n\t\t\t\t\t<h2 class=\"elementor-heading-title elementor-size-default\">Terugbetalingsbeleid<\/h2>\t\t\t\t<\/div>\n\t\t\t\t<\/div>\n\t\t\t\t\t<\/div>\n\t\t\t\t<\/div>\n\t\t<div class=\"elementor-element elementor-element-69a11ea e-flex e-con-boxed e-con e-parent\" data-id=\"69a11ea\" data-element_type=\"container\" data-e-type=\"container\">\n\t\t\t\t\t<div class=\"e-con-inner\">\n\t\t\t\t<div class=\"elementor-element elementor-element-5907152 elementor-widget elementor-widget-text-editor\" data-id=\"5907152\" data-element_type=\"widget\" data-e-type=\"widget\" data-widget_type=\"text-editor.default\">\n\t\t\t\t<div class=\"elementor-widget-container\">\n\t\t\t\t\t\t\t\t\tBij Lomoro streven we ernaar om pakken van hoge kwaliteit te leveren en uw tevredenheid bij elke aankoop te garanderen. Lees de volgende richtlijnen voor retourzendingen &#038; ruilen:\n\nRuilen geldig tot 30 dagen na aankoop. Ruilen alleen mogelijk bij fabricagefout.\n\nRetourneren geldig tot 14 dagen na aankoop. Retourneren is alleen mogelijk bij fabricagefouten.\t\t\t\t\t\t\t\t<\/div>\n\t\t\t\t<\/div>\n\t\t\t\t\t<\/div>\n\t\t\t\t<\/div>\n\t\t\t\t<\/div>\n\t\t","protected":false},"excerpt":{"rendered":"<p>Bei Lomoro sind wir bestrebt, qualitativ hochwertige Anz\u00fcge anzubieten und Ihre Zufriedenheit bei jedem Einkauf zu garantieren. Bitte lesen Sie die folgenden R\u00fcckgabe- und Umtauschrichtlinien: Umtausch g\u00fcltig f\u00fcr 30 Tage nach dem Kauf. Umtausch nur bei Herstellungsfehlern m\u00f6glich. R\u00fcckgaben sind bis zu 14 Tage nach dem Kauf g\u00fcltig. Eine R\u00fcckgabe ist nur bei Herstellungsfehlern m\u00f6glich.<\/p>\n","protected":false},"author":7,"featured_media":0,"parent":0,"menu_order":0,"comment_status":"closed","ping_status":"closed","template":"elementor_header_footer","meta":{"_acf_changed":false,"footnotes":""},"class_list":["post-5601","page","type-page","status-publish","hentry"],"acf":[],"_links":{"self":[{"href":"https:\/\/www.lomoro.nl\/de\/wp-json\/wp\/v2\/pages\/5601","targetHints":{"allow":["GET"]}}],"collection":[{"href":"https:\/\/www.lomoro.nl\/de\/wp-json\/wp\/v2\/pages"}],"about":[{"href":"https:\/\/www.lomoro.nl\/de\/wp-json\/wp\/v2\/types\/page"}],"author":[{"embeddable":true,"href":"https:\/\/www.lomoro.nl\/de\/wp-json\/wp\/v2\/users\/7"}],"replies":[{"embeddable":true,"href":"https:\/\/www.lomoro.nl\/de\/wp-json\/wp\/v2\/comments?post=5601"}],"version-history":[{"count":0,"href":"https:\/\/www.lomoro.nl\/de\/wp-json\/wp\/v2\/pages\/5601\/revisions"}],"wp:attachment":[{"href":"https:\/\/www.lomoro.nl\/de\/wp-json\/wp\/v2\/media?parent=5601"}],"curies":[{"name":"wp","href":"https:\/\/api.w.org\/{rel}","templated":true}]}}