{"id":10579,"date":"2025-07-24T09:32:44","date_gmt":"2025-07-24T09:32:44","guid":{"rendered":"https:\/\/www.lomoro.nl\/?post_type=product&#038;p=10579"},"modified":"2025-07-25T13:09:48","modified_gmt":"2025-07-25T13:09:48","slug":"olivgruene-regalia-hochzeitsanzuege","status":"publish","type":"product","link":"https:\/\/www.lomoro.nl\/de\/products\/olivgruene-regalia-hochzeitsanzuege\/","title":{"rendered":"Olivgr\u00fcne Regalia-Hochzeitsanz\u00fcge"},"content":{"rendered":"<p><span dir=\"auto\">Der\u00a0<\/span><b><span dir=\"auto\">olivgr\u00fcne Regalia Hochzeitsanzug\u00a0<\/span><\/b><span dir=\"auto\">von Lomoro ist f\u00fcr Br\u00e4utigame gedacht, die an ihrem gro\u00dfen Tag einen unverwechselbaren und stilvollen Look w\u00fcnschen. Der olivgr\u00fcne Farbton strahlt eine edle Ruhe aus, w\u00e4hrend die klassische Silhouette und die farbenfrohen Accessoires f\u00fcr modernes Flair sorgen.<\/span><\/p>\n<p><span dir=\"auto\">Dieser Anzug ist der Inbegriff italienischen Luxus mit klar definierter Passform, stilvollen Akzenten und nat\u00fcrlichen Stoffen. Er strahlt zeitlose Klasse aus und eignet sich sowohl f\u00fcr traditionelle als auch f\u00fcr moderne Hochzeiten. Die perfekte Wahl f\u00fcr den Br\u00e4utigam, der Eindruck machen m\u00f6chte, ohne \u00fcbertrieben zu wirken.<\/span><\/p>\n<table>\n<tbody>\n<tr>\n<td><b><span dir=\"auto\">Besonderheit<\/span><\/b><\/td>\n<td><b><span dir=\"auto\">Details<\/span><\/b><\/td>\n<\/tr>\n<tr>\n<td><b><span dir=\"auto\">Material<\/span><\/b><\/td>\n<td><span dir=\"auto\">Hochwertige Wollmischung mit atmungsaktiven Eigenschaften<\/span><\/td>\n<\/tr>\n<tr>\n<td><b><span dir=\"auto\">Farbe<\/span><\/b><\/td>\n<td><span dir=\"auto\">Olive<\/span><\/td>\n<\/tr>\n<tr>\n<td><b><span dir=\"auto\">Verf\u00fcgbare Gr\u00f6\u00dfen<\/span><\/b><\/td>\n<td><span dir=\"auto\">46 \u2013 62 (Sondergr\u00f6\u00dfen m\u00f6glich)<\/span><\/td>\n<\/tr>\n<tr>\n<td><b><span dir=\"auto\">Fit<\/span><\/b><\/td>\n<td><span dir=\"auto\">Schmale Passform \/ Ma\u00dfanfertigung<\/span><\/td>\n<\/tr>\n<tr>\n<td><b><span dir=\"auto\">Stil<\/span><\/b><\/td>\n<td><span dir=\"auto\">Klassisch mit modernen Details<\/span><\/td>\n<\/tr>\n<tr>\n<td><b><span dir=\"auto\">Wartung<\/span><\/b><\/td>\n<td><span dir=\"auto\">Professionelle chemische Reinigung empfohlen<\/span><\/td>\n<\/tr>\n<\/tbody>\n<\/table>\n","protected":false},"excerpt":{"rendered":"<p><b><span dir=\"auto\">Der olivgr\u00fcne Regalia Hochzeitsanzug\u00a0<\/span><\/b><span dir=\"auto\">ist ein Meisterwerk an Stil und Raffinesse und\u00a0<\/span><span dir=\"auto\">strahlt Klasse und Charakter aus. Mit seinem tiefen Olivgr\u00fcn, den spitzen Revers, der F\u00fcnf-Knopf-Weste und der perfekt dazu passenden Hose ist dieser Anzug f\u00fcr den Br\u00e4utigam geschaffen, der m\u00fchelos Eleganz und Pers\u00f6nlichkeit vereint. Das wei\u00dfe Hemd, kombiniert mit der detailreichen Paisley-Krawatte und dem Einstecktuch, sorgt f\u00fcr einen luxuri\u00f6sen Look.<\/span><\/p>\n<p>\u2702\ufe0f\u00a0<b><span dir=\"auto\">Ma\u00dfanfertigung\u00a0<\/span><\/b><span dir=\"auto\">, angepasst an Ihre K\u00f6rperform<\/span><\/p>\n<p>\ud83d\udc54\u00a0<b><span dir=\"auto\">Professionelle Stilberatung\u00a0<\/span><\/b><span dir=\"auto\">f\u00fcr einen einzigartigen Hochzeitslook<\/span><\/p>\n<p>\ud83e\uddf5\u00a0<b><span dir=\"auto\">Atmungsaktives Premium-Material\u00a0<\/span><\/b><span dir=\"auto\">f\u00fcr ultimativen Tragekomfort<\/span><\/p>\n<p>\ud83c\udfa8\u00a0<b><span dir=\"auto\">Tiefgr\u00fcne Eleganz\u00a0<\/span><\/b><span dir=\"auto\">, ideal f\u00fcr jede Jahreszeit<\/span><\/p>\n<p>\ud83c\udf81\u00a0<b><span dir=\"auto\">Erhalten Sie ein kostenloses Geschenk,\u00a0<\/span><\/b><span dir=\"auto\">wenn Sie unseren Shop besuchen!<\/span><\/p>\n","protected":false},"featured_media":10276,"template":"","meta":{"_acf_changed":false},"product_brand":[],"product_cat":[154],"product_tag":[],"class_list":{"0":"post-10579","1":"product","2":"type-product","3":"status-publish","4":"has-post-thumbnail","6":"product_cat-trouwpak-voor-mannen","8":"first","9":"instock","10":"sale","11":"shipping-taxable","12":"purchasable","13":"product-type-simple"},"acf":[],"_links":{"self":[{"href":"https:\/\/www.lomoro.nl\/de\/wp-json\/wp\/v2\/product\/10579","targetHints":{"allow":["GET"]}}],"collection":[{"href":"https:\/\/www.lomoro.nl\/de\/wp-json\/wp\/v2\/product"}],"about":[{"href":"https:\/\/www.lomoro.nl\/de\/wp-json\/wp\/v2\/types\/product"}],"wp:featuredmedia":[{"embeddable":true,"href":"https:\/\/www.lomoro.nl\/de\/wp-json\/wp\/v2\/media\/10276"}],"wp:attachment":[{"href":"https:\/\/www.lomoro.nl\/de\/wp-json\/wp\/v2\/media?parent=10579"}],"wp:term":[{"taxonomy":"product_brand","embeddable":true,"href":"https:\/\/www.lomoro.nl\/de\/wp-json\/wp\/v2\/product_brand?post=10579"},{"taxonomy":"product_cat","embeddable":true,"href":"https:\/\/www.lomoro.nl\/de\/wp-json\/wp\/v2\/product_cat?post=10579"},{"taxonomy":"product_tag","embeddable":true,"href":"https:\/\/www.lomoro.nl\/de\/wp-json\/wp\/v2\/product_tag?post=10579"}],"curies":[{"name":"wp","href":"https:\/\/api.w.org\/{rel}","templated":true}]}}