{"id":13003,"date":"2025-09-25T03:53:26","date_gmt":"2025-09-25T03:53:26","guid":{"rendered":"https:\/\/www.lomoro.nl\/products\/hellviolett-anzuege\/"},"modified":"2025-09-25T04:28:44","modified_gmt":"2025-09-25T04:28:44","slug":"hellviolett-anzuege","status":"publish","type":"product","link":"https:\/\/www.lomoro.nl\/de\/products\/hellviolett-anzuege\/","title":{"rendered":"hellviolett Anz\u00fcge"},"content":{"rendered":"","protected":false},"excerpt":{"rendered":"<p>Luxuri\u00f6ser Ma\u00dfanzug mit perfekter Passform. Dieser ma\u00dfgefertigte Anzug ist genau auf Ihre Passform zugeschnitten. Ideal f\u00fcr gesch\u00e4ftliche und festliche Anl\u00e4sse.  <\/p>\n","protected":false},"featured_media":13240,"template":"","meta":{"_acf_changed":false},"product_brand":[],"product_cat":[26],"product_tag":[],"class_list":{"0":"post-13003","1":"product","2":"type-product","3":"status-publish","4":"has-post-thumbnail","6":"product_cat-slim-fit-kostuums","8":"first","9":"instock","10":"sale","11":"shipping-taxable","12":"purchasable","13":"product-type-simple"},"acf":[],"_links":{"self":[{"href":"https:\/\/www.lomoro.nl\/de\/wp-json\/wp\/v2\/product\/13003","targetHints":{"allow":["GET"]}}],"collection":[{"href":"https:\/\/www.lomoro.nl\/de\/wp-json\/wp\/v2\/product"}],"about":[{"href":"https:\/\/www.lomoro.nl\/de\/wp-json\/wp\/v2\/types\/product"}],"wp:featuredmedia":[{"embeddable":true,"href":"https:\/\/www.lomoro.nl\/de\/wp-json\/wp\/v2\/media\/13240"}],"wp:attachment":[{"href":"https:\/\/www.lomoro.nl\/de\/wp-json\/wp\/v2\/media?parent=13003"}],"wp:term":[{"taxonomy":"product_brand","embeddable":true,"href":"https:\/\/www.lomoro.nl\/de\/wp-json\/wp\/v2\/product_brand?post=13003"},{"taxonomy":"product_cat","embeddable":true,"href":"https:\/\/www.lomoro.nl\/de\/wp-json\/wp\/v2\/product_cat?post=13003"},{"taxonomy":"product_tag","embeddable":true,"href":"https:\/\/www.lomoro.nl\/de\/wp-json\/wp\/v2\/product_tag?post=13003"}],"curies":[{"name":"wp","href":"https:\/\/api.w.org\/{rel}","templated":true}]}}