{"id":4057,"date":"2024-12-11T08:48:17","date_gmt":"2024-12-11T08:48:17","guid":{"rendered":"https:\/\/lomoro.nl\/?post_type=product&#038;p=4057"},"modified":"2025-01-03T10:45:12","modified_gmt":"2025-01-03T10:45:12","slug":"slim-fit-pak-1","status":"publish","type":"product","link":"https:\/\/www.lomoro.nl\/de\/products\/slim-fit-pak-1\/","title":{"rendered":"Dunkelblauer Slim-Fit-Anzug"},"content":{"rendered":"<p>Der dunkelblaue Slim-Fit-Anzug ist die perfekte Wahl f\u00fcr M\u00e4nner, die eine Kombination aus Eleganz und Komfort suchen. Die satte dunkelblaue Farbe bietet einen vielseitigen und zeitlosen Look, der f\u00fcr verschiedene Anl\u00e4sse geeignet ist. Dank seines schmalen Schnitts passt sich der Overall perfekt dem K\u00f6rper an und sorgt f\u00fcr eine stromlinienf\u00f6rmige Silhouette. Hochwertige Materialien sorgen f\u00fcr Atmungsaktivit\u00e4t und Flexibilit\u00e4t, sodass Sie sich den ganzen Tag \u00fcber wohl f\u00fchlen.<\/p>\n<p>Dieser Anzug besteht aus einem einreihigen Blazer, einer passenden Hose und dezenten Details wie elegantem Revers und sorgf\u00e4ltig verarbeiteten Kn\u00f6pfen. Ob Sie ein wichtiges Gesch\u00e4ftstreffen haben oder an einem besonderen Anlass teilnehmen m\u00f6chten, mit diesem dunkelblauen Anzug sehen Sie immer gut aus.<\/p>\n<table>\n<tbody>\n<tr>\n<td><b>Merkmal<\/b><\/td>\n<td><b>Details<\/b><\/td>\n<\/tr>\n<tr>\n<td><b>Material<\/b><\/td>\n<td><span style=\"font-weight: 400;\">Luxuri\u00f6se Wollmischung mit Stretch<\/span><\/td>\n<\/tr>\n<tr>\n<td><b>Farbe<\/b><\/td>\n<td><span style=\"font-weight: 400;\">Dunkelblau<\/span><\/td>\n<\/tr>\n<tr>\n<td><b>Verf\u00fcgbare Gr\u00f6\u00dfen<\/b><\/td>\n<td><span style=\"font-weight: 400;\">Kleine Gr\u00f6\u00dfen 46-62 \/ Gro\u00dfe Gr\u00f6\u00dfen 58-72<\/span><\/td>\n<\/tr>\n<tr>\n<td><b>Passform<\/b><\/td>\n<td><span style=\"font-weight: 400;\">Slim Fit f\u00fcr einen modernen Look<\/span><\/td>\n<\/tr>\n<tr>\n<td><b>Waschanleitung<\/b><\/td>\n<td><span style=\"font-weight: 400;\">Professionelle chemische Reinigung<\/span><\/td>\n<\/tr>\n<\/tbody>\n<\/table>\n","protected":false},"excerpt":{"rendered":"<p>Der dunkelblaue Anzug Slim Fit vereint moderne Eleganz mit bequemer Passform. Der tiefblaue Farbton strahlt Klasse aus und eignet sich sowohl f\u00fcr formelle als auch halbformelle Anl\u00e4sse.<\/p>\n<p>Dieses schlichte Design betont die Silhouette auf schmeichelhafte Weise und sorgt f\u00fcr einen edlen Look. Perfekt f\u00fcr Hochzeiten, Gesch\u00e4ftsveranstaltungen oder einen stilvollen Abend.<\/p>\n<p>\u2702\ufe0f Perfekte Passform, speziell f\u00fcr Dich gefertigt.<\/p>\n<p>\ud83d\udc54 Individuelle Beratung f\u00fcr Ihren einzigartigen Look.<\/p>\n<p>\ud83e\uddf5 Hochwertige Materialien f\u00fcr ultimativen Komfort.<\/p>\n<p>\ud83c\udfa8 Stilvoll f\u00fcr jeden Anlass.<\/p>\n<p>\ud83c\udf81 Genie\u00dfen Sie bei jedem Ladenbesuch ein kostenloses Geschenk!<\/p>\n","protected":false},"featured_media":1999,"template":"","meta":{"_acf_changed":false},"product_brand":[],"product_cat":[15],"product_tag":[],"class_list":{"0":"post-4057","1":"product","2":"type-product","3":"status-publish","4":"has-post-thumbnail","6":"product_cat-3-delig-kostuums","8":"first","9":"instock","10":"sale","11":"shipping-taxable","12":"purchasable","13":"product-type-simple"},"acf":[],"_links":{"self":[{"href":"https:\/\/www.lomoro.nl\/de\/wp-json\/wp\/v2\/product\/4057","targetHints":{"allow":["GET"]}}],"collection":[{"href":"https:\/\/www.lomoro.nl\/de\/wp-json\/wp\/v2\/product"}],"about":[{"href":"https:\/\/www.lomoro.nl\/de\/wp-json\/wp\/v2\/types\/product"}],"wp:featuredmedia":[{"embeddable":true,"href":"https:\/\/www.lomoro.nl\/de\/wp-json\/wp\/v2\/media\/1999"}],"wp:attachment":[{"href":"https:\/\/www.lomoro.nl\/de\/wp-json\/wp\/v2\/media?parent=4057"}],"wp:term":[{"taxonomy":"product_brand","embeddable":true,"href":"https:\/\/www.lomoro.nl\/de\/wp-json\/wp\/v2\/product_brand?post=4057"},{"taxonomy":"product_cat","embeddable":true,"href":"https:\/\/www.lomoro.nl\/de\/wp-json\/wp\/v2\/product_cat?post=4057"},{"taxonomy":"product_tag","embeddable":true,"href":"https:\/\/www.lomoro.nl\/de\/wp-json\/wp\/v2\/product_tag?post=4057"}],"curies":[{"name":"wp","href":"https:\/\/api.w.org\/{rel}","templated":true}]}}