{"id":4067,"date":"2024-12-11T08:43:22","date_gmt":"2024-12-11T08:43:22","guid":{"rendered":"https:\/\/lomoro.nl\/?post_type=product&#038;p=4067"},"modified":"2025-01-03T11:10:40","modified_gmt":"2025-01-03T11:10:40","slug":"slim-fit-pak","status":"publish","type":"product","link":"https:\/\/www.lomoro.nl\/de\/products\/slim-fit-pak\/","title":{"rendered":"Blauer Anzug f\u00fcr M\u00e4nner"},"content":{"rendered":"<p>Der schieferblaue Slim Fit-Anzug f\u00fcr Herren ist perfekt f\u00fcr Sie und f\u00fcr einen klassischen und eleganten Look konzipiert. Diese Anz\u00fcge sind aus hochwertigen Materialien gefertigt. W\u00e4hlen Sie aus einer Vielzahl von Farben und Mustern, einschlie\u00dflich unseres schieferblauen Slim Fit-Anzugs f\u00fcr Herren, der zu Ihrem Stil passt. Die beste Wahl sowohl f\u00fcr Gesch\u00e4ftstreffen als auch f\u00fcr formelle Anl\u00e4sse.<\/p>\n<p>Bekannt daf\u00fcr, \u00fcberall einen bleibenden Eindruck zu hinterlassen. Mit diesen Anz\u00fcgen wird Ihr schieferblauer Slim Fit-Anzug f\u00fcr Herren besser aussehen und Ihr Gesamterscheinungsbild wird erhaben sein. Diese Slim Fit-Anz\u00fcge f\u00fcr Herren sind die erste Wahl f\u00fcr jede Veranstaltung, sei es ein Gesch\u00e4ftstreffen oder ein formeller Anlass. Wir verstehen, dass die Auswahl des richtigen Artikels pers\u00f6nlich und manchmal herausfordernd sein kann. Lassen Sie es uns wissen und wir werden Ihr Erlebnis gerne verbessern.<\/p>\n<p>Der blaue Slim Fit-Anzug f\u00fcr Herren ist eine moderne Wahl f\u00fcr den stilbewussten Mann. Die elegante blaue Farbe bietet einen zeitlosen Look, der m\u00fchelos mit verschiedenen Hemden und Accessoires kombiniert werden kann. Das Slim Fit-Design betont den K\u00f6rper, w\u00e4hrend der hochwertige Stoff f\u00fcr Komfort und Atmungsaktivit\u00e4t sorgt. Perfekt f\u00fcr lange Tage oder besondere Anl\u00e4sse, ohne Kompromisse beim Stil einzugehen.<\/p>\n<p>Dieser Anzug besteht aus einem einreihigen Blazer mit modernem Revers, passender Hose und subtilen Details, die einen raffinierten Look schaffen. Mit seiner sorgf\u00e4ltig ausgearbeiteten Passform und der langlebigen Konstruktion ist dies eine Investition in Komfort und Mode, ideal f\u00fcr den Mann, der h\u00f6chste Anspr\u00fcche an seine Garderobe stellt.<\/p>\n<table>\n<tbody>\n<tr>\n<td><b>Merkmal<\/b><\/td>\n<td><b>Details<\/b><\/td>\n<\/tr>\n<tr>\n<td><b>Material<\/b><\/td>\n<td><span style=\"font-weight: 400;\">Luxuri\u00f6se Wollmischung mit Stretch<\/span><\/td>\n<\/tr>\n<tr>\n<td><b>Farbe<\/b><\/td>\n<td><span style=\"font-weight: 400;\">Tiefblau<\/span><\/td>\n<\/tr>\n<tr>\n<td><b>Verf\u00fcgbare Gr\u00f6\u00dfen<\/b><\/td>\n<td><span style=\"font-weight: 400;\">Kleine Gr\u00f6\u00dfen 46-62 \/ Gro\u00dfe Gr\u00f6\u00dfen 58-72<\/span><\/td>\n<\/tr>\n<tr>\n<td><b>Passform<\/b><\/td>\n<td><span style=\"font-weight: 400;\">Slim Fit f\u00fcr ein modernes Erscheinungsbild<\/span><\/td>\n<\/tr>\n<tr>\n<td><b>Waschanleitung<\/b><\/td>\n<td><span style=\"font-weight: 400;\">Professionelle chemische Reinigung<\/span><\/td>\n<\/tr>\n<\/tbody>\n<\/table>\n","protected":false},"excerpt":{"rendered":"<div class=\"product__tax caption rte\">\n<p>Der blaue Slim-Fit-Anzug f\u00fcr Herren bietet eine perfekte Kombination aus modernem Stil und Komfort. Der tiefblaue Farbton strahlt Eleganz aus und eignet sich ideal f\u00fcr Gesch\u00e4ftstreffen, Hochzeiten und andere formelle Anl\u00e4sse.<\/p>\n<p>Mit seiner schmalen Passform und der hochwertigen Verarbeitung sorgt dieser Anzug f\u00fcr einen souver\u00e4nen Auftritt. Das vielseitige Design passt zu einer Vielzahl von Accessoires und l\u00e4sst Sie bei jedem Anlass stilvoll aussehen.<\/p>\n<p>\u2702\ufe0f Perfekte Passform, speziell f\u00fcr Dich gefertigt.<\/p>\n<p>\ud83d\udc54 Individuelle Beratung f\u00fcr Ihren einzigartigen Look.<\/p>\n<p>\ud83e\uddf5 Hochwertige Materialien f\u00fcr ultimativen Komfort.<\/p>\n<p>\ud83c\udfa8 Stilvoll f\u00fcr jeden Anlass.<\/p>\n<p>\ud83c\udf81 Genie\u00dfen Sie bei jedem Ladenbesuch ein kostenloses Geschenk!<\/p>\n<\/div>\n","protected":false},"featured_media":1996,"template":"","meta":{"_acf_changed":false},"product_brand":[],"product_cat":[15,146],"product_tag":[],"class_list":{"0":"post-4067","1":"product","2":"type-product","3":"status-publish","4":"has-post-thumbnail","6":"product_cat-3-delig-kostuums","7":"product_cat-slim-fit-kostuums","9":"first","10":"instock","11":"sale","12":"shipping-taxable","13":"purchasable","14":"product-type-simple"},"acf":[],"_links":{"self":[{"href":"https:\/\/www.lomoro.nl\/de\/wp-json\/wp\/v2\/product\/4067","targetHints":{"allow":["GET"]}}],"collection":[{"href":"https:\/\/www.lomoro.nl\/de\/wp-json\/wp\/v2\/product"}],"about":[{"href":"https:\/\/www.lomoro.nl\/de\/wp-json\/wp\/v2\/types\/product"}],"wp:featuredmedia":[{"embeddable":true,"href":"https:\/\/www.lomoro.nl\/de\/wp-json\/wp\/v2\/media\/1996"}],"wp:attachment":[{"href":"https:\/\/www.lomoro.nl\/de\/wp-json\/wp\/v2\/media?parent=4067"}],"wp:term":[{"taxonomy":"product_brand","embeddable":true,"href":"https:\/\/www.lomoro.nl\/de\/wp-json\/wp\/v2\/product_brand?post=4067"},{"taxonomy":"product_cat","embeddable":true,"href":"https:\/\/www.lomoro.nl\/de\/wp-json\/wp\/v2\/product_cat?post=4067"},{"taxonomy":"product_tag","embeddable":true,"href":"https:\/\/www.lomoro.nl\/de\/wp-json\/wp\/v2\/product_tag?post=4067"}],"curies":[{"name":"wp","href":"https:\/\/api.w.org\/{rel}","templated":true}]}}