{"id":4072,"date":"2024-12-09T12:25:44","date_gmt":"2024-12-09T12:25:44","guid":{"rendered":"https:\/\/lomoro.nl\/?post_type=product&#038;p=4072"},"modified":"2025-01-03T11:23:20","modified_gmt":"2025-01-03T11:23:20","slug":"3-delig-pak-23","status":"publish","type":"product","link":"https:\/\/www.lomoro.nl\/de\/products\/3-delig-pak-23\/","title":{"rendered":"Marineblauer dreiteiliger Anzug"},"content":{"rendered":"<p>Der dreiteilige Anzug in Marineblau vereint zeitlose Eleganz mit moderner Raffinesse. Mit einem tiefen Marineblauton und einer schlanken Silhouette ist dieser Anzug die perfekte Wahl f\u00fcr formelle Veranstaltungen, Hochzeiten oder gesch\u00e4ftliche Anl\u00e4sse. Es bietet ultimativen Komfort, ohne auf Stil zu verzichten, sodass Sie selbstbewusst und professionell aussehen.<\/p>\n<p>Der dreiteilige Anzug in Marineblau besteht aus einem einreihigen Blazer, einer passenden Weste und einer klassischen Hose. Die elegante Marineblau-Farbe strahlt Klasse und Vielseitigkeit aus und l\u00e4sst sich leicht mit verschiedenen Hemden und Accessoires kombinieren. Dieser aus hochwertigen Materialien gefertigte Anzug bietet lang anhaltenden Komfort und einen eleganten, professionellen Look. Durch das moderne Design eignet es sich sowohl f\u00fcr formelle als auch semi-formelle Umgebungen.<\/p>\n<table>\n<tbody>\n<tr>\n<td><b>Merkmal<\/b><\/td>\n<td><b>Details<\/b><\/td>\n<\/tr>\n<tr>\n<td><b>Material<\/b><\/td>\n<td><span style=\"font-weight: 400;\">Hochwertige Wollmischung<\/span><\/td>\n<\/tr>\n<tr>\n<td><b>Farbe<\/b><\/td>\n<td><span style=\"font-weight: 400;\">Tiefes Marineblau<\/span><\/td>\n<\/tr>\n<tr>\n<td><b>Verf\u00fcgbare Gr\u00f6\u00dfen<\/b><\/td>\n<td><span style=\"font-weight: 400;\">Kleine Gr\u00f6\u00dfen 46-62 \/ Gro\u00dfe Gr\u00f6\u00dfen 58-72<\/span><\/td>\n<\/tr>\n<tr>\n<td><b>Passform<\/b><\/td>\n<td><span style=\"font-weight: 400;\">Slim Fit f\u00fcr einen zeitgem\u00e4\u00dfen Look<\/span><\/td>\n<\/tr>\n<tr>\n<td><b>Pflegehinweise<\/b><\/td>\n<td><span style=\"font-weight: 400;\">Professionelle chemische Reinigung<\/span><\/td>\n<\/tr>\n<\/tbody>\n<\/table>\n<p>&nbsp;<\/p>\n","protected":false},"excerpt":{"rendered":"<p>Der dreiteilige marineblaue Anzug von Lomoro ist ein raffiniertes Ensemble, bestehend aus einem ma\u00dfgeschneiderten Blazer, einer passenden Weste und einer klassischen Hose. Dieser Anzug bietet sowohl Stil als auch Komfort und eignet sich ideal f\u00fcr formelle Anl\u00e4sse wie Hochzeiten, Gesch\u00e4ftstreffen oder besondere Anl\u00e4sse. Aus hochwertigen Materialien gefertigt, sorgt es f\u00fcr ein angenehmes Tragegef\u00fchl und ein elegantes Erscheinungsbild. Der Slim-Fit-Schnitt betont die K\u00f6rperform, w\u00e4hrend die marineblaue Farbe f\u00fcr einen zeitlosen und modernen Look sorgt. Erh\u00e4ltlich in Gr\u00f6\u00dfen bis einschlie\u00dflich 72, sodass der Anzug f\u00fcr verschiedene K\u00f6rpertypen geeignet ist.<\/p>\n<p>\u2702\ufe0f Perfekte Passform, speziell f\u00fcr Dich gefertigt.<\/p>\n<p>\ud83d\udc54 Individuelle Beratung f\u00fcr Ihren einzigartigen Look.<\/p>\n<p>\ud83e\uddf5 Hochwertige Materialien f\u00fcr ultimativen Komfort.<\/p>\n<p>\ud83c\udfa8 Stilvoll f\u00fcr jeden Anlass.<\/p>\n<p>\ud83c\udf81 Genie\u00dfen Sie bei jedem Ladenbesuch ein kostenloses Geschenk!<\/p>\n","protected":false},"featured_media":1813,"template":"","meta":{"_acf_changed":false},"product_brand":[],"product_cat":[114],"product_tag":[],"class_list":{"0":"post-4072","1":"product","2":"type-product","3":"status-publish","4":"has-post-thumbnail","6":"product_cat-3-delig-kostuums","8":"first","9":"instock","10":"sale","11":"shipping-taxable","12":"purchasable","13":"product-type-simple"},"acf":[],"_links":{"self":[{"href":"https:\/\/www.lomoro.nl\/de\/wp-json\/wp\/v2\/product\/4072","targetHints":{"allow":["GET"]}}],"collection":[{"href":"https:\/\/www.lomoro.nl\/de\/wp-json\/wp\/v2\/product"}],"about":[{"href":"https:\/\/www.lomoro.nl\/de\/wp-json\/wp\/v2\/types\/product"}],"wp:featuredmedia":[{"embeddable":true,"href":"https:\/\/www.lomoro.nl\/de\/wp-json\/wp\/v2\/media\/1813"}],"wp:attachment":[{"href":"https:\/\/www.lomoro.nl\/de\/wp-json\/wp\/v2\/media?parent=4072"}],"wp:term":[{"taxonomy":"product_brand","embeddable":true,"href":"https:\/\/www.lomoro.nl\/de\/wp-json\/wp\/v2\/product_brand?post=4072"},{"taxonomy":"product_cat","embeddable":true,"href":"https:\/\/www.lomoro.nl\/de\/wp-json\/wp\/v2\/product_cat?post=4072"},{"taxonomy":"product_tag","embeddable":true,"href":"https:\/\/www.lomoro.nl\/de\/wp-json\/wp\/v2\/product_tag?post=4072"}],"curies":[{"name":"wp","href":"https:\/\/api.w.org\/{rel}","templated":true}]}}