{"id":4075,"date":"2024-12-07T08:47:56","date_gmt":"2024-12-07T08:47:56","guid":{"rendered":"https:\/\/lomoro.nl\/?post_type=product&#038;p=4075"},"modified":"2025-01-03T11:36:00","modified_gmt":"2025-01-03T11:36:00","slug":"trouwpak-2","status":"publish","type":"product","link":"https:\/\/www.lomoro.nl\/de\/products\/trouwpak-2\/","title":{"rendered":"Karamellbrauner Hochzeitsanzug"},"content":{"rendered":"<p>Der karamellbraune Hochzeitsanzug ist die ultimative Wahl f\u00fcr Br\u00e4utigame, die einen raffinierten, eleganten und bequemen Look suchen. Mit seinem klaren Schnitt und zeitlosen Design sorgt dieser Anzug daf\u00fcr, dass Sie an Ihrem besonderen Tag gl\u00e4nzen.<\/p>\n<p>Bei Lomoro sind wir stolz auf unsere hochwertigen Stoffe und unsere Handwerkskunst. Dieser Anzug ist vielseitig einsetzbar und eignet sich sowohl f\u00fcr klassische als auch f\u00fcr moderne Hochzeiten. Entdecken Sie die Raffinesse von Lomoro und erleben Sie einen perfekt ma\u00dfgeschneiderten Anzug, der Ihrem einzigartigen Stil und Ihren Bed\u00fcrfnissen entspricht.<\/p>\n<article class=\"w-full scroll-mb-[var(--thread-trailing-height,150px)] text-token-text-primary focus-visible:outline-2 focus-visible:outline-offset-[-4px] sm:AIPRM__conversation__response\" dir=\"auto\" data-testid=\"conversation-turn-115\" data-scroll-anchor=\"true\">\n<div class=\"m-auto text-base py-[18px] px-3 md:px-4 w-full md:px-5 lg:px-4 xl:px-5\">\n<div class=\"mx-auto flex flex-1 gap-4 text-base md:gap-5 lg:gap-6 md:max-w-3xl lg:max-w-[40rem] xl:max-w-[48rem]\">\n<div class=\"group\/conversation-turn relative flex w-full min-w-0 flex-col agent-turn\">\n<div class=\"flex-col gap-1 md:gap-3\">\n<div class=\"flex max-w-full flex-col flex-grow AIPRM__conversation__response\">\n<div class=\"min-h-8 text-message flex w-full flex-col items-end gap-2 whitespace-normal break-words text-start [.text-message+&amp;]:mt-5\" dir=\"auto\" data-message-author-role=\"assistant\" data-message-id=\"e6180ef2-c2f1-4480-964f-b2953b607646\" data-message-model-slug=\"gpt-4o\">\n<div class=\"flex w-full flex-col gap-1 empty:hidden first:pt-[3px]\">\n<div class=\"markdown prose w-full break-words dark:prose-invert light\">\n<table>\n<thead>\n<tr>\n<th>Merkmal<\/th>\n<th>Details<\/th>\n<\/tr>\n<\/thead>\n<tbody>\n<tr>\n<td>Material<\/td>\n<td>Hochwertige Stoffe<\/td>\n<\/tr>\n<tr>\n<td>Farbe<\/td>\n<td>Karamellbraun<\/td>\n<\/tr>\n<tr>\n<td>Verf\u00fcgbare Gr\u00f6\u00dfen<\/td>\n<td>Bis Gr\u00f6\u00dfe 72<\/td>\n<\/tr>\n<tr>\n<td>Passform<\/td>\n<td>Ma\u00dfgeschneidert f\u00fcr perfekte Passform<\/td>\n<\/tr>\n<tr>\n<td>Stil<\/td>\n<td>Klassisch mit modernen Akzenten<\/td>\n<\/tr>\n<tr>\n<td>Pflege<\/td>\n<td>Professionelle Reinigung empfohlen<\/td>\n<\/tr>\n<\/tbody>\n<\/table>\n<\/div>\n<\/div>\n<\/div>\n<\/div>\n<\/div>\n<\/div>\n<\/div>\n<\/div>\n<\/article>\n","protected":false},"excerpt":{"rendered":"<p>Der aus luxuri\u00f6sen Materialien gefertigte karamellbraune Hochzeitsanzug strahlt Eleganz und Komfort aus. Der Anzug besteht aus einem einreihigen Sakko mit fallendem Revers, einer Weste mit f\u00fcnf Kn\u00f6pfen und einer ma\u00dfgeschneiderten Hose. Die warme Farbe Karamellbraun, kombiniert mit einem schwarzen Hemd und einer Paisley-Krawatte, macht diesen Anzug perfekt f\u00fcr stilvolle, formelle Anl\u00e4sse. Perfekte Passform, speziell f\u00fcr Sie gefertigt. Individuelle Beratung f\u00fcr Ihren einzigartigen Look. Hochwertige Materialien f\u00fcr ultimativen Komfort. Stilvoll f\u00fcr jeden Anlass. Genie\u00dfen Sie bei jedem Ladenbesuch ein Gratisgeschenk!<\/p>\n<p>\u2702\ufe0f\u00a0 Perfekte Passform, speziell f\u00fcr Dich gefertigt.<br \/>\n\ud83d\udc54\u00a0 Pers\u00f6nliche Beratung f\u00fcr Ihren einzigartigen Look.<br \/>\n\ud83e\uddf5\u00a0 Hochwertige Materialien f\u00fcr ultimativen Komfort.<br \/>\n\ud83c\udfa8\u00a0 Elegant f\u00fcr alle Gelegenheiten.<br \/>\n\ud83c\udf81\u00a0 Freuen Sie sich bei jedem Besuch im Laden \u00fcber ein Gratisgeschenk!<\/p>\n<p>&nbsp;<\/p>\n","protected":false},"featured_media":1654,"template":"","meta":{"_acf_changed":false},"product_brand":[],"product_cat":[154],"product_tag":[],"class_list":{"0":"post-4075","1":"product","2":"type-product","3":"status-publish","4":"has-post-thumbnail","6":"product_cat-trouwpak-voor-mannen","8":"first","9":"instock","10":"sale","11":"shipping-taxable","12":"purchasable","13":"product-type-simple"},"acf":[],"_links":{"self":[{"href":"https:\/\/www.lomoro.nl\/de\/wp-json\/wp\/v2\/product\/4075","targetHints":{"allow":["GET"]}}],"collection":[{"href":"https:\/\/www.lomoro.nl\/de\/wp-json\/wp\/v2\/product"}],"about":[{"href":"https:\/\/www.lomoro.nl\/de\/wp-json\/wp\/v2\/types\/product"}],"wp:featuredmedia":[{"embeddable":true,"href":"https:\/\/www.lomoro.nl\/de\/wp-json\/wp\/v2\/media\/1654"}],"wp:attachment":[{"href":"https:\/\/www.lomoro.nl\/de\/wp-json\/wp\/v2\/media?parent=4075"}],"wp:term":[{"taxonomy":"product_brand","embeddable":true,"href":"https:\/\/www.lomoro.nl\/de\/wp-json\/wp\/v2\/product_brand?post=4075"},{"taxonomy":"product_cat","embeddable":true,"href":"https:\/\/www.lomoro.nl\/de\/wp-json\/wp\/v2\/product_cat?post=4075"},{"taxonomy":"product_tag","embeddable":true,"href":"https:\/\/www.lomoro.nl\/de\/wp-json\/wp\/v2\/product_tag?post=4075"}],"curies":[{"name":"wp","href":"https:\/\/api.w.org\/{rel}","templated":true}]}}