{"id":4085,"date":"2024-12-17T09:10:55","date_gmt":"2024-12-17T09:10:55","guid":{"rendered":"https:\/\/lomoro.nl\/?post_type=product&#038;p=4085"},"modified":"2025-01-14T11:12:40","modified_gmt":"2025-01-14T11:12:40","slug":"riem-3","status":"publish","type":"product","link":"https:\/\/www.lomoro.nl\/de\/products\/riem-3\/","title":{"rendered":"Schwarzer Lederg\u00fcrtel"},"content":{"rendered":"<p>Der schwarze Lederg\u00fcrtel ist eine perfekte Kombination aus Stil, Komfort und Haltbarkeit. Dieser aus hochwertigem Leder gefertigte G\u00fcrtel bietet einen sicheren Sitz und eine glatte Oberfl\u00e4che, die m\u00fchelos zu jedem Outfit passt. Ganz gleich, ob es sich um ein formelles Meeting oder einen l\u00e4ssigen Ausflug handelt, dieser G\u00fcrtel sorgt f\u00fcr einen eleganten Look, ohne auf Funktionalit\u00e4t zu verzichten.<\/p>\n<p>Die verstellbare L\u00e4nge und die stabile Metallschnalle sorgen daf\u00fcr, dass der G\u00fcrtel ganz einfach an Ihre perfekte Passform angepasst werden kann. Mit seiner klassischen schwarzen Farbe und seinem zeitlosen Design ist dieser Lederg\u00fcrtel ein unverzichtbares Accessoire f\u00fcr jede Garderobe.<\/p>\n<p>Here is the table translated into German:<\/p>\n<table>\n<thead>\n<tr>\n<th>Merkmal<\/th>\n<th>Details<\/th>\n<\/tr>\n<\/thead>\n<tbody>\n<tr>\n<td>Material<\/td>\n<td>Hochwertiges echtes Leder<\/td>\n<\/tr>\n<tr>\n<td>Farbe<\/td>\n<td>Schwarz<\/td>\n<\/tr>\n<tr>\n<td>L\u00e4nge<\/td>\n<td>Verstellbar bis 130 cm<\/td>\n<\/tr>\n<tr>\n<td>Verschluss<\/td>\n<td>Robuster Metallverschluss<\/td>\n<\/tr>\n<tr>\n<td>Stil<\/td>\n<td>Zeitlos und vielseitig<\/td>\n<\/tr>\n<\/tbody>\n<\/table>\n<p>&nbsp;<\/p>\n","protected":false},"excerpt":{"rendered":"<div class=\"product__tax caption rte\">Der Leather Black Belt vereint zeitloses Design mit hochwertiger Funktionalit\u00e4t. Dieser G\u00fcrtel eignet sich sowohl f\u00fcr formelle als auch f\u00fcr l\u00e4ssige Outfits und bietet einen vielseitigen Stil, der Ihren Look abrundet. Mit seiner robusten Lederkonstruktion und der klassischen schwarzen Farbe ist dieser G\u00fcrtel f\u00fcr den dauerhaften Gebrauch konzipiert. Verleihen Sie Ihrem Outfit mit diesem unverzichtbaren Accessoire einen Hauch von Eleganz. Perfekte Passform, speziell f\u00fcr Sie gefertigt.<\/div>\n<div>\n<p>\u2702\ufe0f Perfekte Passform, speziell f\u00fcr Dich gefertigt.<\/p>\n<p>\ud83d\udc54 Individuelle Beratung f\u00fcr Ihren einzigartigen Look.<\/p>\n<p>\ud83e\uddf5 Hochwertige Materialien f\u00fcr ultimativen Komfort.<\/p>\n<p>\ud83c\udfa8 Stilvoll f\u00fcr jeden Anlass.<\/p>\n<p>\ud83c\udf81 Genie\u00dfen Sie bei jedem Ladenbesuch ein kostenloses Geschenk!<\/p>\n<\/div>\n","protected":false},"featured_media":2776,"template":"","meta":{"_acf_changed":false},"product_brand":[],"product_cat":[144],"product_tag":[],"class_list":{"0":"post-4085","1":"product","2":"type-product","3":"status-publish","4":"has-post-thumbnail","6":"product_cat-riemen","8":"first","9":"instock","10":"sale","11":"shipping-taxable","12":"purchasable","13":"product-type-simple"},"acf":[],"_links":{"self":[{"href":"https:\/\/www.lomoro.nl\/de\/wp-json\/wp\/v2\/product\/4085","targetHints":{"allow":["GET"]}}],"collection":[{"href":"https:\/\/www.lomoro.nl\/de\/wp-json\/wp\/v2\/product"}],"about":[{"href":"https:\/\/www.lomoro.nl\/de\/wp-json\/wp\/v2\/types\/product"}],"wp:featuredmedia":[{"embeddable":true,"href":"https:\/\/www.lomoro.nl\/de\/wp-json\/wp\/v2\/media\/2776"}],"wp:attachment":[{"href":"https:\/\/www.lomoro.nl\/de\/wp-json\/wp\/v2\/media?parent=4085"}],"wp:term":[{"taxonomy":"product_brand","embeddable":true,"href":"https:\/\/www.lomoro.nl\/de\/wp-json\/wp\/v2\/product_brand?post=4085"},{"taxonomy":"product_cat","embeddable":true,"href":"https:\/\/www.lomoro.nl\/de\/wp-json\/wp\/v2\/product_cat?post=4085"},{"taxonomy":"product_tag","embeddable":true,"href":"https:\/\/www.lomoro.nl\/de\/wp-json\/wp\/v2\/product_tag?post=4085"}],"curies":[{"name":"wp","href":"https:\/\/api.w.org\/{rel}","templated":true}]}}