{"id":4089,"date":"2024-12-17T09:13:31","date_gmt":"2024-12-17T09:13:31","guid":{"rendered":"https:\/\/lomoro.nl\/?post_type=product&#038;p=4089"},"modified":"2025-01-14T11:04:53","modified_gmt":"2025-01-14T11:04:53","slug":"riem-2","status":"publish","type":"product","link":"https:\/\/www.lomoro.nl\/de\/products\/riem-2\/","title":{"rendered":"Brauner Schnalleng\u00fcrtel"},"content":{"rendered":"<p>Der braune Schnalleng\u00fcrtel ist eine unverwechselbare Erg\u00e4nzung Ihrer Garderobe. Dieser aus hochwertigem Leder gefertigte G\u00fcrtel bietet sowohl Haltbarkeit als auch Luxus. Die robuste Metallschnalle ist f\u00fcr eine lange Nutzungsdauer konzipiert, w\u00e4hrend die braune Farbe f\u00fcr einen warmen, klassischen Look sorgt, der sowohl zu formellen als auch zu l\u00e4ssigen Looks perfekt passt.<\/p>\n<p>Dieser G\u00fcrtel ist nicht nur stilvoll, sondern auch praktisch. Die verstellbare L\u00e4nge sorgt f\u00fcr einen bequemen und sicheren Sitz, w\u00e4hrend die stabile Konstruktion auch im t\u00e4glichen Gebrauch f\u00fcr Zuverl\u00e4ssigkeit sorgt. Erg\u00e4nzen Sie Ihre Sammlung um diesen vielseitigen G\u00fcrtel und erhalten Sie ein elegantes und funktionelles Accessoire, das viele Jahre lang Freude bereiten wird.<\/p>\n<p>Here is the table translated into German:<\/p>\n<table>\n<thead>\n<tr>\n<th>Merkmal<\/th>\n<th>Details<\/th>\n<\/tr>\n<\/thead>\n<tbody>\n<tr>\n<td>Material<\/td>\n<td>Hochwertiges Leder<\/td>\n<\/tr>\n<tr>\n<td>Farbe<\/td>\n<td>Zeitloses Braun<\/td>\n<\/tr>\n<tr>\n<td>L\u00e4nge<\/td>\n<td>Verstellbar bis 130 cm<\/td>\n<\/tr>\n<tr>\n<td>Verschluss<\/td>\n<td>Robuster Metallverschluss<\/td>\n<\/tr>\n<tr>\n<td>Stil<\/td>\n<td>Elegant und vielseitig<\/td>\n<\/tr>\n<\/tbody>\n<\/table>\n<p>&nbsp;<\/p>\n","protected":false},"excerpt":{"rendered":"<div class=\"product__tax caption rte\">Der braune Schnalleng\u00fcrtel bietet eine perfekte Balance zwischen Stil und Funktionalit\u00e4t. Das hochwertige Leder und die robuste Schnalle machen es zur idealen Wahl sowohl f\u00fcr den t\u00e4glichen Gebrauch als auch f\u00fcr besondere Anl\u00e4sse. Mit seinem eleganten Aussehen und seiner robusten Konstruktion verleiht dieser G\u00fcrtel jedem Outfit eine raffinierte Note. Die zeitlose braune Farbe sorgt daf\u00fcr, dass es sich m\u00fchelos an verschiedene Stile und Kleidungskombinationen anpasst.<\/div>\n<div>\n<p>\u2702\ufe0f Perfekte Passform, speziell f\u00fcr Dich gefertigt.<\/p>\n<p>\ud83d\udc54 Individuelle Beratung f\u00fcr Ihren einzigartigen Look.<\/p>\n<p>\ud83e\uddf5 Hochwertige Materialien f\u00fcr ultimativen Komfort.<\/p>\n<p>\ud83c\udfa8 Stilvoll f\u00fcr jeden Anlass.<\/p>\n<p>\ud83c\udf81 Genie\u00dfen Sie bei jedem Ladenbesuch ein kostenloses Geschenk!<\/p>\n<\/div>\n","protected":false},"featured_media":2779,"template":"","meta":{"_acf_changed":false},"product_brand":[],"product_cat":[144],"product_tag":[],"class_list":{"0":"post-4089","1":"product","2":"type-product","3":"status-publish","4":"has-post-thumbnail","6":"product_cat-riemen","8":"first","9":"instock","10":"sale","11":"shipping-taxable","12":"purchasable","13":"product-type-simple"},"acf":[],"_links":{"self":[{"href":"https:\/\/www.lomoro.nl\/de\/wp-json\/wp\/v2\/product\/4089","targetHints":{"allow":["GET"]}}],"collection":[{"href":"https:\/\/www.lomoro.nl\/de\/wp-json\/wp\/v2\/product"}],"about":[{"href":"https:\/\/www.lomoro.nl\/de\/wp-json\/wp\/v2\/types\/product"}],"wp:featuredmedia":[{"embeddable":true,"href":"https:\/\/www.lomoro.nl\/de\/wp-json\/wp\/v2\/media\/2779"}],"wp:attachment":[{"href":"https:\/\/www.lomoro.nl\/de\/wp-json\/wp\/v2\/media?parent=4089"}],"wp:term":[{"taxonomy":"product_brand","embeddable":true,"href":"https:\/\/www.lomoro.nl\/de\/wp-json\/wp\/v2\/product_brand?post=4089"},{"taxonomy":"product_cat","embeddable":true,"href":"https:\/\/www.lomoro.nl\/de\/wp-json\/wp\/v2\/product_cat?post=4089"},{"taxonomy":"product_tag","embeddable":true,"href":"https:\/\/www.lomoro.nl\/de\/wp-json\/wp\/v2\/product_tag?post=4089"}],"curies":[{"name":"wp","href":"https:\/\/api.w.org\/{rel}","templated":true}]}}