{"id":4093,"date":"2024-12-13T09:45:37","date_gmt":"2024-12-13T09:45:37","guid":{"rendered":"https:\/\/lomoro.nl\/?post_type=product&#038;p=4093"},"modified":"2025-01-03T12:04:50","modified_gmt":"2025-01-03T12:04:50","slug":"double-breasted-pak-2","status":"publish","type":"product","link":"https:\/\/www.lomoro.nl\/de\/products\/double-breasted-pak-2\/","title":{"rendered":"Dunkelblauer Zweireiher"},"content":{"rendered":"<p>Der dunkelblaue Zweireiher ist f\u00fcr M\u00e4nner gedacht, die bei formellen Anl\u00e4ssen, von Gesch\u00e4ftstreffen bis hin zu Partys und Galas, auffallen m\u00f6chten. Der Doppelknopfverschluss verleiht dem Anzug ein Element traditioneller Eleganz, w\u00e4hrend die moderne, schmale Passform dem Anzug einen zeitgem\u00e4\u00dfen Look verleiht. Die tiefblaue Farbe schafft die perfekte Balance zwischen Formalit\u00e4t und Stil und ist vielseitig genug, um sie zu fast jedem Anlass zu tragen. Dieser Anzug ist eine Investition in Stil und Komfort.<\/p>\n<p>Der sorgf\u00e4ltig ausgew\u00e4hlte Stoff des dunkelblauen Zweireiher-Anzugs sorgt nicht nur f\u00fcr einen luxuri\u00f6sen Look, sondern sorgt auch daf\u00fcr, dass Sie sich den ganzen Tag \u00fcber wohl f\u00fchlen. Die schmale Passform folgt den Linien des K\u00f6rpers, w\u00e4hrend die hohe Qualit\u00e4t des Materials daf\u00fcr sorgt, dass der Anzug auch nach l\u00e4ngerem Tragen seine Form beh\u00e4lt. Es ist ein Muss f\u00fcr den Mann, der seine Garderobe mit einer zeitlosen und eleganten Wahl bereichern m\u00f6chte.<\/p>\n<table>\n<tbody>\n<tr>\n<td><b>Merkmal<\/b><\/td>\n<td><b>Details<\/b><\/td>\n<\/tr>\n<tr>\n<td><b>Material<\/b><\/td>\n<td><span style=\"font-weight: 400;\">Luxuri\u00f6se Wollmischung mit atmungsaktiven Eigenschaften<\/span><\/td>\n<\/tr>\n<tr>\n<td><b>Farbe<\/b><\/td>\n<td><span style=\"font-weight: 400;\">Dunkelblau<\/span><\/td>\n<\/tr>\n<tr>\n<td><b>Verf\u00fcgbare Gr\u00f6\u00dfen<\/b><\/td>\n<td><span style=\"font-weight: 400;\">Kleine Gr\u00f6\u00dfen 46-62 \/ Gro\u00dfe Gr\u00f6\u00dfen 58-72<\/span><\/td>\n<\/tr>\n<tr>\n<td><b>Passform<\/b><\/td>\n<td><span style=\"font-weight: 400;\">Slim Fit<\/span><\/td>\n<\/tr>\n<tr>\n<td><b>Waschanleitung<\/b><\/td>\n<td><span style=\"font-weight: 400;\">Chemische Reinigung empfohlen<\/span><\/td>\n<\/tr>\n<\/tbody>\n<\/table>\n","protected":false},"excerpt":{"rendered":"<p>Der dunkelblaue Zweireiher ist die perfekte Wahl f\u00fcr den modernen Mann, der sowohl Stil als auch Eleganz ausstrahlen m\u00f6chte. Mit seinem klassischen Doppelknopfverschluss bietet dieser Anzug einen formellen Look, der nie aus der Mode kommt. Die tief dunkelblaue Farbe sorgt f\u00fcr einen raffinierten und zeitlosen Look, ideal f\u00fcr jeden Anlass.<\/p>\n<p>Die schmale Passform betont Ihre K\u00f6rperstruktur und sorgt f\u00fcr ein schlankes Erscheinungsbild. Dieser dunkelblaue Zweireiher ist aus hochwertigem Material gefertigt, sodass Sie unabh\u00e4ngig von der Veranstaltung nicht nur stilvoll, sondern auch bequem sind.<\/p>\n<p>\u2702\ufe0f Perfekte Passform, speziell f\u00fcr Dich gefertigt.<\/p>\n<p>\ud83d\udc54 Individuelle Beratung f\u00fcr Ihren einzigartigen Look.<\/p>\n<p>\ud83e\uddf5 Hochwertige Materialien f\u00fcr ultimativen Komfort.<\/p>\n<p>\ud83c\udfa8 Stilvoll f\u00fcr jeden Anlass.<\/p>\n<p>\ud83c\udf81 Genie\u00dfen Sie bei jedem Ladenbesuch ein kostenloses Geschenk!<\/p>\n","protected":false},"featured_media":2179,"template":"","meta":{"_acf_changed":false},"product_brand":[],"product_cat":[15,126],"product_tag":[],"class_list":{"0":"post-4093","1":"product","2":"type-product","3":"status-publish","4":"has-post-thumbnail","6":"product_cat-3-delig-kostuums","7":"product_cat-double-breasted-kostuums","9":"first","10":"instock","11":"sale","12":"shipping-taxable","13":"purchasable","14":"product-type-simple"},"acf":[],"_links":{"self":[{"href":"https:\/\/www.lomoro.nl\/de\/wp-json\/wp\/v2\/product\/4093","targetHints":{"allow":["GET"]}}],"collection":[{"href":"https:\/\/www.lomoro.nl\/de\/wp-json\/wp\/v2\/product"}],"about":[{"href":"https:\/\/www.lomoro.nl\/de\/wp-json\/wp\/v2\/types\/product"}],"wp:featuredmedia":[{"embeddable":true,"href":"https:\/\/www.lomoro.nl\/de\/wp-json\/wp\/v2\/media\/2179"}],"wp:attachment":[{"href":"https:\/\/www.lomoro.nl\/de\/wp-json\/wp\/v2\/media?parent=4093"}],"wp:term":[{"taxonomy":"product_brand","embeddable":true,"href":"https:\/\/www.lomoro.nl\/de\/wp-json\/wp\/v2\/product_brand?post=4093"},{"taxonomy":"product_cat","embeddable":true,"href":"https:\/\/www.lomoro.nl\/de\/wp-json\/wp\/v2\/product_cat?post=4093"},{"taxonomy":"product_tag","embeddable":true,"href":"https:\/\/www.lomoro.nl\/de\/wp-json\/wp\/v2\/product_tag?post=4093"}],"curies":[{"name":"wp","href":"https:\/\/api.w.org\/{rel}","templated":true}]}}