{"id":4103,"date":"2024-12-07T09:56:54","date_gmt":"2024-12-07T09:56:54","guid":{"rendered":"https:\/\/lomoro.nl\/?post_type=product&#038;p=4103"},"modified":"2025-01-03T12:40:38","modified_gmt":"2025-01-03T12:40:38","slug":"trouwpak-18","status":"publish","type":"product","link":"https:\/\/www.lomoro.nl\/de\/products\/trouwpak-18\/","title":{"rendered":"Weicher beige Hochzeitsanzug f\u00fcr Herren"},"content":{"rendered":"<p>Der Soft Beige Wedding Suit Men bietet eine perfekte Kombination aus Komfort und Eleganz, ideal f\u00fcr Br\u00e4utigame, die einen modernen und zeitlosen Look suchen. Dieser ma\u00dfgeschneiderte Anzug bietet eine einwandfreie Passform, wobei der Schwerpunkt auf hochwertiger Verarbeitung und subtilen Details liegt.<\/p>\n<p>Bei Lomoro streben wir bei jedem Kost\u00fcm nach Perfektion. Dieser beige Hochzeitsanzug ist nicht nur eine Investition in Stil, sondern auch in Komfort und Vielseitigkeit. Lassen Sie sich von der eleganten Optik begeistern und genie\u00dfen Sie einen Anzug, der ganz auf Ihre W\u00fcnsche zugeschnitten ist.<\/p>\n<article class=\"w-full scroll-mb-[var(--thread-trailing-height,150px)] text-token-text-primary focus-visible:outline-2 focus-visible:outline-offset-[-4px] sm:AIPRM__conversation__response\" dir=\"auto\" data-testid=\"conversation-turn-111\" data-scroll-anchor=\"false\">\n<div class=\"m-auto text-base py-[18px] px-3 md:px-4 w-full md:px-5 lg:px-4 xl:px-5\">\n<div class=\"mx-auto flex flex-1 gap-4 text-base md:gap-5 lg:gap-6 md:max-w-3xl lg:max-w-[40rem] xl:max-w-[48rem]\">\n<div class=\"group\/conversation-turn relative flex w-full min-w-0 flex-col agent-turn\">\n<div class=\"flex-col gap-1 md:gap-3\">\n<div class=\"flex max-w-full flex-col flex-grow AIPRM__conversation__response\">\n<div class=\"min-h-8 text-message flex w-full flex-col items-end gap-2 whitespace-normal break-words text-start [.text-message+&amp;]:mt-5\" dir=\"auto\" data-message-author-role=\"assistant\" data-message-id=\"782536f8-570e-4818-aab6-55fbe7997041\" data-message-model-slug=\"gpt-4o\">\n<div class=\"flex w-full flex-col gap-1 empty:hidden first:pt-[3px]\">\n<div class=\"markdown prose w-full break-words dark:prose-invert light\">\n<table>\n<thead>\n<tr>\n<th>Merkmal<\/th>\n<th>Details<\/th>\n<\/tr>\n<\/thead>\n<tbody>\n<tr>\n<td>Material<\/td>\n<td>Hochwertige Stoffe<\/td>\n<\/tr>\n<tr>\n<td>Farbe<\/td>\n<td>Beige<\/td>\n<\/tr>\n<tr>\n<td>Verf\u00fcgbare Gr\u00f6\u00dfen<\/td>\n<td>Kleine Gr\u00f6\u00dfen 46-62 \/ Gro\u00dfe Gr\u00f6\u00dfen 58-72<\/td>\n<\/tr>\n<tr>\n<td>Passform<\/td>\n<td>Ma\u00dfgeschneidert f\u00fcr perfekte Passform<\/td>\n<\/tr>\n<tr>\n<td>Stil<\/td>\n<td>Klassisch mit modernen Akzenten<\/td>\n<\/tr>\n<tr>\n<td>Pflege<\/td>\n<td>Professionelle Reinigung empfohlen<\/td>\n<\/tr>\n<\/tbody>\n<\/table>\n<\/div>\n<\/div>\n<\/div>\n<\/div>\n<\/div>\n<\/div>\n<\/div>\n<\/div>\n<\/article>\n","protected":false},"excerpt":{"rendered":"<p>Bringen Sie Stil und Eleganz an Ihrem Hochzeitstag mit dem Hochzeitsanzug f\u00fcr Herren in Soft Beige zusammen. Dieses Kost\u00fcm wurde mit hochwertigen Materialien und viel Liebe zum Detail entworfen und vereint Eleganz und Komfort. Der Anzug besteht aus einem einreihigen Zwei-Knopf-Blazer, einer modernen F\u00fcnf-Knopf-Weste und einer schmal geschnittenen Hose. F\u00fcr einen kompletten Look wird es mit einem elfenbeinfarbenen Hemd und einer Satinkrawatte gestylt, die den sanften Beigeton perfekt betonen. Perfekte Passform, speziell f\u00fcr Sie gefertigt. Individuelle Beratung f\u00fcr Ihren einzigartigen Look. Hochwertige Materialien f\u00fcr ultimativen Komfort. Stilvoll f\u00fcr jeden Anlass. Genie\u00dfen Sie bei jedem Ladenbesuch ein Gratisgeschenk!<\/p>\n<p>\u2702\ufe0f Perfekte Passform, speziell f\u00fcr Sie angefertigt.<\/p>\n<p>\ud83d\udc54 Individuelle Beratung f\u00fcr Ihren einzigartigen Look.<\/p>\n<p>\ud83e\uddf5 Hochwertige Materialien f\u00fcr h\u00f6chsten Tragekomfort.<\/p>\n<p>\ud83c\udfa8 Stilvoll f\u00fcr jeden Anlass.<\/p>\n<p>\ud83c\udf81 Freuen Sie sich bei jedem Store-Besuch \u00fcber ein Gratisgeschenk!<\/p>\n","protected":false},"featured_media":1720,"template":"","meta":{"_acf_changed":false},"product_brand":[],"product_cat":[154],"product_tag":[],"class_list":{"0":"post-4103","1":"product","2":"type-product","3":"status-publish","4":"has-post-thumbnail","6":"product_cat-trouwpak-voor-mannen","8":"first","9":"instock","10":"sale","11":"shipping-taxable","12":"purchasable","13":"product-type-simple"},"acf":[],"_links":{"self":[{"href":"https:\/\/www.lomoro.nl\/de\/wp-json\/wp\/v2\/product\/4103","targetHints":{"allow":["GET"]}}],"collection":[{"href":"https:\/\/www.lomoro.nl\/de\/wp-json\/wp\/v2\/product"}],"about":[{"href":"https:\/\/www.lomoro.nl\/de\/wp-json\/wp\/v2\/types\/product"}],"wp:featuredmedia":[{"embeddable":true,"href":"https:\/\/www.lomoro.nl\/de\/wp-json\/wp\/v2\/media\/1720"}],"wp:attachment":[{"href":"https:\/\/www.lomoro.nl\/de\/wp-json\/wp\/v2\/media?parent=4103"}],"wp:term":[{"taxonomy":"product_brand","embeddable":true,"href":"https:\/\/www.lomoro.nl\/de\/wp-json\/wp\/v2\/product_brand?post=4103"},{"taxonomy":"product_cat","embeddable":true,"href":"https:\/\/www.lomoro.nl\/de\/wp-json\/wp\/v2\/product_cat?post=4103"},{"taxonomy":"product_tag","embeddable":true,"href":"https:\/\/www.lomoro.nl\/de\/wp-json\/wp\/v2\/product_tag?post=4103"}],"curies":[{"name":"wp","href":"https:\/\/api.w.org\/{rel}","templated":true}]}}