{"id":4117,"date":"2024-12-07T09:21:05","date_gmt":"2024-12-07T09:21:05","guid":{"rendered":"https:\/\/lomoro.nl\/?post_type=product&#038;p=4117"},"modified":"2025-01-13T05:59:53","modified_gmt":"2025-01-13T05:59:53","slug":"trouwpak-10","status":"publish","type":"product","link":"https:\/\/www.lomoro.nl\/de\/products\/trouwpak-10\/","title":{"rendered":"Brauner Hochzeitsanzug"},"content":{"rendered":"<section id=\"shopify-section-template--23762923880771__rich_text_kx9yLB\" class=\"shopify-section section\">\n<div class=\"isolate\">\n<div class=\"rich-text content-container color-scheme-1 gradient rich-text--full-width content-container--full-width section-template--23762923880771__rich_text_kx9yLB-padding\">\n<div class=\"rich-text__wrapper rich-text__wrapper--left page-width\">\n<div class=\"rich-text__blocks left\">\n<div class=\"rich-text__text rte scroll-trigger animate--slide-in\" data-cascade=\"\">\n<p>Suchen Sie einen stilvollen und eleganten braunen Hochzeitsanzug? Lomoros Kollektion brauner Hochzeitsanz\u00fcge bietet die perfekte Balance zwischen Eleganz und Komfort. Jeder Anzug wird mit viel Liebe zum Detail und Pr\u00e4zision ma\u00dfgeschneidert, damit Sie an Ihrem gro\u00dfen Tag gro\u00dfartig aussehen. Egal, ob Sie sich f\u00fcr einen dunkelbraunen Hochzeitsanzug oder einen warmen Erdton entscheiden, Sie werden in einem raffinierten braunen Hochzeitsanzug gl\u00e4nzen, der Ihren Stil und Ihren einzigartigen Sinn f\u00fcr Mode widerspiegelt.<\/p>\n<p>Der braune Hochzeitsanzug ist f\u00fcr Br\u00e4utigame gedacht, die f\u00fcr ihren besonderen Tag ein anspruchsvolles und stilvolles Outfit suchen. Dieser ma\u00dfgeschneiderte Anzug bietet die perfekte Kombination aus Komfort und Eleganz. Die satte braune Farbpalette strahlt W\u00e4rme und Luxus aus und eignet sich daher sowohl f\u00fcr traditionelle als auch f\u00fcr moderne Hochzeiten.<\/p>\n<p>Mit dem braunen Hochzeitsanzug von Lomoro ist Ihnen ein zeitloser, stilvoller Look sicher, der die Zeit \u00fcberdauern wird. Lassen Sie sich von der Raffinesse und Handwerkskunst inspirieren, f\u00fcr die Lomoro bekannt ist.<\/p>\n<div class=\"react-scroll-to-bottom--css-kzsvc-1n7m0yu\">\n<div class=\"flex flex-col text-sm md:pb-9\">\n<article class=\"w-full scroll-mb-[var(--thread-trailing-height,150px)] text-token-text-primary focus-visible:outline-2 focus-visible:outline-offset-[-4px]\" dir=\"auto\" data-testid=\"conversation-turn-120\" data-scroll-anchor=\"false\">\n<div class=\"m-auto text-base py-[18px] px-3 md:px-4 w-full md:px-5 lg:px-4 xl:px-5\">\n<div class=\"mx-auto flex flex-1 gap-4 text-base md:gap-5 lg:gap-6 md:max-w-3xl lg:max-w-[40rem] xl:max-w-[48rem]\">\n<div class=\"group\/conversation-turn relative flex w-full min-w-0 flex-col\">\n<div class=\"flex-col gap-1 md:gap-3\">\n<div class=\"flex max-w-full flex-col flex-grow\">\n<div class=\"min-h-8 text-message flex w-full flex-col items-end gap-2 whitespace-normal break-words text-start [.text-message+&amp;]:mt-5\" dir=\"auto\" data-message-author-role=\"user\" data-message-id=\"aaa2045a-d750-49c6-81c8-071961f5a99e\">\n<div class=\"flex w-full flex-col gap-1 empty:hidden items-end rtl:items-start\">\n<div class=\"relative max-w-[var(--user-chat-width,70%)] rounded-3xl bg-token-message-surface px-5 py-2.5\">\n<div class=\"whitespace-pre-wrap\">Onderhoud Professionele reiniging aanbevolen.<\/div>\n<div><\/div>\n<\/div>\n<\/div>\n<\/div>\n<\/div>\n<\/div>\n<\/div>\n<\/div>\n<\/div>\n<\/article>\n<article class=\"w-full scroll-mb-[var(--thread-trailing-height,150px)] text-token-text-primary focus-visible:outline-2 focus-visible:outline-offset-[-4px] sm:AIPRM__conversation__response\" dir=\"auto\" data-testid=\"conversation-turn-121\" data-scroll-anchor=\"true\">\n<div class=\"m-auto text-base py-[18px] px-3 md:px-4 w-full md:px-5 lg:px-4 xl:px-5\">\n<div class=\"mx-auto flex flex-1 gap-4 text-base md:gap-5 lg:gap-6 md:max-w-3xl lg:max-w-[40rem] xl:max-w-[48rem]\">\n<div class=\"group\/conversation-turn relative flex w-full min-w-0 flex-col agent-turn\">\n<div class=\"flex-col gap-1 md:gap-3\">\n<div class=\"flex max-w-full flex-col flex-grow AIPRM__conversation__response\">\n<div class=\"min-h-8 text-message flex w-full flex-col items-end gap-2 whitespace-normal break-words text-start [.text-message+&amp;]:mt-5\" dir=\"auto\" data-message-author-role=\"assistant\" data-message-id=\"01098d90-2f61-4453-ad5a-bd947f4e5ba0\" data-message-model-slug=\"gpt-4o\">\n<div class=\"flex w-full flex-col gap-1 empty:hidden first:pt-[3px]\">\n<div class=\"markdown prose w-full break-words dark:prose-invert light\">\n<table>\n<thead>\n<tr>\n<th>Merkmal<\/th>\n<th>Details<\/th>\n<\/tr>\n<\/thead>\n<tbody>\n<tr>\n<td>Material<\/td>\n<td>Luxus- und langlebige Stoffe<\/td>\n<\/tr>\n<tr>\n<td>Farbe<\/td>\n<td>Tiefbraun<\/td>\n<\/tr>\n<tr>\n<td>Verf\u00fcgbare Gr\u00f6\u00dfen<\/td>\n<td>Bis Gr\u00f6\u00dfe 72<\/td>\n<\/tr>\n<tr>\n<td>Passform<\/td>\n<td>Slim-Fit, ma\u00dfgeschneidert<\/td>\n<\/tr>\n<tr>\n<td>Stil<\/td>\n<td>Klassisch mit modernem Touch<\/td>\n<\/tr>\n<tr>\n<td>Pflege<\/td>\n<td>Professionelle Reinigung empfohlen<\/td>\n<\/tr>\n<\/tbody>\n<\/table>\n<\/div>\n<\/div>\n<\/div>\n<\/div>\n<\/div>\n<\/div>\n<\/div>\n<\/div>\n<\/article>\n<\/div>\n<\/div>\n<\/div>\n<\/div>\n<\/div>\n<\/div>\n<\/div>\n<\/section>\n","protected":false},"excerpt":{"rendered":"<p>Der braune Hochzeitsanzug ist die perfekte Wahl f\u00fcr Br\u00e4utigame, die einen warmen, klassischen Look mit moderner Handwerkskunst kombinieren m\u00f6chten. Dieser elegante Anzug besteht aus einem einreihigen Sakko mit Drei-Knopf-Verschluss, einem Reverskragen, Pattentaschen mit Tickettasche und einer Leistentasche f\u00fcr ein Einstecktuch. Der passende Cardigan mit V-Ausschnitt hat vorne f\u00fcnf Kn\u00f6pfe, w\u00e4hrend die schmal geschnittene Hose \u00fcber taillierte Seiten, schr\u00e4ge Seitentaschen und eine einzelne Ges\u00e4\u00dftasche mit Knopfverschluss verf\u00fcgt. Dieser Anzug besteht aus hochwertigen Stoffen und bietet einen raffinierten, zeitlosen Look, ideal f\u00fcr formelle Anl\u00e4sse oder berufliche Anl\u00e4sse.<\/p>\n<p>\u2702\ufe0f Perfekte Passform, speziell f\u00fcr Dich gefertigt.<\/p>\n<p>\ud83d\udc54 Individuelle Beratung f\u00fcr Ihren einzigartigen Look.<\/p>\n<p>\ud83e\uddf5 Hochwertige Materialien f\u00fcr ultimativen Komfort.<\/p>\n<p>\ud83c\udfa8 Stilvoll f\u00fcr jeden Anlass.<\/p>\n<p>\ud83c\udf81 Genie\u00dfen Sie bei jedem Ladenbesuch ein kostenloses Geschenk!<\/p>\n","protected":false},"featured_media":1678,"template":"","meta":{"_acf_changed":false},"product_brand":[],"product_cat":[154],"product_tag":[],"class_list":{"0":"post-4117","1":"product","2":"type-product","3":"status-publish","4":"has-post-thumbnail","6":"product_cat-trouwpak-voor-mannen","8":"first","9":"instock","10":"sale","11":"shipping-taxable","12":"purchasable","13":"product-type-simple"},"acf":[],"_links":{"self":[{"href":"https:\/\/www.lomoro.nl\/de\/wp-json\/wp\/v2\/product\/4117","targetHints":{"allow":["GET"]}}],"collection":[{"href":"https:\/\/www.lomoro.nl\/de\/wp-json\/wp\/v2\/product"}],"about":[{"href":"https:\/\/www.lomoro.nl\/de\/wp-json\/wp\/v2\/types\/product"}],"wp:featuredmedia":[{"embeddable":true,"href":"https:\/\/www.lomoro.nl\/de\/wp-json\/wp\/v2\/media\/1678"}],"wp:attachment":[{"href":"https:\/\/www.lomoro.nl\/de\/wp-json\/wp\/v2\/media?parent=4117"}],"wp:term":[{"taxonomy":"product_brand","embeddable":true,"href":"https:\/\/www.lomoro.nl\/de\/wp-json\/wp\/v2\/product_brand?post=4117"},{"taxonomy":"product_cat","embeddable":true,"href":"https:\/\/www.lomoro.nl\/de\/wp-json\/wp\/v2\/product_cat?post=4117"},{"taxonomy":"product_tag","embeddable":true,"href":"https:\/\/www.lomoro.nl\/de\/wp-json\/wp\/v2\/product_tag?post=4117"}],"curies":[{"name":"wp","href":"https:\/\/api.w.org\/{rel}","templated":true}]}}