{"id":4125,"date":"2024-12-07T10:34:21","date_gmt":"2024-12-07T10:34:21","guid":{"rendered":"https:\/\/lomoro.nl\/?post_type=product&#038;p=4125"},"modified":"2025-01-13T06:14:27","modified_gmt":"2025-01-13T06:14:27","slug":"trouwpak-27","status":"publish","type":"product","link":"https:\/\/www.lomoro.nl\/de\/products\/trouwpak-27\/","title":{"rendered":"Hellgrauer Hochzeitsanzug"},"content":{"rendered":"<p><span>Der\u00a0<\/span><b><span>hellgraue Hochzeitsanzug\u00a0<\/span><\/b><span>von Lomoro ist ein Meisterwerk an Stil und Komfort, speziell f\u00fcr Br\u00e4utigame entworfen, die an ihrem Hochzeitstag gl\u00e4nzen m\u00f6chten. Der helle Grauton strahlt Subtilit\u00e4t und Eleganz aus, w\u00e4hrend die sorgf\u00e4ltig gestaltete Silhouette f\u00fcr eine perfekte Passform sorgt.<\/span><\/p>\n<p><span>Dieser ma\u00dfgeschneiderte Anzug kombiniert Handwerkskunst mit hochwertigen Stoffen und ist dadurch sowohl langlebig als auch stilvoll. Der hellgraue Hochzeitsanzug eignet sich sowohl f\u00fcr klassische als auch f\u00fcr moderne Hochzeitsthemen und bietet Vielseitigkeit und Klasse. Die jahrelange Erfahrung von Lomoro in Roosendaal garantiert ein Produkt, das den h\u00f6chsten Standards entspricht.<\/span><\/p>\n<table>\n<tbody>\n<tr>\n<td><b><span>Besonderheit<\/span><\/b><\/td>\n<td><b><span>Einzelheiten<\/span><\/b><\/td>\n<\/tr>\n<tr>\n<td><b><span>Material<\/span><\/b><\/td>\n<td><span>Hochwertige Stoffe<\/span><\/td>\n<\/tr>\n<tr>\n<td><b><span>Farbe<\/span><\/b><\/td>\n<td><span>Hellgrau<\/span><\/td>\n<\/tr>\n<tr>\n<td><b><span>Verf\u00fcgbare Gr\u00f6\u00dfen<\/span><\/b><\/td>\n<td><span>Bis Gr\u00f6\u00dfe 72<\/span><\/td>\n<\/tr>\n<tr>\n<td><b><span>Fit<\/span><\/b><\/td>\n<td><span>Ma\u00dfgeschneidert f\u00fcr eine perfekte Passform<\/span><\/td>\n<\/tr>\n<tr>\n<td><b><span>Stil<\/span><\/b><\/td>\n<td><span>Klassisch und modern<\/span><\/td>\n<\/tr>\n<tr>\n<td><b><span>Wartung<\/span><\/b><\/td>\n<td><span>Professionelle Reinigung empfohlen<\/span><\/td>\n<\/tr>\n<\/tbody>\n<\/table>\n<p>&nbsp;<\/p>\n<article class=\"w-full scroll-mb-[var(--thread-trailing-height,150px)] text-token-text-primary focus-visible:outline-2 focus-visible:outline-offset-[-4px] sm:AIPRM__conversation__response\" dir=\"auto\" data-testid=\"conversation-turn-121\" data-scroll-anchor=\"true\">\n<div class=\"m-auto text-base py-[18px] px-3 md:px-4 w-full md:px-5 lg:px-4 xl:px-5\">\n<div class=\"mx-auto flex flex-1 gap-4 text-base md:gap-5 lg:gap-6 md:max-w-3xl lg:max-w-[40rem] xl:max-w-[48rem]\">\n<div class=\"group\/conversation-turn relative flex w-full min-w-0 flex-col agent-turn\">\n<div class=\"flex-col gap-1 md:gap-3\">\n<div class=\"flex max-w-full flex-col flex-grow AIPRM__conversation__response\">\n<div class=\"min-h-8 text-message flex w-full flex-col items-end gap-2 whitespace-normal break-words text-start [.text-message+&amp;]:mt-5\" dir=\"auto\" data-message-author-role=\"assistant\" data-message-id=\"64433b5d-ea15-4f96-aa05-2484134a177f\" data-message-model-slug=\"gpt-4o\">\n<div class=\"flex w-full flex-col gap-1 empty:hidden first:pt-[3px]\"><\/div>\n<\/div>\n<\/div>\n<\/div>\n<\/div>\n<\/div>\n<\/div>\n<\/article>\n","protected":false},"excerpt":{"rendered":"<p><span>Der hellgraue Hochzeitsanzug bietet die perfekte Balance zwischen moderner Raffinesse und zeitloser Eleganz. Dieser stilvolle Anzug besteht aus einem einreihigen Blazer mit zwei Kn\u00f6pfen, einer zweireihigen Weste mit sechs Kn\u00f6pfen und einer passenden Hose. Die Weste hat einen eleganten V-Ausschnitt und dezente Pattentaschen, w\u00e4hrend die Hose eine enge Passform f\u00fcr optimalen Komfort bietet. In Kombination mit einem wei\u00dfen Hemd und einer silbernen Krawatte strahlt dieser Anzug Klasse und Vielseitigkeit aus und ist perfekt f\u00fcr jeden Br\u00e4utigam.<\/span><\/p>\n<p>\u2702\ufe0f<span>Perfekte Passform, speziell f\u00fcr Sie gefertigt.<\/span><\/p>\n<p>\ud83d\udc54<span>Individuelle Beratung f\u00fcr Ihren einzigartigen Look.<\/span><\/p>\n<p>\ud83e\uddf5<span>Hochwertige Materialien f\u00fcr ultimativen Komfort.<\/span><\/p>\n<p>\ud83c\udfa8<span>Stilvoll f\u00fcr jeden Anlass.<\/span><\/p>\n<p>\ud83c\udf81<span>Genie\u00dfen Sie bei jedem Ladenbesuch ein Gratisgeschenk!<\/span><\/p>\n","protected":false},"featured_media":1771,"template":"","meta":{"_acf_changed":false},"product_brand":[],"product_cat":[154],"product_tag":[],"class_list":{"0":"post-4125","1":"product","2":"type-product","3":"status-publish","4":"has-post-thumbnail","6":"product_cat-trouwpak-voor-mannen","8":"first","9":"instock","10":"sale","11":"shipping-taxable","12":"purchasable","13":"product-type-simple"},"acf":[],"_links":{"self":[{"href":"https:\/\/www.lomoro.nl\/de\/wp-json\/wp\/v2\/product\/4125","targetHints":{"allow":["GET"]}}],"collection":[{"href":"https:\/\/www.lomoro.nl\/de\/wp-json\/wp\/v2\/product"}],"about":[{"href":"https:\/\/www.lomoro.nl\/de\/wp-json\/wp\/v2\/types\/product"}],"wp:featuredmedia":[{"embeddable":true,"href":"https:\/\/www.lomoro.nl\/de\/wp-json\/wp\/v2\/media\/1771"}],"wp:attachment":[{"href":"https:\/\/www.lomoro.nl\/de\/wp-json\/wp\/v2\/media?parent=4125"}],"wp:term":[{"taxonomy":"product_brand","embeddable":true,"href":"https:\/\/www.lomoro.nl\/de\/wp-json\/wp\/v2\/product_brand?post=4125"},{"taxonomy":"product_cat","embeddable":true,"href":"https:\/\/www.lomoro.nl\/de\/wp-json\/wp\/v2\/product_cat?post=4125"},{"taxonomy":"product_tag","embeddable":true,"href":"https:\/\/www.lomoro.nl\/de\/wp-json\/wp\/v2\/product_tag?post=4125"}],"curies":[{"name":"wp","href":"https:\/\/api.w.org\/{rel}","templated":true}]}}