{"id":4128,"date":"2024-12-07T10:45:56","date_gmt":"2024-12-07T10:45:56","guid":{"rendered":"https:\/\/lomoro.nl\/?post_type=product&#038;p=4128"},"modified":"2025-01-03T19:25:32","modified_gmt":"2025-01-03T19:25:32","slug":"trouwpak-31","status":"publish","type":"product","link":"https:\/\/www.lomoro.nl\/de\/products\/trouwpak-31\/","title":{"rendered":"Karnevalskost\u00fcme"},"content":{"rendered":"<p>Mit den Karnevalskost\u00fcmen von Lomoro stehen Sie garantiert im Mittelpunkt der Feierlichkeiten. Unsere Anz\u00fcge bestehen aus hochwertigen Materialien und bieten sowohl Komfort als auch ein auff\u00e4lliges Aussehen. Ob Sie sich f\u00fcr ein klassisches Karnevalsdesign oder ein gewagteres Thema entscheiden, in unserer Kollektion ist f\u00fcr jeden etwas dabei.<\/p>\n<p>Lomoro ist Ihr zuverl\u00e4ssiger Partner in Roosendaal f\u00fcr ma\u00dfgeschneiderte Karnevalskost\u00fcme. Mit einem Fokus auf Qualit\u00e4t und Handwerkskunst sorgen wir daf\u00fcr, dass Ihr Karnevalskost\u00fcm nicht nur einzigartig, sondern auch bequem und langlebig ist. Setzen Sie mit unseren exklusiven Designs auf jeder Party ein Statement.<\/p>\n<div class=\"flex max-w-full flex-col flex-grow\">\n<div class=\"min-h-8 text-message flex w-full flex-col items-end gap-2 whitespace-normal break-words text-start [.text-message+&amp;]:mt-5\" dir=\"auto\" data-message-author-role=\"assistant\" data-message-id=\"bb63d5fa-c16d-4bb8-b3af-c4edf501be5d\" data-message-model-slug=\"gpt-4o\">\n<div class=\"flex w-full flex-col gap-1 empty:hidden first:pt-[3px]\">\n<div class=\"markdown prose w-full break-words dark:prose-invert light\">\n<table>\n<thead>\n<tr>\n<th><strong>Merkmal<\/strong><\/th>\n<th><strong>Details<\/strong><\/th>\n<\/tr>\n<\/thead>\n<tbody>\n<tr>\n<td><strong>Material<\/strong><\/td>\n<td>Hochwertige und farbenfrohe Stoffe<\/td>\n<\/tr>\n<tr>\n<td><strong>Farbe<\/strong><\/td>\n<td>Hellgrau<\/td>\n<\/tr>\n<tr>\n<td><strong>Verf\u00fcgbare Gr\u00f6\u00dfen<\/strong><\/td>\n<td>Von Gr\u00f6\u00dfe 46 bis Gr\u00f6\u00dfe 72<\/td>\n<\/tr>\n<tr>\n<td><strong>Passform<\/strong><\/td>\n<td>Ma\u00dfgeschneidert f\u00fcr optimalen Komfort<\/td>\n<\/tr>\n<tr>\n<td><strong>Stil<\/strong><\/td>\n<td>Kreativ und festlich<\/td>\n<\/tr>\n<tr>\n<td><strong>Pflege<\/strong><\/td>\n<td>Handw\u00e4sche oder professionelle Reinigung empfohlen<\/td>\n<\/tr>\n<\/tbody>\n<\/table>\n<\/div>\n<\/div>\n<\/div>\n<\/div>\n","protected":false},"excerpt":{"rendered":"<p>Feiern Sie Karneval stilvoll mit den exklusiven Karnevalskost\u00fcmen von Lomoro. Diese auff\u00e4lligen Outfits wurden speziell entwickelt, um Ihren festlichen Look auf die n\u00e4chste Stufe zu heben. Jedes Kost\u00fcm vereint Komfort mit einem verspielten, extravaganten Look. Perfekt f\u00fcr den Karnevalsfeiernden, der ein einzigartiges und hochwertiges Outfit sucht. Von leuchtenden Farben bis hin zu kreativen Designs \u2013 unsere Kost\u00fcme heben Sie von der Masse ab.<\/p>\n<p><span style=\"font-weight: 400;\">\u2702\ufe0f Perfekte Passform, speziell f\u00fcr Dich gefertigt.<\/span><\/p>\n<p><span style=\"font-weight: 400;\">\ud83d\udc54 Individuelle Beratung f\u00fcr Ihren einzigartigen Look.<\/span><\/p>\n<p><span style=\"font-weight: 400;\">\ud83e\uddf5 Hochwertige Materialien f\u00fcr ultimativen Komfort.<\/span><\/p>\n<p><span style=\"font-weight: 400;\">\ud83c\udfa8 Stilvoll f\u00fcr jeden Anlass.<\/span><\/p>\n<p><span style=\"font-weight: 400;\">\ud83c\udf81 Genie\u00dfen Sie bei jedem Ladenbesuch ein kostenloses Geschenk!<\/span><\/p>\n","protected":false},"featured_media":1786,"template":"","meta":{"_acf_changed":false},"product_brand":[],"product_cat":[154],"product_tag":[],"class_list":{"0":"post-4128","1":"product","2":"type-product","3":"status-publish","4":"has-post-thumbnail","6":"product_cat-trouwpak-voor-mannen","8":"first","9":"instock","10":"sale","11":"shipping-taxable","12":"purchasable","13":"product-type-simple"},"acf":[],"_links":{"self":[{"href":"https:\/\/www.lomoro.nl\/de\/wp-json\/wp\/v2\/product\/4128","targetHints":{"allow":["GET"]}}],"collection":[{"href":"https:\/\/www.lomoro.nl\/de\/wp-json\/wp\/v2\/product"}],"about":[{"href":"https:\/\/www.lomoro.nl\/de\/wp-json\/wp\/v2\/types\/product"}],"wp:featuredmedia":[{"embeddable":true,"href":"https:\/\/www.lomoro.nl\/de\/wp-json\/wp\/v2\/media\/1786"}],"wp:attachment":[{"href":"https:\/\/www.lomoro.nl\/de\/wp-json\/wp\/v2\/media?parent=4128"}],"wp:term":[{"taxonomy":"product_brand","embeddable":true,"href":"https:\/\/www.lomoro.nl\/de\/wp-json\/wp\/v2\/product_brand?post=4128"},{"taxonomy":"product_cat","embeddable":true,"href":"https:\/\/www.lomoro.nl\/de\/wp-json\/wp\/v2\/product_cat?post=4128"},{"taxonomy":"product_tag","embeddable":true,"href":"https:\/\/www.lomoro.nl\/de\/wp-json\/wp\/v2\/product_tag?post=4128"}],"curies":[{"name":"wp","href":"https:\/\/api.w.org\/{rel}","templated":true}]}}