{"id":4137,"date":"2024-12-13T09:36:17","date_gmt":"2024-12-13T09:36:17","guid":{"rendered":"https:\/\/lomoro.nl\/?post_type=product&#038;p=4137"},"modified":"2025-01-04T05:42:02","modified_gmt":"2025-01-04T05:42:02","slug":"double-breasted-pak-3","status":"publish","type":"product","link":"https:\/\/www.lomoro.nl\/de\/products\/double-breasted-pak-3\/","title":{"rendered":"Tiefgraues zweireihiges Kost\u00fcm"},"content":{"rendered":"<p>Der tiefgraue Zweireiher ist ein Must-Have f\u00fcr den Mann, der Eleganz und Modernit\u00e4t kombinieren m\u00f6chte. Der klassische Doppelknopfverschluss in Kombination mit dem satten, tiefen Grauton verleiht diesem Anzug einen zeitlosen Look, der f\u00fcr verschiedene formelle Anl\u00e4sse geeignet ist. Das Design sorgt f\u00fcr einen strukturierten Look, der den Mann st\u00e4rkt und gleichzeitig seine Figur betont. Egal, ob Sie an einem Gesch\u00e4ftstreffen oder einem festlichen Anlass teilnehmen, dieser Anzug bietet immer die perfekte Balance zwischen Stil und Professionalit\u00e4t.<\/p>\n<p>Der hochwertige Stoff dieses tiefgrauen Zweireiher-Anzugs bietet nicht nur einen luxuri\u00f6sen Look, sondern sorgt auch tags\u00fcber f\u00fcr Komfort. Die Slim-Fit-Passform liegt eng am K\u00f6rper an und sorgt f\u00fcr einen scharfen und stromlinienf\u00f6rmigen Look. Der Anzug wurde mit Liebe zum Detail entworfen, von den sorgf\u00e4ltig platzierten N\u00e4hten bis hin zu den polierten Kn\u00f6pfen, die ihm ein raffiniertes Finish verleihen. Die tiefgraue Farbpalette macht es vielseitig, sodass Sie es mit verschiedenen Accessoires und Hemden f\u00fcr einen einzigartigen Look kombinieren k\u00f6nnen.<\/p>\n<table>\n<tbody>\n<tr>\n<td><b>Merkmal<\/b><\/td>\n<td><b>Details<\/b><\/td>\n<\/tr>\n<tr>\n<td><b>Material<\/b><\/td>\n<td><span style=\"font-weight: 400;\">Wollmischung f\u00fcr einen Premium-Look<\/span><\/td>\n<\/tr>\n<tr>\n<td><b>Farbe<\/b><\/td>\n<td>Tiefgrau<\/td>\n<\/tr>\n<tr>\n<td><b>Verf\u00fcgbare Gr\u00f6\u00dfen<\/b><\/td>\n<td><span style=\"font-weight: 400;\">Bis Gr\u00f6\u00dfe 72<\/span><\/td>\n<\/tr>\n<tr>\n<td><b>Passform<\/b><\/td>\n<td><span style=\"font-weight: 400;\">Slim Fit f\u00fcr ein modernes Erscheinungsbild<\/span><\/td>\n<\/tr>\n<tr>\n<td><b>Waschanleitung<\/b><\/td>\n<td><span style=\"font-weight: 400;\">Nur professionelle chemische Reinigung<\/span><\/td>\n<\/tr>\n<\/tbody>\n<\/table>\n","protected":false},"excerpt":{"rendered":"<p>Der tiefgraue Zweireiher ist die ideale Wahl f\u00fcr den Mann, der einen eleganten und zeitlosen Look sucht. Der tiefe Grauton in Kombination mit dem klassischen Doppelknopfverschluss sorgt f\u00fcr einen raffinierten und selbstbewussten Look. Dieser Anzug eignet sich perfekt f\u00fcr formelle Anl\u00e4sse wie Hochzeiten oder Gesch\u00e4ftsveranstaltungen. Mit seiner schmalen Passform und dem sorgf\u00e4ltig ausgew\u00e4hlten Stoff bietet dieser tiefgraue Zweireiher sowohl Stil als auch Komfort. Das Design betont einen scharfen, modernen Look, der dem modebewussten Mann passt, der seine Garderobe mit einem vielseitigen, hochwertigen Anzug aufwerten m\u00f6chte.<\/p>\n<p>\u2702\ufe0f Perfekte Passform, speziell f\u00fcr Dich gefertigt.<\/p>\n<p>\ud83d\udc54 Individuelle Beratung f\u00fcr Ihren einzigartigen Look.<\/p>\n<p>\ud83e\uddf5 Hochwertige Materialien f\u00fcr ultimativen Komfort.<\/p>\n<p>\ud83c\udfa8 Stilvoll f\u00fcr jeden Anlass.<\/p>\n<p>\ud83c\udf81 Genie\u00dfen Sie bei jedem Ladenbesuch ein kostenloses Geschenk!<\/p>\n","protected":false},"featured_media":2170,"template":"","meta":{"_acf_changed":false},"product_brand":[],"product_cat":[126],"product_tag":[],"class_list":{"0":"post-4137","1":"product","2":"type-product","3":"status-publish","4":"has-post-thumbnail","6":"product_cat-double-breasted-kostuums","8":"first","9":"instock","10":"sale","11":"shipping-taxable","12":"purchasable","13":"product-type-simple"},"acf":[],"_links":{"self":[{"href":"https:\/\/www.lomoro.nl\/de\/wp-json\/wp\/v2\/product\/4137","targetHints":{"allow":["GET"]}}],"collection":[{"href":"https:\/\/www.lomoro.nl\/de\/wp-json\/wp\/v2\/product"}],"about":[{"href":"https:\/\/www.lomoro.nl\/de\/wp-json\/wp\/v2\/types\/product"}],"wp:featuredmedia":[{"embeddable":true,"href":"https:\/\/www.lomoro.nl\/de\/wp-json\/wp\/v2\/media\/2170"}],"wp:attachment":[{"href":"https:\/\/www.lomoro.nl\/de\/wp-json\/wp\/v2\/media?parent=4137"}],"wp:term":[{"taxonomy":"product_brand","embeddable":true,"href":"https:\/\/www.lomoro.nl\/de\/wp-json\/wp\/v2\/product_brand?post=4137"},{"taxonomy":"product_cat","embeddable":true,"href":"https:\/\/www.lomoro.nl\/de\/wp-json\/wp\/v2\/product_cat?post=4137"},{"taxonomy":"product_tag","embeddable":true,"href":"https:\/\/www.lomoro.nl\/de\/wp-json\/wp\/v2\/product_tag?post=4137"}],"curies":[{"name":"wp","href":"https:\/\/api.w.org\/{rel}","templated":true}]}}