{"id":4143,"date":"2024-12-13T09:31:05","date_gmt":"2024-12-13T09:31:05","guid":{"rendered":"https:\/\/lomoro.nl\/?post_type=product&#038;p=4143"},"modified":"2025-01-04T05:53:21","modified_gmt":"2025-01-04T05:53:21","slug":"double-breasted-pak-6","status":"publish","type":"product","link":"https:\/\/www.lomoro.nl\/de\/products\/double-breasted-pak-6\/","title":{"rendered":"Brauner Zweireiher Anzug"},"content":{"rendered":"<p>Der braune Zweireiher ist f\u00fcr den Mann entworfen, der klassische Eleganz mit einem modernen Touch sch\u00e4tzt. Das zweireihige Design betont die Raffinesse des Anzugs, w\u00e4hrend die satte braune Farbe f\u00fcr einen raffinierten und luxuri\u00f6sen Look sorgt. Dieser Anzug ist perfekt f\u00fcr formelle Anl\u00e4sse wie Hochzeiten, Gesch\u00e4ftsveranstaltungen oder stilvolle Abendpartys. Die detaillierte Verarbeitung und die Verwendung hochwertiger Materialien sorgen f\u00fcr Langlebigkeit und einen stilvollen Look.<\/p>\n<p>Der hochwertige Stoff des braunen Zweireihers bietet sowohl Atmungsaktivit\u00e4t als auch Komfort, auch bei l\u00e4ngeren Anl\u00e4ssen. Das Slim-Fit-Design sorgt f\u00fcr einen stromlinienf\u00f6rmigen und modernen Look, wodurch der Anzug sowohl elegant als auch bequem wirkt. Egal, ob Sie Ihren Business-Look aufwerten oder bei einem besonderen Anlass ein Statement setzen m\u00f6chten, dieser Anzug bietet die perfekte Balance zwischen Stil und Funktionalit\u00e4t.<\/p>\n<table>\n<tbody>\n<tr>\n<td><b>Merkmal<\/b><\/td>\n<td><b>Details<\/b><\/td>\n<\/tr>\n<tr>\n<td><b>Material<\/b><\/td>\n<td><span style=\"font-weight: 400;\">Wollmischung f\u00fcr einen Premium-Look<\/span><\/td>\n<\/tr>\n<tr>\n<td><b>Farbe<\/b><\/td>\n<td>Dunkelbraun<\/td>\n<\/tr>\n<tr>\n<td><b>Verf\u00fcgbare Gr\u00f6\u00dfen<\/b><\/td>\n<td><span style=\"font-weight: 400;\">Kleine Gr\u00f6\u00dfen 46-62 \/ Gro\u00dfe Gr\u00f6\u00dfen 58-72<\/span><\/td>\n<\/tr>\n<tr>\n<td><b>Passform<\/b><\/td>\n<td><span style=\"font-weight: 400;\">Slim Fit f\u00fcr ein modernes Erscheinungsbild<\/span><\/td>\n<\/tr>\n<tr>\n<td><b>Waschanleitung<\/b><\/td>\n<td><span style=\"font-weight: 400;\">Nur professionelle chemische Reinigung<\/span><\/td>\n<\/tr>\n<\/tbody>\n<\/table>\n<p>&nbsp;<\/p>\n","protected":false},"excerpt":{"rendered":"<p>Der braune Zweireiher ist die ideale Wahl f\u00fcr den modernen Mann, der Stil und Eleganz sch\u00e4tzt. Mit seinem klassischen Doppelknopfverschluss und dem satten Braunton eignet sich dieser Anzug sowohl f\u00fcr gesch\u00e4ftliche als auch f\u00fcr formelle Anl\u00e4sse. Es bietet einen zeitlosen Look, der sowohl elegant als auch professionell ist. Der Stoff dieses Anzugs sorgt f\u00fcr Komfort und Atmungsaktivit\u00e4t, sodass Sie nicht nur gut aussehen, sondern sich auch gut f\u00fchlen. Ob zur Hochzeit oder zu einem wichtigen Event, mit dem braunen Zweireiher stehen Sie immer im Rampenlicht.<\/p>\n<p>\u2702\ufe0f Perfekte Passform, speziell f\u00fcr Dich gefertigt.<\/p>\n<p>\ud83d\udc54 Individuelle Beratung f\u00fcr Ihren einzigartigen Look.<\/p>\n<p>\ud83e\uddf5 Hochwertige Materialien f\u00fcr ultimativen Komfort.<\/p>\n<p>\ud83c\udfa8 Stilvoll f\u00fcr jeden Anlass.<\/p>\n<p>\ud83c\udf81 Genie\u00dfen Sie bei jedem Ladenbesuch ein kostenloses Geschenk!<\/p>\n","protected":false},"featured_media":2164,"template":"","meta":{"_acf_changed":false},"product_brand":[],"product_cat":[15,126],"product_tag":[],"class_list":{"0":"post-4143","1":"product","2":"type-product","3":"status-publish","4":"has-post-thumbnail","6":"product_cat-3-delig-kostuums","7":"product_cat-double-breasted-kostuums","9":"first","10":"instock","11":"sale","12":"shipping-taxable","13":"purchasable","14":"product-type-simple"},"acf":[],"_links":{"self":[{"href":"https:\/\/www.lomoro.nl\/de\/wp-json\/wp\/v2\/product\/4143","targetHints":{"allow":["GET"]}}],"collection":[{"href":"https:\/\/www.lomoro.nl\/de\/wp-json\/wp\/v2\/product"}],"about":[{"href":"https:\/\/www.lomoro.nl\/de\/wp-json\/wp\/v2\/types\/product"}],"wp:featuredmedia":[{"embeddable":true,"href":"https:\/\/www.lomoro.nl\/de\/wp-json\/wp\/v2\/media\/2164"}],"wp:attachment":[{"href":"https:\/\/www.lomoro.nl\/de\/wp-json\/wp\/v2\/media?parent=4143"}],"wp:term":[{"taxonomy":"product_brand","embeddable":true,"href":"https:\/\/www.lomoro.nl\/de\/wp-json\/wp\/v2\/product_brand?post=4143"},{"taxonomy":"product_cat","embeddable":true,"href":"https:\/\/www.lomoro.nl\/de\/wp-json\/wp\/v2\/product_cat?post=4143"},{"taxonomy":"product_tag","embeddable":true,"href":"https:\/\/www.lomoro.nl\/de\/wp-json\/wp\/v2\/product_tag?post=4143"}],"curies":[{"name":"wp","href":"https:\/\/api.w.org\/{rel}","templated":true}]}}