{"id":4145,"date":"2024-12-13T09:26:59","date_gmt":"2024-12-13T09:26:59","guid":{"rendered":"https:\/\/lomoro.nl\/?post_type=product&#038;p=4145"},"modified":"2025-01-04T05:59:23","modified_gmt":"2025-01-04T05:59:23","slug":"double-breasted-pak","status":"publish","type":"product","link":"https:\/\/www.lomoro.nl\/de\/products\/double-breasted-pak\/","title":{"rendered":"Wei\u00dfer Zweireiher"},"content":{"rendered":"<p>Der wei\u00dfe Zweireiher ist eine ausgezeichnete Wahl f\u00fcr alle, die bei einem formellen Anlass einen auff\u00e4lligen Look suchen. Das zweireihige Design verleiht dem Anzug einen raffinierten Look, der perfekt f\u00fcr Hochzeiten, Gala-Dinner oder andere luxuri\u00f6se Veranstaltungen ist. Die helle, lebendige wei\u00dfe Farbe sorgt daf\u00fcr, dass Sie nicht nur auffallen, sondern auch ein Gef\u00fchl von Exklusivit\u00e4t und Klasse ausstrahlen. Die Details, wie die polierten Kn\u00f6pfe und die klaren Linien, tragen zur zeitlosen Eleganz bei, die dieser Anzug zu bieten hat.<\/p>\n<p>Der wei\u00dfe Zweireiher ist aus hochwertigen Materialien gefertigt, die sowohl Haltbarkeit als auch Atmungsaktivit\u00e4t bieten. Der Stoff f\u00fchlt sich nicht nur luxuri\u00f6s an, sondern bietet auch optimalen Komfort, selbst bei langen Veranstaltungen. Der Anzug hat eine perfekte Passform, die dem modernen Mann schmeichelt, und bietet einen eleganten, stromlinienf\u00f6rmigen Look. Egal, ob Sie Ihren Hochzeitstag feiern oder an einer formellen Gala teilnehmen, dieser Anzug bietet alles, was Sie brauchen, um gut auszusehen und sich selbstbewusst zu f\u00fchlen.<\/p>\n<table>\n<tbody>\n<tr>\n<td><b>Merkmal<\/b><\/td>\n<td><b>Details<\/b><\/td>\n<\/tr>\n<tr>\n<td><b>Material<\/b><\/td>\n<td><span style=\"font-weight: 400;\">Wollmischung f\u00fcr einen Premium-Look<\/span><\/td>\n<\/tr>\n<tr>\n<td><b>Farbe<\/b><\/td>\n<td>Strahlendes Wei\u00df<\/td>\n<\/tr>\n<tr>\n<td><b>Verf\u00fcgbare Gr\u00f6\u00dfen<\/b><\/td>\n<td><span style=\"font-weight: 400;\">Kleine Gr\u00f6\u00dfen 46-62 \/ Gro\u00dfe Gr\u00f6\u00dfen 58-72<\/span><\/td>\n<\/tr>\n<tr>\n<td><b>Passform<\/b><\/td>\n<td><span style=\"font-weight: 400;\">Slim Fit f\u00fcr ein modernes Erscheinungsbild<\/span><\/td>\n<\/tr>\n<tr>\n<td><b>Waschanleitung<\/b><\/td>\n<td><span style=\"font-weight: 400;\">Nur professionelle chemische Reinigung<\/span><\/td>\n<\/tr>\n<\/tbody>\n<\/table>\n","protected":false},"excerpt":{"rendered":"<p>Der wei\u00dfe Zweireiher ist der Inbegriff von Luxus und Raffinesse. Dieser Anzug ist f\u00fcr formelle Anl\u00e4sse konzipiert, bei denen Sie einen bleibenden Eindruck hinterlassen m\u00f6chten. Mit seinem klassischen Doppelknopfverschluss und der eleganten Verarbeitung strahlt es zeitlose Eleganz aus. Die enge Passform und die strahlend wei\u00dfe Farbe machen diesen Anzug perfekt f\u00fcr Hochzeiten, Galas und andere prestigetr\u00e4chtige Veranstaltungen. Es bietet sowohl Stil als auch Komfort und sorgt daf\u00fcr, dass Sie w\u00e4hrend der gesamten Veranstaltung gepflegt und gepflegt aussehen.<\/p>\n<p>\u2702\ufe0f Perfekte Passform, speziell f\u00fcr Dich gefertigt.<\/p>\n<p>\ud83d\udc54 Individuelle Beratung f\u00fcr Ihren einzigartigen Look.<\/p>\n<p>\ud83e\uddf5 Hochwertige Materialien f\u00fcr ultimativen Komfort.<\/p>\n<p>\ud83c\udfa8 Stilvoll f\u00fcr jeden Anlass.<\/p>\n<p>\ud83c\udf81 Genie\u00dfen Sie bei jedem Ladenbesuch ein kostenloses Geschenk!<\/p>\n","protected":false},"featured_media":3262,"template":"","meta":{"_acf_changed":false},"product_brand":[],"product_cat":[15,126],"product_tag":[],"class_list":{"0":"post-4145","1":"product","2":"type-product","3":"status-publish","4":"has-post-thumbnail","6":"product_cat-3-delig-kostuums","7":"product_cat-double-breasted-kostuums","9":"first","10":"instock","11":"sale","12":"shipping-taxable","13":"purchasable","14":"product-type-simple"},"acf":[],"_links":{"self":[{"href":"https:\/\/www.lomoro.nl\/de\/wp-json\/wp\/v2\/product\/4145","targetHints":{"allow":["GET"]}}],"collection":[{"href":"https:\/\/www.lomoro.nl\/de\/wp-json\/wp\/v2\/product"}],"about":[{"href":"https:\/\/www.lomoro.nl\/de\/wp-json\/wp\/v2\/types\/product"}],"wp:featuredmedia":[{"embeddable":true,"href":"https:\/\/www.lomoro.nl\/de\/wp-json\/wp\/v2\/media\/3262"}],"wp:attachment":[{"href":"https:\/\/www.lomoro.nl\/de\/wp-json\/wp\/v2\/media?parent=4145"}],"wp:term":[{"taxonomy":"product_brand","embeddable":true,"href":"https:\/\/www.lomoro.nl\/de\/wp-json\/wp\/v2\/product_brand?post=4145"},{"taxonomy":"product_cat","embeddable":true,"href":"https:\/\/www.lomoro.nl\/de\/wp-json\/wp\/v2\/product_cat?post=4145"},{"taxonomy":"product_tag","embeddable":true,"href":"https:\/\/www.lomoro.nl\/de\/wp-json\/wp\/v2\/product_tag?post=4145"}],"curies":[{"name":"wp","href":"https:\/\/api.w.org\/{rel}","templated":true}]}}