{"id":4169,"date":"2024-12-09T12:57:56","date_gmt":"2024-12-09T12:57:56","guid":{"rendered":"https:\/\/lomoro.nl\/?post_type=product&#038;p=4169"},"modified":"2025-01-04T07:22:34","modified_gmt":"2025-01-04T07:22:34","slug":"3-delig-pak-28","status":"publish","type":"product","link":"https:\/\/www.lomoro.nl\/de\/products\/3-delig-pak-28\/","title":{"rendered":"Dunkelgr\u00fcner dreiteiliger Anzug"},"content":{"rendered":"<p>Der tiefgr\u00fcne dreiteilige Anzug kombiniert klassische Eleganz mit einem modernen Look. Der tiefe, satte Gr\u00fcnton macht dieses Ensemble zu einer auff\u00e4lligen Wahl f\u00fcr alle, die etwas anderes als traditionelles Schwarz oder Blau wollen. Egal, ob Sie an einer Hochzeit, einem Gesch\u00e4ftstreffen oder einem besonderen Anlass teilnehmen, dieser Anzug bietet Stil, Komfort und Vielseitigkeit.<\/p>\n<p>Der dreiteilige Anzug in Deep Green besteht aus einem einreihigen Blazer, einer zweireihigen Weste und einer schmal geschnittenen Hose. Die subtilen Details und raffinierten Verarbeitungen machen den Anzug zu einem Meisterwerk der Handwerkskunst. Diese einzigartige gr\u00fcne Farbe strahlt Selbstbewusstsein und Luxus aus und l\u00e4sst sich perfekt mit neutralen Accessoires und Schuhen kombinieren.<\/p>\n<table>\n<tbody>\n<tr>\n<td><b>Merkmal<\/b><\/td>\n<td><b>Details<\/b><\/td>\n<\/tr>\n<tr>\n<td><b>Material<\/b><\/td>\n<td><span style=\"font-weight: 400;\">Luxuri\u00f6se Wollmischung<\/span><\/td>\n<\/tr>\n<tr>\n<td><b>Farbe<\/b><\/td>\n<td><span style=\"font-weight: 400;\">Tiefgr\u00fcn<\/span><\/td>\n<\/tr>\n<tr>\n<td><b>Verf\u00fcgbare Gr\u00f6\u00dfen<\/b><\/td>\n<td><span style=\"font-weight: 400;\">Kleine Gr\u00f6\u00dfen 46-62 \/ Gro\u00dfe Gr\u00f6\u00dfen 58-72<\/span><\/td>\n<\/tr>\n<tr>\n<td><b>Passform<\/b><\/td>\n<td><span style=\"font-weight: 400;\">Slim Fit f\u00fcr einen eleganten Look<\/span><\/td>\n<\/tr>\n<tr>\n<td><b>Waschanleitung<\/b><\/td>\n<td><span style=\"font-weight: 400;\">Professionelle chemische Reinigung<\/span><\/td>\n<\/tr>\n<\/tbody>\n<\/table>\n<p>&nbsp;<\/p>\n","protected":false},"excerpt":{"rendered":"<p>Der dreiteilige tiefgr\u00fcne Anzug von Lomoro ist ein raffiniertes Ensemble, bestehend aus einem ma\u00dfgeschneiderten Blazer, einer passenden Weste und einer klassischen Hose. Dieser Anzug bietet sowohl Stil als auch Komfort und eignet sich ideal f\u00fcr formelle Anl\u00e4sse wie Hochzeiten, Gesch\u00e4ftstreffen oder besondere Anl\u00e4sse. Aus hochwertigen Materialien gefertigt, sorgt es f\u00fcr ein angenehmes Tragegef\u00fchl und ein elegantes Erscheinungsbild. Der Slim-Fit-Schnitt betont die K\u00f6rperform, w\u00e4hrend die tiefgr\u00fcne Farbe f\u00fcr einen modernen und raffinierten Look sorgt. Erh\u00e4ltlich in Gr\u00f6\u00dfen bis einschlie\u00dflich 72, sodass der Anzug f\u00fcr verschiedene K\u00f6rpertypen geeignet ist.<\/p>\n<p>\u2702\ufe0f Perfekte Passform, speziell f\u00fcr Dich gefertigt.<\/p>\n<p>\ud83d\udc54 Individuelle Beratung f\u00fcr Ihren einzigartigen Look.<\/p>\n<p>\ud83e\uddf5 Hochwertige Materialien f\u00fcr ultimativen Komfort.<\/p>\n<p>\ud83c\udfa8 Stilvoll f\u00fcr jeden Anlass.<\/p>\n<p>\ud83c\udf81 Genie\u00dfen Sie bei jedem Ladenbesuch ein kostenloses Geschenk!<\/p>\n","protected":false},"featured_media":1828,"template":"","meta":{"_acf_changed":false},"product_brand":[],"product_cat":[114],"product_tag":[],"class_list":{"0":"post-4169","1":"product","2":"type-product","3":"status-publish","4":"has-post-thumbnail","6":"product_cat-3-delig-kostuums","8":"first","9":"instock","10":"sale","11":"shipping-taxable","12":"purchasable","13":"product-type-simple"},"acf":[],"_links":{"self":[{"href":"https:\/\/www.lomoro.nl\/de\/wp-json\/wp\/v2\/product\/4169","targetHints":{"allow":["GET"]}}],"collection":[{"href":"https:\/\/www.lomoro.nl\/de\/wp-json\/wp\/v2\/product"}],"about":[{"href":"https:\/\/www.lomoro.nl\/de\/wp-json\/wp\/v2\/types\/product"}],"wp:featuredmedia":[{"embeddable":true,"href":"https:\/\/www.lomoro.nl\/de\/wp-json\/wp\/v2\/media\/1828"}],"wp:attachment":[{"href":"https:\/\/www.lomoro.nl\/de\/wp-json\/wp\/v2\/media?parent=4169"}],"wp:term":[{"taxonomy":"product_brand","embeddable":true,"href":"https:\/\/www.lomoro.nl\/de\/wp-json\/wp\/v2\/product_brand?post=4169"},{"taxonomy":"product_cat","embeddable":true,"href":"https:\/\/www.lomoro.nl\/de\/wp-json\/wp\/v2\/product_cat?post=4169"},{"taxonomy":"product_tag","embeddable":true,"href":"https:\/\/www.lomoro.nl\/de\/wp-json\/wp\/v2\/product_tag?post=4169"}],"curies":[{"name":"wp","href":"https:\/\/api.w.org\/{rel}","templated":true}]}}