{"id":4175,"date":"2024-12-17T08:07:11","date_gmt":"2024-12-17T08:07:11","guid":{"rendered":"https:\/\/lomoro.nl\/?post_type=product&#038;p=4175"},"modified":"2025-01-14T10:02:52","modified_gmt":"2025-01-14T10:02:52","slug":"shirt-2","status":"publish","type":"product","link":"https:\/\/www.lomoro.nl\/de\/products\/shirt-2\/","title":{"rendered":"Blaues Hemd"},"content":{"rendered":"<p>Das blaue Hemd ist ein unverzichtbares Kleidungsst\u00fcck f\u00fcr jede Garderobe. Dank der tiefblauen Farbe und dem pr\u00e4zise verarbeiteten Design strahlt das Hemd Raffinesse und Professionalit\u00e4t aus. Durch den atmungsaktiven und weichen Stoff ist es f\u00fcr den Langzeitgebrauch geeignet, ohne Kompromisse bei Komfort oder Stil einzugehen.<\/p>\n<p>Perfekt kombinierbar mit einem Anzug f\u00fcr einen formellen Look oder mit Jeans f\u00fcr einen l\u00e4ssigen Look. Dieses vielseitige Hemd bietet endlose Stilm\u00f6glichkeiten und ist eine ausgezeichnete Wahl f\u00fcr die Arbeit, besondere Anl\u00e4sse oder ein stilvolles Alltagsoutfit.<\/p>\n<table>\n<tbody>\n<tr>\n<td><b>Merkmal<\/b><\/td>\n<td><b>Details<\/b><\/td>\n<\/tr>\n<tr>\n<td><b>Material<\/b><\/td>\n<td><span style=\"font-weight: 400;\">Luxus-Baumwollmischung<\/span><\/td>\n<\/tr>\n<tr>\n<td><b>Farbe<\/b><\/td>\n<td><span style=\"font-weight: 400;\">Blau<\/span><\/td>\n<\/tr>\n<tr>\n<td><b>Verf\u00fcgbare Gr\u00f6\u00dfen<\/b><\/td>\n<td><span style=\"font-weight: 400;\">S bis XXL<\/span><\/td>\n<\/tr>\n<tr>\n<td><b>Passform<\/b><\/td>\n<td><span style=\"font-weight: 400;\">Slim Fit<\/span><\/td>\n<\/tr>\n<tr>\n<td><b>Waschanleitung<\/b><\/td>\n<td><span style=\"font-weight: 400;\">Maschinenw\u00e4sche bei 30 Grad<\/span><\/td>\n<\/tr>\n<\/tbody>\n<\/table>\n<p>&nbsp;<\/p>\n","protected":false},"excerpt":{"rendered":"<div class=\"product__tax caption rte\">Das Blue Shirt vereint klassische Eleganz mit moderner Vielseitigkeit. Der tiefe Blauton und die schmale Passform machen dieses Hemd zur perfekten Wahl f\u00fcr formelle und ungezwungene Anl\u00e4sse. Es besteht aus hochwertigem Stoff und bietet Komfort und Stil, egal ob Sie es im B\u00fcro oder an einem entspannten Tag tragen. Verleihen Sie Ihrer Garderobe mit diesem zeitlosen St\u00fcck einen Hauch von Eleganz. Perfekte Passform, speziell f\u00fcr Sie gefertigt.<\/div>\n<div>\n<p>\u2702\ufe0f Perfekte Passform, speziell f\u00fcr Dich gefertigt.<\/p>\n<p>\ud83d\udc54 Individuelle Beratung f\u00fcr Ihren einzigartigen Look.<\/p>\n<p>\ud83e\uddf5 Hochwertige Materialien f\u00fcr ultimativen Komfort.<\/p>\n<p>\ud83c\udfa8 Stilvoll f\u00fcr jeden Anlass.<\/p>\n<p>\ud83c\udf81 Genie\u00dfen Sie bei jedem Ladenbesuch ein kostenloses Geschenk!<\/p>\n<\/div>\n","protected":false},"featured_media":15539,"template":"","meta":{"_acf_changed":false},"product_brand":[],"product_cat":[141],"product_tag":[],"class_list":{"0":"post-4175","1":"product","2":"type-product","3":"status-publish","4":"has-post-thumbnail","6":"product_cat-overhemden-collectie","8":"first","9":"instock","10":"sale","11":"shipping-taxable","12":"purchasable","13":"product-type-simple"},"acf":[],"_links":{"self":[{"href":"https:\/\/www.lomoro.nl\/de\/wp-json\/wp\/v2\/product\/4175","targetHints":{"allow":["GET"]}}],"collection":[{"href":"https:\/\/www.lomoro.nl\/de\/wp-json\/wp\/v2\/product"}],"about":[{"href":"https:\/\/www.lomoro.nl\/de\/wp-json\/wp\/v2\/types\/product"}],"wp:featuredmedia":[{"embeddable":true,"href":"https:\/\/www.lomoro.nl\/de\/wp-json\/wp\/v2\/media\/15539"}],"wp:attachment":[{"href":"https:\/\/www.lomoro.nl\/de\/wp-json\/wp\/v2\/media?parent=4175"}],"wp:term":[{"taxonomy":"product_brand","embeddable":true,"href":"https:\/\/www.lomoro.nl\/de\/wp-json\/wp\/v2\/product_brand?post=4175"},{"taxonomy":"product_cat","embeddable":true,"href":"https:\/\/www.lomoro.nl\/de\/wp-json\/wp\/v2\/product_cat?post=4175"},{"taxonomy":"product_tag","embeddable":true,"href":"https:\/\/www.lomoro.nl\/de\/wp-json\/wp\/v2\/product_tag?post=4175"}],"curies":[{"name":"wp","href":"https:\/\/api.w.org\/{rel}","templated":true}]}}