{"id":4181,"date":"2024-12-11T10:33:53","date_gmt":"2024-12-11T10:33:53","guid":{"rendered":"https:\/\/lomoro.nl\/?post_type=product&#038;p=4181"},"modified":"2025-01-04T07:50:54","modified_gmt":"2025-01-04T07:50:54","slug":"slim-fit-pak-8","status":"publish","type":"product","link":"https:\/\/www.lomoro.nl\/de\/products\/slim-fit-pak-8\/","title":{"rendered":"Hellbrauner Slim-Fit-Anzug"},"content":{"rendered":"<p>Der hellbraune Slim-Fit-Anzug strahlt einen dezenten Luxus aus, der ideal f\u00fcr moderne M\u00e4nner ist. Durch die sanfte hellbraune Farbe eignet es sich f\u00fcr eine Vielzahl von Anl\u00e4ssen, von Gesch\u00e4ftstreffen bis hin zu Hochzeiten im Freien. Die schmale Passform sorgt f\u00fcr eine scharfe Silhouette, die Eleganz und Raffinesse ausstrahlt.<\/p>\n<p>Dieser Anzug besteht aus einem atmungsaktiven und strapazierf\u00e4higen Stoff und bietet den ganzen Tag Komfort, ohne auf Stil zu verzichten. Der perfekt verarbeitete Blazer und die Hose sorgen f\u00fcr einen harmonischen Look, w\u00e4hrend dezente Details wie saubere N\u00e4hte und ein moderner Schnitt diesen Anzug zu einer auff\u00e4lligen Wahl machen. Kombinieren Sie es mit einem wei\u00dfen Hemd und passenden Accessoires f\u00fcr einen kompletten Look.<\/p>\n<table>\n<tbody>\n<tr>\n<td><b>Merkmal<\/b><\/td>\n<td><b>Details<\/b><\/td>\n<\/tr>\n<tr>\n<td><b>Material<\/b><\/td>\n<td><span style=\"font-weight: 400;\">Luxuri\u00f6se Wollmischung mit atmungsaktiven Eigenschaften<\/span><\/td>\n<\/tr>\n<tr>\n<td><b>Farbe<\/b><\/td>\n<td>Hellbraun<\/td>\n<\/tr>\n<tr>\n<td><b>Verf\u00fcgbare Gr\u00f6\u00dfen<\/b><\/td>\n<td><span style=\"font-weight: 400;\">Kleine Gr\u00f6\u00dfen 46-62 \/ Gro\u00dfe Gr\u00f6\u00dfen 58-72<\/span><\/td>\n<\/tr>\n<tr>\n<td><b>Passform<\/b><\/td>\n<td><span style=\"font-weight: 400;\">Slim Fit<\/span><\/td>\n<\/tr>\n<tr>\n<td><b>Waschanleitung<\/b><\/td>\n<td><span style=\"font-weight: 400;\">Chemische Reinigung empfohlen<\/span><\/td>\n<\/tr>\n<\/tbody>\n<\/table>\n","protected":false},"excerpt":{"rendered":"<p>Der hellbraune Slim-Fit-Anzug vereint dezente Eleganz mit einem modernen Look. Dieser Anzug eignet sich sowohl f\u00fcr formelle Anl\u00e4sse als auch f\u00fcr stilvolle Freizeitveranstaltungen und bietet einen raffinierten und modernen Look.<\/p>\n<p>Mit seiner schmalen Passform und dem sanften Hellbraunton ist dieser Anzug eine vielseitige Wahl, die Komfort und Stil harmonisch vereint. Aus hochwertigen Materialien gefertigt, garantiert es den ganzen Tag \u00fcber ein makelloses Erscheinungsbild.<\/p>\n<p>\u2702\ufe0f Perfekte Passform, speziell f\u00fcr Dich gefertigt.<\/p>\n<p>\ud83d\udc54 Individuelle Beratung f\u00fcr Ihren einzigartigen Look.<\/p>\n<p>\ud83e\uddf5 Hochwertige Materialien f\u00fcr ultimativen Komfort.<\/p>\n<p>\ud83c\udfa8 Stilvoll f\u00fcr jeden Anlass.<\/p>\n<p>\ud83c\udf81 Genie\u00dfen Sie bei jedem Ladenbesuch ein kostenloses Geschenk!<\/p>\n","protected":false},"featured_media":2047,"template":"","meta":{"_acf_changed":false},"product_brand":[],"product_cat":[15],"product_tag":[],"class_list":{"0":"post-4181","1":"product","2":"type-product","3":"status-publish","4":"has-post-thumbnail","6":"product_cat-3-delig-kostuums","8":"first","9":"instock","10":"sale","11":"featured","12":"shipping-taxable","13":"purchasable","14":"product-type-simple"},"acf":[],"_links":{"self":[{"href":"https:\/\/www.lomoro.nl\/de\/wp-json\/wp\/v2\/product\/4181","targetHints":{"allow":["GET"]}}],"collection":[{"href":"https:\/\/www.lomoro.nl\/de\/wp-json\/wp\/v2\/product"}],"about":[{"href":"https:\/\/www.lomoro.nl\/de\/wp-json\/wp\/v2\/types\/product"}],"wp:featuredmedia":[{"embeddable":true,"href":"https:\/\/www.lomoro.nl\/de\/wp-json\/wp\/v2\/media\/2047"}],"wp:attachment":[{"href":"https:\/\/www.lomoro.nl\/de\/wp-json\/wp\/v2\/media?parent=4181"}],"wp:term":[{"taxonomy":"product_brand","embeddable":true,"href":"https:\/\/www.lomoro.nl\/de\/wp-json\/wp\/v2\/product_brand?post=4181"},{"taxonomy":"product_cat","embeddable":true,"href":"https:\/\/www.lomoro.nl\/de\/wp-json\/wp\/v2\/product_cat?post=4181"},{"taxonomy":"product_tag","embeddable":true,"href":"https:\/\/www.lomoro.nl\/de\/wp-json\/wp\/v2\/product_tag?post=4181"}],"curies":[{"name":"wp","href":"https:\/\/api.w.org\/{rel}","templated":true}]}}