{"id":4182,"date":"2024-12-17T08:10:38","date_gmt":"2024-12-17T08:10:38","guid":{"rendered":"https:\/\/lomoro.nl\/?post_type=product&#038;p=4182"},"modified":"2025-01-14T10:04:52","modified_gmt":"2025-01-14T10:04:52","slug":"shirt-1","status":"publish","type":"product","link":"https:\/\/www.lomoro.nl\/de\/products\/shirt-1\/","title":{"rendered":"Hellblaues Hemd"},"content":{"rendered":"<p>Das hellblaue Hemd bietet eine perfekte Mischung aus Stil und Komfort. Die helle und frische blaue Farbe sorgt f\u00fcr einen modernen und raffinierten Look, w\u00e4hrend der hochwertige Stoff f\u00fcr Atmungsaktivit\u00e4t und langanhaltenden Komfort sorgt. Dieses Hemd eignet sich perfekt f\u00fcr einen professionellen Rahmen oder einen stilvollen Freizeitlook.<\/p>\n<p>Der Slim-Fit-Schnitt betont eine stromlinienf\u00f6rmige Silhouette und passt zu verschiedenen K\u00f6rpertypen. Kombinieren Sie es mit eleganten Hosen f\u00fcr einen formellen Look oder mit Jeans f\u00fcr einen entspannteren Look. Dieses vielseitige Hemd ist eine perfekte Erg\u00e4nzung f\u00fcr jede Garderobe.<\/p>\n<table>\n<tbody>\n<tr>\n<td><b>Merkmal<\/b><\/td>\n<td><b>Details<\/b><\/td>\n<\/tr>\n<tr>\n<td><b>Material<\/b><\/td>\n<td><span style=\"font-weight: 400;\">Hochwertige Baumwollmischung<\/span><\/td>\n<\/tr>\n<tr>\n<td><b>Farbe<\/b><\/td>\n<td><span style=\"font-weight: 400;\">Hellblau<\/span><\/td>\n<\/tr>\n<tr>\n<td><b>Verf\u00fcgbare Gr\u00f6\u00dfen<\/b><\/td>\n<td><span style=\"font-weight: 400;\">S bis XXL<\/span><\/td>\n<\/tr>\n<tr>\n<td><b>Passform<\/b><\/td>\n<td><span style=\"font-weight: 400;\">Slim Fit<\/span><\/td>\n<\/tr>\n<tr>\n<td><b>Waschanleitung<\/b><\/td>\n<td><span style=\"font-weight: 400;\">Maschinenw\u00e4sche bei 30 Grad<\/span><\/td>\n<\/tr>\n<\/tbody>\n<\/table>\n<p>&nbsp;<\/p>\n<p>&nbsp;<\/p>\n","protected":false},"excerpt":{"rendered":"<div class=\"product__tax caption rte\">Das hellblaue Hemd strahlt dezente Eleganz und Vielseitigkeit aus. Der frische Hellblauton und das moderne Design machen dieses Hemd zu einem unverzichtbaren Bestandteil jeder Garderobe. Dieses aus hochwertigem Stoff gefertigte Hemd bietet Komfort und einen eleganten Look und eignet sich sowohl f\u00fcr formelle Anl\u00e4sse als auch f\u00fcr Alltagsoutfits. Verleihen Sie Ihrem Look mit diesem zeitlosen Kleidungsst\u00fcck Stil und Klasse. Perfekte Passform, speziell f\u00fcr Sie gefertigt.<\/div>\n<div>\n<p>\u2702\ufe0f Perfekte Passform, speziell f\u00fcr Dich gefertigt.<\/p>\n<p>\ud83d\udc54 Individuelle Beratung f\u00fcr Ihren einzigartigen Look.<\/p>\n<p>\ud83e\uddf5 Hochwertige Materialien f\u00fcr ultimativen Komfort.<\/p>\n<p>\ud83c\udfa8 Stilvoll f\u00fcr jeden Anlass.<\/p>\n<p>\ud83c\udf81 Genie\u00dfen Sie bei jedem Ladenbesuch ein kostenloses Geschenk!<\/p>\n<\/div>\n","protected":false},"featured_media":15547,"template":"","meta":{"_acf_changed":false},"product_brand":[],"product_cat":[141],"product_tag":[],"class_list":{"0":"post-4182","1":"product","2":"type-product","3":"status-publish","4":"has-post-thumbnail","6":"product_cat-overhemden-collectie","8":"first","9":"instock","10":"sale","11":"shipping-taxable","12":"purchasable","13":"product-type-simple"},"acf":[],"_links":{"self":[{"href":"https:\/\/www.lomoro.nl\/de\/wp-json\/wp\/v2\/product\/4182","targetHints":{"allow":["GET"]}}],"collection":[{"href":"https:\/\/www.lomoro.nl\/de\/wp-json\/wp\/v2\/product"}],"about":[{"href":"https:\/\/www.lomoro.nl\/de\/wp-json\/wp\/v2\/types\/product"}],"wp:featuredmedia":[{"embeddable":true,"href":"https:\/\/www.lomoro.nl\/de\/wp-json\/wp\/v2\/media\/15547"}],"wp:attachment":[{"href":"https:\/\/www.lomoro.nl\/de\/wp-json\/wp\/v2\/media?parent=4182"}],"wp:term":[{"taxonomy":"product_brand","embeddable":true,"href":"https:\/\/www.lomoro.nl\/de\/wp-json\/wp\/v2\/product_brand?post=4182"},{"taxonomy":"product_cat","embeddable":true,"href":"https:\/\/www.lomoro.nl\/de\/wp-json\/wp\/v2\/product_cat?post=4182"},{"taxonomy":"product_tag","embeddable":true,"href":"https:\/\/www.lomoro.nl\/de\/wp-json\/wp\/v2\/product_tag?post=4182"}],"curies":[{"name":"wp","href":"https:\/\/api.w.org\/{rel}","templated":true}]}}