{"id":4190,"date":"2024-12-09T13:02:01","date_gmt":"2024-12-09T13:02:01","guid":{"rendered":"https:\/\/lomoro.nl\/?post_type=product&#038;p=4190"},"modified":"2025-01-04T08:12:33","modified_gmt":"2025-01-04T08:12:33","slug":"3-delig-pak-30","status":"publish","type":"product","link":"https:\/\/www.lomoro.nl\/de\/products\/3-delig-pak-30\/","title":{"rendered":"Dunkelblauer dreiteiliger Anzug"},"content":{"rendered":"<p>Der dunkelblaue dreiteilige Anzug ist ein Meisterwerk an Eleganz und Vielseitigkeit. Die tiefblaue Farbe verleiht diesem klassischen Ensemble einen Hauch von Raffinesse und macht es zur idealen Wahl f\u00fcr jeden formellen Anlass, wie Hochzeiten, Gesch\u00e4ftstreffen oder stilvolle Veranstaltungen. Mit seinem modernen Schnitt und der hochwertigen Verarbeitung verk\u00f6rpert dieser Anzug Komfort und Klasse.<\/p>\n<p>Der dunkelblaue dreiteilige Anzug besteht aus einem einreihigen Blazer, einer zweireihigen Weste und einer schmal geschnittenen Hose. Der satte, dunkelblaue Farbton sorgt f\u00fcr einen stilvollen Look, w\u00e4hrend das raffinierte Design zu einem zeitgem\u00e4\u00dfen Look beitr\u00e4gt. Dieser Anzug l\u00e4sst sich m\u00fchelos mit verschiedenen Accessoires kombinieren und eignet sich daher ideal f\u00fcr klassische und moderne Outfits.<\/p>\n<table style=\"height: 339px;\" width=\"627\">\n<tbody>\n<tr>\n<td><b>Merkmal<\/b><\/td>\n<td><b>Details<\/b><\/td>\n<\/tr>\n<tr>\n<td><b>Material<\/b><\/td>\n<td><span style=\"font-weight: 400;\">Luxuri\u00f6se Wollmischung<\/span><\/td>\n<\/tr>\n<tr>\n<td><b>Farbe<\/b><\/td>\n<td><span style=\"font-weight: 400;\">Dunkelblau<\/span><\/td>\n<\/tr>\n<tr>\n<td><b>Verf\u00fcgbare Gr\u00f6\u00dfen<\/b><\/td>\n<td><span style=\"font-weight: 400;\">Kleine Gr\u00f6\u00dfen 46-62 \/ Gro\u00dfe Gr\u00f6\u00dfen 58-72<\/span><\/td>\n<\/tr>\n<tr>\n<td><b>Passform<\/b><\/td>\n<td><span style=\"font-weight: 400;\">Slim Fit f\u00fcr einen eleganten Look<\/span><\/td>\n<\/tr>\n<tr>\n<td><b>Waschanleitung<\/b><\/td>\n<td><span style=\"font-weight: 400;\">Professionelle chemische Reinigung<\/span><\/td>\n<\/tr>\n<\/tbody>\n<\/table>\n<p>&nbsp;<\/p>\n","protected":false},"excerpt":{"rendered":"<p>Der 3-teilige dunkelblaue Herrenanzug von Lomoro ist ein elegantes Ensemble, bestehend aus einem ma\u00dfgeschneiderten Blazer, einer passenden Weste und einer klassischen Hose. Dieser Anzug bietet sowohl Stil als auch Komfort und eignet sich ideal f\u00fcr formelle Anl\u00e4sse wie Hochzeiten, Gesch\u00e4ftstreffen oder besondere Anl\u00e4sse. Aus hochwertigen Materialien gefertigt, sorgt es f\u00fcr ein angenehmes Tragegef\u00fchl und einen edlen Look. Der Slim-Fit-Schnitt betont die K\u00f6rperform, w\u00e4hrend die dunkelblaue Farbe f\u00fcr einen zeitlosen und modernen Look sorgt. Erh\u00e4ltlich in Gr\u00f6\u00dfen bis einschlie\u00dflich 72, sodass der Anzug f\u00fcr verschiedene K\u00f6rpertypen geeignet ist.<\/p>\n<p>\u2702\ufe0f Perfekte Passform, speziell f\u00fcr Dich gefertigt.<\/p>\n<p>\ud83d\udc54 Individuelle Beratung f\u00fcr Ihren einzigartigen Look.<\/p>\n<p>\ud83e\uddf5 Hochwertige Materialien f\u00fcr ultimativen Komfort.<\/p>\n<p>\ud83c\udfa8 Stilvoll f\u00fcr jeden Anlass.<\/p>\n<p>\ud83c\udf81 Genie\u00dfen Sie bei jedem Ladenbesuch ein kostenloses Geschenk!<\/p>\n","protected":false},"featured_media":1834,"template":"","meta":{"_acf_changed":false},"product_brand":[],"product_cat":[114],"product_tag":[],"class_list":{"0":"post-4190","1":"product","2":"type-product","3":"status-publish","4":"has-post-thumbnail","6":"product_cat-3-delig-kostuums","8":"first","9":"instock","10":"sale","11":"featured","12":"shipping-taxable","13":"purchasable","14":"product-type-simple"},"acf":[],"_links":{"self":[{"href":"https:\/\/www.lomoro.nl\/de\/wp-json\/wp\/v2\/product\/4190","targetHints":{"allow":["GET"]}}],"collection":[{"href":"https:\/\/www.lomoro.nl\/de\/wp-json\/wp\/v2\/product"}],"about":[{"href":"https:\/\/www.lomoro.nl\/de\/wp-json\/wp\/v2\/types\/product"}],"wp:featuredmedia":[{"embeddable":true,"href":"https:\/\/www.lomoro.nl\/de\/wp-json\/wp\/v2\/media\/1834"}],"wp:attachment":[{"href":"https:\/\/www.lomoro.nl\/de\/wp-json\/wp\/v2\/media?parent=4190"}],"wp:term":[{"taxonomy":"product_brand","embeddable":true,"href":"https:\/\/www.lomoro.nl\/de\/wp-json\/wp\/v2\/product_brand?post=4190"},{"taxonomy":"product_cat","embeddable":true,"href":"https:\/\/www.lomoro.nl\/de\/wp-json\/wp\/v2\/product_cat?post=4190"},{"taxonomy":"product_tag","embeddable":true,"href":"https:\/\/www.lomoro.nl\/de\/wp-json\/wp\/v2\/product_tag?post=4190"}],"curies":[{"name":"wp","href":"https:\/\/api.w.org\/{rel}","templated":true}]}}