{"id":4236,"date":"2024-12-11T11:17:58","date_gmt":"2024-12-11T11:17:58","guid":{"rendered":"https:\/\/lomoro.nl\/?post_type=product&#038;p=4236"},"modified":"2025-01-04T10:34:08","modified_gmt":"2025-01-04T10:34:08","slug":"slim-fit-pak-6","status":"publish","type":"product","link":"https:\/\/www.lomoro.nl\/de\/products\/slim-fit-pak-6\/","title":{"rendered":"Dunkelgrauer Slim-Fit-Anzug f\u00fcr Herren"},"content":{"rendered":"<p>Der tiefgraue Slim-Fit-Anzug f\u00fcr Herren kombiniert klassische Eleganz mit einem modernen Schnitt. Die tiefgraue Farbe strahlt Eleganz und Vielseitigkeit aus und macht diesen Anzug perfekt f\u00fcr gesch\u00e4ftliche und formelle Anl\u00e4sse. Es soll Ihre Figur betonen und f\u00fcr einen eleganten, modernen Look sorgen. Ganz gleich, ob Sie ein Meeting abhalten oder eine ausgefallene Veranstaltung besuchen, dieser Anzug wird mit Sicherheit einen Eindruck hinterlassen.<\/p>\n<p>Dank der Verwendung hochwertiger Stoffe bietet der Deep Grey Slim-Fit-Anzug f\u00fcr Herren sowohl Komfort als auch Atmungsaktivit\u00e4t. Die schmale Passform und das schlanke Design sorgen f\u00fcr ein stromlinienf\u00f6rmiges Erscheinungsbild, w\u00e4hrend die hochwertige Verarbeitung f\u00fcr ein luxuri\u00f6ses Gef\u00fchl sorgt. Dieser Anzug ist die perfekte Wahl f\u00fcr den Mann, der nicht nur stilvoll sein m\u00f6chte, sondern auch bequem durch den Tag kommen m\u00f6chte.<\/p>\n<table>\n<tbody>\n<tr>\n<td><b>Merkmal<\/b><\/td>\n<td><b>Details<\/b><\/td>\n<\/tr>\n<tr>\n<td><b>Material<\/b><\/td>\n<td><span style=\"font-weight: 400;\">Luxuri\u00f6se Wollmischung mit atmungsaktiven Eigenschaften<\/span><\/td>\n<\/tr>\n<tr>\n<td><b>Farbe<\/b><\/td>\n<td>Tiefgrau<\/td>\n<\/tr>\n<tr>\n<td><b>Verf\u00fcgbare Gr\u00f6\u00dfen<\/b><\/td>\n<td><span style=\"font-weight: 400;\">Kleine Gr\u00f6\u00dfen 46-62 \/ Gro\u00dfe Gr\u00f6\u00dfen 58-72<\/span><\/td>\n<\/tr>\n<tr>\n<td><b>Passform<\/b><\/td>\n<td><span style=\"font-weight: 400;\">Slim Fit<\/span><\/td>\n<\/tr>\n<tr>\n<td><b>Waschanleitung<\/b><\/td>\n<td><span style=\"font-weight: 400;\">Chemische Reinigung empfohlen<\/span><\/td>\n<\/tr>\n<\/tbody>\n<\/table>\n","protected":false},"excerpt":{"rendered":"<p>Der tiefgraue Slim-Fit-Anzug f\u00fcr Herren ist die perfekte Wahl f\u00fcr den Mann, der einen schicken und modernen Look sucht. Die tiefgraue Farbe sorgt f\u00fcr einen zeitlosen, raffinierten Look, der sowohl f\u00fcr gesch\u00e4ftliche als auch f\u00fcr formelle Anl\u00e4sse geeignet ist.<\/p>\n<p>Mit seiner schmalen Passform und den hochwertigen Stoffen bietet dieser Anzug sowohl Stil als auch Komfort. Es soll Ihr Selbstvertrauen st\u00e4rken, damit Sie bei jedem Anlass immer gut aussehen.<\/p>\n<p>\u2702\ufe0f Perfekte Passform, speziell f\u00fcr Dich gefertigt.<\/p>\n<p>\ud83d\udc54 Individuelle Beratung f\u00fcr Ihren einzigartigen Look.<\/p>\n<p>\ud83e\uddf5 Hochwertige Materialien f\u00fcr ultimativen Komfort.<\/p>\n<p>\ud83c\udfa8 Stilvoll f\u00fcr jeden Anlass.<\/p>\n<p>\ud83c\udf81 Genie\u00dfen Sie bei jedem Ladenbesuch ein kostenloses Geschenk!<\/p>\n","protected":false},"featured_media":2068,"template":"","meta":{"_acf_changed":false},"product_brand":[],"product_cat":[146],"product_tag":[],"class_list":{"0":"post-4236","1":"product","2":"type-product","3":"status-publish","4":"has-post-thumbnail","6":"product_cat-slim-fit-kostuums","8":"first","9":"instock","10":"sale","11":"shipping-taxable","12":"purchasable","13":"product-type-simple"},"acf":[],"_links":{"self":[{"href":"https:\/\/www.lomoro.nl\/de\/wp-json\/wp\/v2\/product\/4236","targetHints":{"allow":["GET"]}}],"collection":[{"href":"https:\/\/www.lomoro.nl\/de\/wp-json\/wp\/v2\/product"}],"about":[{"href":"https:\/\/www.lomoro.nl\/de\/wp-json\/wp\/v2\/types\/product"}],"wp:featuredmedia":[{"embeddable":true,"href":"https:\/\/www.lomoro.nl\/de\/wp-json\/wp\/v2\/media\/2068"}],"wp:attachment":[{"href":"https:\/\/www.lomoro.nl\/de\/wp-json\/wp\/v2\/media?parent=4236"}],"wp:term":[{"taxonomy":"product_brand","embeddable":true,"href":"https:\/\/www.lomoro.nl\/de\/wp-json\/wp\/v2\/product_brand?post=4236"},{"taxonomy":"product_cat","embeddable":true,"href":"https:\/\/www.lomoro.nl\/de\/wp-json\/wp\/v2\/product_cat?post=4236"},{"taxonomy":"product_tag","embeddable":true,"href":"https:\/\/www.lomoro.nl\/de\/wp-json\/wp\/v2\/product_tag?post=4236"}],"curies":[{"name":"wp","href":"https:\/\/api.w.org\/{rel}","templated":true}]}}