{"id":4242,"date":"2024-12-10T07:39:21","date_gmt":"2024-12-10T07:39:21","guid":{"rendered":"https:\/\/lomoro.nl\/?post_type=product&#038;p=4242"},"modified":"2025-01-04T10:51:57","modified_gmt":"2025-01-04T10:51:57","slug":"3-delig-pak-38","status":"publish","type":"product","link":"https:\/\/www.lomoro.nl\/de\/products\/3-delig-pak-38\/","title":{"rendered":"Dreiteiliger Anzug in warmem Beige"},"content":{"rendered":"<p>Der dreiteilige Anzug in Warm Beige wurde speziell f\u00fcr den Mann entworfen, der sich durch einen raffinierten, modernen Stil auszeichnen m\u00f6chte. Der weiche, warme Beigeton bietet einen vielseitigen Look, der zu verschiedenen Anl\u00e4ssen passt, w\u00e4hrend der Anzug aus einer nachhaltigen Wollmischung f\u00fcr Komfort und Luxus besteht. Das Design ist Slim-Fit, passt sich also perfekt dem K\u00f6rper an und sorgt f\u00fcr einen schlanken, eleganten Look.<\/p>\n<p>Dieser Anzug besteht aus einem einreihigen Blazer, einer zweireihigen Weste und einer passenden Hose. Jedes Element ist mit viel Liebe zum Detail und Pr\u00e4zision verarbeitet, vom eleganten Revers bis zu den hochwertigen N\u00e4hten. Es bietet eine stilvolle Wahl f\u00fcr M\u00e4nner, die bei formellen Anl\u00e4ssen oder besonderen Anl\u00e4ssen einen bleibenden Eindruck hinterlassen m\u00f6chten.<\/p>\n<table style=\"height: 351px;\" width=\"606\">\n<tbody>\n<tr>\n<td><b>Merkmal<\/b><\/td>\n<td><b>Details<\/b><\/td>\n<\/tr>\n<tr>\n<td><b>Material<\/b><\/td>\n<td><span style=\"font-weight: 400;\">Luxuri\u00f6se Wollmischung<\/span><\/td>\n<\/tr>\n<tr>\n<td><b>Farbe<\/b><\/td>\n<td><span style=\"font-weight: 400;\">Warmes Beige<\/span><\/td>\n<\/tr>\n<tr>\n<td><b>Verf\u00fcgbare Gr\u00f6\u00dfen<\/b><\/td>\n<td><span style=\"font-weight: 400;\">Kleine Gr\u00f6\u00dfen 46-62 \/ Gro\u00dfe Gr\u00f6\u00dfen 58-72<\/span><\/td>\n<\/tr>\n<tr>\n<td><b>Passform<\/b><\/td>\n<td><span style=\"font-weight: 400;\">Slim Fit f\u00fcr einen eleganten Look<\/span><\/td>\n<\/tr>\n<tr>\n<td><b>Waschanleitung<\/b><\/td>\n<td><span style=\"font-weight: 400;\">Professionelle chemische Reinigung<\/span><\/td>\n<\/tr>\n<\/tbody>\n<\/table>\n<p>&nbsp;<\/p>\n","protected":false},"excerpt":{"rendered":"<div class=\"product__tax caption rte\">\n<p>Der dreiteilige Anzug in Warm Beige vereint zeitlose Eleganz mit einem modernen Look. Der warme Beigeton und die k\u00f6rpernahe Passform machen diesen Anzug zur perfekten Wahl f\u00fcr formelle Anl\u00e4sse wie Hochzeiten, Gesch\u00e4ftstreffen oder Galapartys.<\/p>\n<p>Dieser Anzug besteht aus Blazer, Weste und Hose in einem raffinierten Ensemble und bietet eine harmonische Balance zwischen Stil und Komfort. Aus hochwertigen Materialien gefertigt, strahlen Sie in jedem Ambiente Selbstbewusstsein und Klasse aus.<\/p>\n<p>\u2702\ufe0f Perfekte Passform, speziell f\u00fcr Dich gefertigt.<\/p>\n<p>\ud83d\udc54 Individuelle Beratung f\u00fcr Ihren einzigartigen Look.<\/p>\n<p>\ud83e\uddf5 Hochwertige Materialien f\u00fcr ultimativen Komfort.<\/p>\n<p>\ud83c\udfa8 Stilvoll f\u00fcr jeden Anlass.<\/p>\n<p>\ud83c\udf81 Genie\u00dfen Sie bei jedem Ladenbesuch ein kostenloses Geschenk!<\/p>\n<\/div>\n","protected":false},"featured_media":1858,"template":"","meta":{"_acf_changed":false},"product_brand":[],"product_cat":[114],"product_tag":[],"class_list":{"0":"post-4242","1":"product","2":"type-product","3":"status-publish","4":"has-post-thumbnail","6":"product_cat-3-delig-kostuums","8":"first","9":"instock","10":"sale","11":"shipping-taxable","12":"purchasable","13":"product-type-simple"},"acf":[],"_links":{"self":[{"href":"https:\/\/www.lomoro.nl\/de\/wp-json\/wp\/v2\/product\/4242","targetHints":{"allow":["GET"]}}],"collection":[{"href":"https:\/\/www.lomoro.nl\/de\/wp-json\/wp\/v2\/product"}],"about":[{"href":"https:\/\/www.lomoro.nl\/de\/wp-json\/wp\/v2\/types\/product"}],"wp:featuredmedia":[{"embeddable":true,"href":"https:\/\/www.lomoro.nl\/de\/wp-json\/wp\/v2\/media\/1858"}],"wp:attachment":[{"href":"https:\/\/www.lomoro.nl\/de\/wp-json\/wp\/v2\/media?parent=4242"}],"wp:term":[{"taxonomy":"product_brand","embeddable":true,"href":"https:\/\/www.lomoro.nl\/de\/wp-json\/wp\/v2\/product_brand?post=4242"},{"taxonomy":"product_cat","embeddable":true,"href":"https:\/\/www.lomoro.nl\/de\/wp-json\/wp\/v2\/product_cat?post=4242"},{"taxonomy":"product_tag","embeddable":true,"href":"https:\/\/www.lomoro.nl\/de\/wp-json\/wp\/v2\/product_tag?post=4242"}],"curies":[{"name":"wp","href":"https:\/\/api.w.org\/{rel}","templated":true}]}}