{"id":4243,"date":"2024-12-11T11:20:58","date_gmt":"2024-12-11T11:20:58","guid":{"rendered":"https:\/\/lomoro.nl\/?post_type=product&#038;p=4243"},"modified":"2025-01-04T10:52:38","modified_gmt":"2025-01-04T10:52:38","slug":"slim-fit-pak-7","status":"publish","type":"product","link":"https:\/\/www.lomoro.nl\/de\/products\/slim-fit-pak-7\/","title":{"rendered":"Tiefblauer Slim-Fit-Anzug"},"content":{"rendered":"<p>Der tiefblaue Slim-Fit-Anzug f\u00fcr Herren vereint klassische Eleganz mit einem modernen Schnitt. Die tiefblaue Farbe ist vielseitig und perfekt f\u00fcr jeden Anlass, vom wichtigen Meeting bis zum schicken Abend. Die Slim-Fit-Passform sorgt daf\u00fcr, dass der Anzug Ihrer Figur folgt und Ihnen ein schlankes und stromlinienf\u00f6rmiges Aussehen verleiht. Es ist der ideale Anzug f\u00fcr den Mann, der Stil und Komfort in einem sucht.<\/p>\n<p>Mit seinen hochwertigen Stoffen und sorgf\u00e4ltiger Verarbeitung bietet dieser Anzug nicht nur einen modernen Look, sondern auch den n\u00f6tigen Komfort. Das atmungsaktive Material sorgt daf\u00fcr, dass Sie sich den ganzen Tag lang wohlf\u00fchlen, w\u00e4hrend die perfekte Passform daf\u00fcr sorgt, dass der Anzug Ihre Figur betont. Der tiefblaue Slim-Fit-Anzug f\u00fcr Herren ist eine Investition in Stil und Qualit\u00e4t und wird zweifellos eine wertvolle Erg\u00e4nzung Ihrer Garderobe sein.<\/p>\n<table>\n<tbody>\n<tr>\n<td><b>Merkmal<\/b><\/td>\n<td><b>Details<\/b><\/td>\n<\/tr>\n<tr>\n<td><b>Material<\/b><\/td>\n<td><span style=\"font-weight: 400;\">Luxuri\u00f6se Wollmischung mit atmungsaktiven Eigenschaften<\/span><\/td>\n<\/tr>\n<tr>\n<td><b>Farbe<\/b><\/td>\n<td>Tiefblau<\/td>\n<\/tr>\n<tr>\n<td><b>Verf\u00fcgbare Gr\u00f6\u00dfen<\/b><\/td>\n<td><span style=\"font-weight: 400;\">Kleine Gr\u00f6\u00dfen 46-62 \/ Gro\u00dfe Gr\u00f6\u00dfen 58-72<\/span><\/td>\n<\/tr>\n<tr>\n<td><b>Passform<\/b><\/td>\n<td><span style=\"font-weight: 400;\">Slim Fit<\/span><\/td>\n<\/tr>\n<tr>\n<td><b>Waschanleitung<\/b><\/td>\n<td><span style=\"font-weight: 400;\">Chemische Reinigung empfohlen<\/span><\/td>\n<\/tr>\n<\/tbody>\n<\/table>\n","protected":false},"excerpt":{"rendered":"<p>Der tiefblaue Slim-Fit-Anzug f\u00fcr Herren ist eine zeitlose Wahl f\u00fcr den modernen Mann, der seinen Stil betonen m\u00f6chte. Die tiefblaue Farbe strahlt sowohl Selbstvertrauen als auch Eleganz aus und eignet sich daher sowohl f\u00fcr gesch\u00e4ftliche als auch f\u00fcr formelle Anl\u00e4sse.<\/p>\n<p>Der schmale Schnitt des Anzugs sorgt f\u00fcr einen eleganten, stromlinienf\u00f6rmigen Look, der Ihre Figur betont. Dank der hochwertigen Stoffe bietet dieser Anzug sowohl Stil als auch Komfort, sodass Sie ihn den ganzen Tag lang gerne tragen k\u00f6nnen.<\/p>\n<p>\u2702\ufe0f Perfekte Passform, speziell f\u00fcr Dich gefertigt.<\/p>\n<p>\ud83d\udc54 Individuelle Beratung f\u00fcr Ihren einzigartigen Look.<\/p>\n<p>\ud83e\uddf5 Hochwertige Materialien f\u00fcr ultimativen Komfort.<\/p>\n<p>\ud83c\udfa8 Stilvoll f\u00fcr jeden Anlass.<\/p>\n<p>\ud83c\udf81 Genie\u00dfen Sie bei jedem Ladenbesuch ein kostenloses Geschenk!<\/p>\n","protected":false},"featured_media":7844,"template":"","meta":{"_acf_changed":false},"product_brand":[],"product_cat":[146],"product_tag":[],"class_list":{"0":"post-4243","1":"product","2":"type-product","3":"status-publish","4":"has-post-thumbnail","6":"product_cat-slim-fit-kostuums","8":"first","9":"instock","10":"sale","11":"featured","12":"shipping-taxable","13":"purchasable","14":"product-type-simple"},"acf":[],"_links":{"self":[{"href":"https:\/\/www.lomoro.nl\/de\/wp-json\/wp\/v2\/product\/4243","targetHints":{"allow":["GET"]}}],"collection":[{"href":"https:\/\/www.lomoro.nl\/de\/wp-json\/wp\/v2\/product"}],"about":[{"href":"https:\/\/www.lomoro.nl\/de\/wp-json\/wp\/v2\/types\/product"}],"wp:featuredmedia":[{"embeddable":true,"href":"https:\/\/www.lomoro.nl\/de\/wp-json\/wp\/v2\/media\/7844"}],"wp:attachment":[{"href":"https:\/\/www.lomoro.nl\/de\/wp-json\/wp\/v2\/media?parent=4243"}],"wp:term":[{"taxonomy":"product_brand","embeddable":true,"href":"https:\/\/www.lomoro.nl\/de\/wp-json\/wp\/v2\/product_brand?post=4243"},{"taxonomy":"product_cat","embeddable":true,"href":"https:\/\/www.lomoro.nl\/de\/wp-json\/wp\/v2\/product_cat?post=4243"},{"taxonomy":"product_tag","embeddable":true,"href":"https:\/\/www.lomoro.nl\/de\/wp-json\/wp\/v2\/product_tag?post=4243"}],"curies":[{"name":"wp","href":"https:\/\/api.w.org\/{rel}","templated":true}]}}