{"id":4247,"date":"2024-12-11T11:24:10","date_gmt":"2024-12-11T11:24:10","guid":{"rendered":"https:\/\/lomoro.nl\/?post_type=product&#038;p=4247"},"modified":"2025-01-04T11:04:01","modified_gmt":"2025-01-04T11:04:01","slug":"slim-fit-pak-9","status":"publish","type":"product","link":"https:\/\/www.lomoro.nl\/de\/products\/slim-fit-pak-9\/","title":{"rendered":"Dunkelblauer Slim-Fit-Anzug f\u00fcr Herren"},"content":{"rendered":"<p>Der dunkelblaue Slim-Fit-Anzug f\u00fcr Herren ist der perfekte Anzug f\u00fcr den modernen Mann, der ein vielseitiges und stilvolles Outfit sucht. Die kr\u00e4ftige, dunkle Farbe macht es zu einer hervorragenden Wahl sowohl f\u00fcr gesch\u00e4ftliche als auch f\u00fcr gesellschaftliche Anl\u00e4sse, bei denen Sie garantiert beeindrucken werden. Das schlanke Design sorgt daf\u00fcr, dass der Anzug Ihrer Figur folgt und sie betont, sodass Sie ein elegantes und raffiniertes Erscheinungsbild erhalten.<\/p>\n<p>Die verwendeten hochwertigen Stoffe sorgen daf\u00fcr, dass Sie sich den ganzen Tag \u00fcber wohl f\u00fchlen. Der Anzug bietet Atmungsaktivit\u00e4t, sodass Sie nicht nur gut gekleidet, sondern auch gepflegt aussehen. Egal, ob Sie ein formelles Meeting haben oder abends ausgehen, dieser Anzug verleiht Ihnen immer einen stilvollen und selbstbewussten Look. Der dunkelblaue Slim-Fit-Anzug f\u00fcr Herren ist eine zeitlose Erg\u00e4nzung Ihrer Garderobe, die nie aus der Mode kommt.<\/p>\n<table>\n<tbody>\n<tr>\n<td><b>Merkmal<\/b><\/td>\n<td><b>Details<\/b><\/td>\n<\/tr>\n<tr>\n<td><b>Material<\/b><\/td>\n<td><span style=\"font-weight: 400;\">Luxuri\u00f6se Wollmischung mit atmungsaktiven Eigenschaften<\/span><\/td>\n<\/tr>\n<tr>\n<td><b>Farbe<\/b><\/td>\n<td>Dunkelblau<\/td>\n<\/tr>\n<tr>\n<td><b>Verf\u00fcgbare Gr\u00f6\u00dfen<\/b><\/td>\n<td><span style=\"font-weight: 400;\">Kleine Gr\u00f6\u00dfen 46-62 \/ Gro\u00dfe Gr\u00f6\u00dfen 58-72<\/span><\/td>\n<\/tr>\n<tr>\n<td><b>Passform<\/b><\/td>\n<td><span style=\"font-weight: 400;\">Slim Fit<\/span><\/td>\n<\/tr>\n<tr>\n<td><b>Waschanleitung<\/b><\/td>\n<td><span style=\"font-weight: 400;\">Chemische Reinigung empfohlen<\/span><\/td>\n<\/tr>\n<\/tbody>\n<\/table>\n","protected":false},"excerpt":{"rendered":"<p>Der dunkelblaue Slim-Fit-Anzug f\u00fcr Herren ist ein Muss f\u00fcr jeden Mann, der sein Erscheinungsbild durch einen eleganten und modernen Look aufwerten m\u00f6chte. Die dunkelblaue Farbe bietet einen zeitlosen, raffinierten Look, der sowohl f\u00fcr gesch\u00e4ftliche als auch f\u00fcr formelle Anl\u00e4sse geeignet ist.<\/p>\n<p>Dieser Anzug ist schmal geschnitten, was Ihre Figur betont und f\u00fcr einen eleganten, selbstbewussten Look sorgt. Die hochwertigen Stoffe garantieren nicht nur ein luxuri\u00f6ses Tragegef\u00fchl, sondern sorgen auch f\u00fcr langanhaltenden Komfort und sind somit ideal f\u00fcr den t\u00e4glichen Gebrauch.<\/p>\n<p>\u2702\ufe0f Perfekte Passform, speziell f\u00fcr Dich gefertigt.<\/p>\n<p>\ud83d\udc54 Individuelle Beratung f\u00fcr Ihren einzigartigen Look.<\/p>\n<p>\ud83e\uddf5 Hochwertige Materialien f\u00fcr ultimativen Komfort.<\/p>\n<p>\ud83c\udfa8 Stilvoll f\u00fcr jeden Anlass.<\/p>\n<p>\ud83c\udf81 Genie\u00dfen Sie bei jedem Ladenbesuch ein kostenloses Geschenk!<\/p>\n","protected":false},"featured_media":2077,"template":"","meta":{"_acf_changed":false},"product_brand":[],"product_cat":[146],"product_tag":[],"class_list":{"0":"post-4247","1":"product","2":"type-product","3":"status-publish","4":"has-post-thumbnail","6":"product_cat-slim-fit-kostuums","8":"first","9":"instock","10":"sale","11":"featured","12":"shipping-taxable","13":"purchasable","14":"product-type-simple"},"acf":[],"_links":{"self":[{"href":"https:\/\/www.lomoro.nl\/de\/wp-json\/wp\/v2\/product\/4247","targetHints":{"allow":["GET"]}}],"collection":[{"href":"https:\/\/www.lomoro.nl\/de\/wp-json\/wp\/v2\/product"}],"about":[{"href":"https:\/\/www.lomoro.nl\/de\/wp-json\/wp\/v2\/types\/product"}],"wp:featuredmedia":[{"embeddable":true,"href":"https:\/\/www.lomoro.nl\/de\/wp-json\/wp\/v2\/media\/2077"}],"wp:attachment":[{"href":"https:\/\/www.lomoro.nl\/de\/wp-json\/wp\/v2\/media?parent=4247"}],"wp:term":[{"taxonomy":"product_brand","embeddable":true,"href":"https:\/\/www.lomoro.nl\/de\/wp-json\/wp\/v2\/product_brand?post=4247"},{"taxonomy":"product_cat","embeddable":true,"href":"https:\/\/www.lomoro.nl\/de\/wp-json\/wp\/v2\/product_cat?post=4247"},{"taxonomy":"product_tag","embeddable":true,"href":"https:\/\/www.lomoro.nl\/de\/wp-json\/wp\/v2\/product_tag?post=4247"}],"curies":[{"name":"wp","href":"https:\/\/api.w.org\/{rel}","templated":true}]}}