{"id":4253,"date":"2024-12-11T11:28:23","date_gmt":"2024-12-11T11:28:23","guid":{"rendered":"https:\/\/lomoro.nl\/?post_type=product&#038;p=4253"},"modified":"2025-01-04T11:18:05","modified_gmt":"2025-01-04T11:18:05","slug":"slim-fit-pak-12","status":"publish","type":"product","link":"https:\/\/www.lomoro.nl\/de\/products\/slim-fit-pak-12\/","title":{"rendered":"Hellbeiger Slim-Fit-Anzug"},"content":{"rendered":"<p>Der hellbeige Slim-Fit-Anzug f\u00fcr Herren ist die perfekte Wahl f\u00fcr M\u00e4nner, die einen modernen, frischen Look suchen, ohne auf Stil zu verzichten. Die hellbeige Farbe ist vielseitig und zeitlos und macht diesen Anzug ideal f\u00fcr gesch\u00e4ftliche und gesellschaftliche Anl\u00e4sse. Der schmale Schnitt betont die Schultern und die Taille und sorgt f\u00fcr einen schlanken und eleganten Look, der Ihrer Figur schmeichelt.<\/p>\n<p>Neben dem stilvollen Design bietet der hellbeige Slim-Fit-Anzug auch au\u00dfergew\u00f6hnlichen Komfort. Es besteht aus atmungsaktiven Stoffen, die auch \u00fcber l\u00e4ngere Zeitr\u00e4ume f\u00fcr ein angenehmes Tragegef\u00fchl sorgen. Ganz gleich, ob Sie ein wichtiges Meeting haben oder an einem besonderen Anlass teilnehmen, dieser Anzug sorgt daf\u00fcr, dass Sie mit einem modernen, eleganten Look immer gut aussehen.<\/p>\n<table>\n<tbody>\n<tr>\n<td><b>Merkmal<\/b><\/td>\n<td><b>Details<\/b><\/td>\n<\/tr>\n<tr>\n<td><b>Material<\/b><\/td>\n<td><span style=\"font-weight: 400;\">Luxuri\u00f6se Wollmischung mit atmungsaktiven Eigenschaften<\/span><\/td>\n<\/tr>\n<tr>\n<td><b>Farbe<\/b><\/td>\n<td>Hellbeige<\/td>\n<\/tr>\n<tr>\n<td><b>Verf\u00fcgbare Gr\u00f6\u00dfen<\/b><\/td>\n<td><span style=\"font-weight: 400;\">Kleine Gr\u00f6\u00dfen 46-62 \/ Gro\u00dfe Gr\u00f6\u00dfen 58-72<\/span><\/td>\n<\/tr>\n<tr>\n<td><b>Passform<\/b><\/td>\n<td><span style=\"font-weight: 400;\">Slim Fit<\/span><\/td>\n<\/tr>\n<tr>\n<td><b>Waschanleitung<\/b><\/td>\n<td><span style=\"font-weight: 400;\">Chemische Reinigung empfohlen<\/span><\/td>\n<\/tr>\n<\/tbody>\n<\/table>\n","protected":false},"excerpt":{"rendered":"<p>Der hellbeige Slim-Fit-Anzug f\u00fcr Herren bietet einen raffinierten und modernen Look, ideal f\u00fcr formelle und gesch\u00e4ftliche Anl\u00e4sse. Die hellbeige Farbe verleiht dem Anzug einen frischen, stilvollen Look, der Ihr Selbstbewusstsein st\u00e4rkt.<\/p>\n<p>Durch den schmalen Schnitt und die hochwertigen Materialien bietet dieser Anzug nicht nur eine enge Passform, sondern auch den Komfort, den Sie f\u00fcr lange Tage brauchen. Perfekt f\u00fcr einen eleganten und gepflegten Look zu jedem Anlass.<\/p>\n<p>\u2702\ufe0f Perfekte Passform, speziell f\u00fcr Dich gefertigt.<\/p>\n<p>\ud83d\udc54 Individuelle Beratung f\u00fcr Ihren einzigartigen Look.<\/p>\n<p>\ud83e\uddf5 Hochwertige Materialien f\u00fcr ultimativen Komfort.<\/p>\n<p>\ud83c\udfa8 Stilvoll f\u00fcr jeden Anlass.<\/p>\n<p>\ud83c\udf81 Genie\u00dfen Sie bei jedem Ladenbesuch ein kostenloses Geschenk!<\/p>\n","protected":false},"featured_media":2080,"template":"","meta":{"_acf_changed":false},"product_brand":[],"product_cat":[146],"product_tag":[],"class_list":{"0":"post-4253","1":"product","2":"type-product","3":"status-publish","4":"has-post-thumbnail","6":"product_cat-slim-fit-kostuums","8":"first","9":"instock","10":"sale","11":"featured","12":"shipping-taxable","13":"purchasable","14":"product-type-simple"},"acf":[],"_links":{"self":[{"href":"https:\/\/www.lomoro.nl\/de\/wp-json\/wp\/v2\/product\/4253","targetHints":{"allow":["GET"]}}],"collection":[{"href":"https:\/\/www.lomoro.nl\/de\/wp-json\/wp\/v2\/product"}],"about":[{"href":"https:\/\/www.lomoro.nl\/de\/wp-json\/wp\/v2\/types\/product"}],"wp:featuredmedia":[{"embeddable":true,"href":"https:\/\/www.lomoro.nl\/de\/wp-json\/wp\/v2\/media\/2080"}],"wp:attachment":[{"href":"https:\/\/www.lomoro.nl\/de\/wp-json\/wp\/v2\/media?parent=4253"}],"wp:term":[{"taxonomy":"product_brand","embeddable":true,"href":"https:\/\/www.lomoro.nl\/de\/wp-json\/wp\/v2\/product_brand?post=4253"},{"taxonomy":"product_cat","embeddable":true,"href":"https:\/\/www.lomoro.nl\/de\/wp-json\/wp\/v2\/product_cat?post=4253"},{"taxonomy":"product_tag","embeddable":true,"href":"https:\/\/www.lomoro.nl\/de\/wp-json\/wp\/v2\/product_tag?post=4253"}],"curies":[{"name":"wp","href":"https:\/\/api.w.org\/{rel}","templated":true}]}}