{"id":4257,"date":"2024-12-11T12:19:53","date_gmt":"2024-12-11T12:19:53","guid":{"rendered":"https:\/\/lomoro.nl\/?post_type=product&#038;p=4257"},"modified":"2025-01-04T11:40:20","modified_gmt":"2025-01-04T11:40:20","slug":"smoking-77","status":"publish","type":"product","link":"https:\/\/www.lomoro.nl\/de\/products\/smoking-77\/","title":{"rendered":"Schwarzer Herren-Smokinganzug"},"content":{"rendered":"<p>Der schwarze Herren-Smoking bietet eine unverwechselbare Eleganz, die sich perfekt f\u00fcr formelle und prestigetr\u00e4chtige Anl\u00e4sse eignet. Der Smokinganzug ist mit einem einreihigen Blazer ausgestattet, der mit Satinrevers f\u00fcr einen klassischen und luxuri\u00f6sen Look versehen ist. Die passende Slim-Fit-Hose sorgt f\u00fcr eine raffinierte Passform, w\u00e4hrend die schwarze Farbe den Anzug zeitlos macht und sich problemlos mit verschiedenen Accessoires und Shirts kombinieren l\u00e4sst. Der Smokinganzug strahlt eine Eleganz aus, die perfekt zur Exklusivit\u00e4t von Veranstaltungen wie Hochzeiten und Galas passt.<\/p>\n<p>Dieser Smokinganzug ist aus einer hochwertigen Wollmischung gefertigt, die atmungsaktiv ist und daf\u00fcr sorgt, dass Sie sich den ganzen Tag \u00fcber wohl f\u00fchlen, selbst bei den formellsten Anl\u00e4ssen. Die sorgf\u00e4ltig ausgew\u00e4hlten Materialien und das stilvolle Design machen den Anzug nicht nur zu einer modischen Wahl, sondern auch zu einer Investition in langanhaltenden Komfort und zeitlose Eleganz. Ob Sie an einer Hochzeit, einer Gala oder einer anderen formellen Veranstaltung teilnehmen, dieser Smokinganzug wird mit Sicherheit einen starken Eindruck hinterlassen.<\/p>\n<table>\n<tbody>\n<tr>\n<td><b>Merkmal<\/b><\/td>\n<td><b>Details<\/b><\/td>\n<\/tr>\n<tr>\n<td><b>Material<\/b><\/td>\n<td><span style=\"font-weight: 400;\">Premium-Wollmischung<\/span><\/td>\n<\/tr>\n<tr>\n<td><b>Farbe<\/b><\/td>\n<td>Tiefschwarz<\/td>\n<\/tr>\n<tr>\n<td><b>Verf\u00fcgbare Gr\u00f6\u00dfen<\/b><\/td>\n<td><span style=\"font-weight: 400;\">Kleine Gr\u00f6\u00dfen 46-62 \/ Gro\u00dfe Gr\u00f6\u00dfen 58-72<\/span><\/td>\n<\/tr>\n<tr>\n<td><b>Passform<\/b><\/td>\n<td><span style=\"font-weight: 400;\">Slim Fit f\u00fcr einen modernen Look<\/span><\/td>\n<\/tr>\n<tr>\n<td><b>Waschanleitung<\/b><\/td>\n<td><span style=\"font-weight: 400;\">Nur professionelle chemische Reinigung<\/span><\/td>\n<\/tr>\n<\/tbody>\n<\/table>\n","protected":false},"excerpt":{"rendered":"<p>Der schwarze Herren-Smoking ist die perfekte Wahl f\u00fcr formelle Anl\u00e4sse, bei denen Stil und Eleganz unerl\u00e4sslich sind. Das klassische Design und die luxuri\u00f6se Verarbeitung sorgen f\u00fcr einen zeitlosen Look, ideal f\u00fcr Hochzeiten, Galas und andere besondere Anl\u00e4sse. Mit seiner stilvollen schwarzen Farbe und der hochwertigen Verarbeitung ist dieser Smokinganzug nicht nur eine modische Wahl, sondern auch \u00e4u\u00dferst bequem f\u00fcr den Langzeitgebrauch. Es bietet die perfekte Kombination aus Luxus, Komfort und Raffinesse.<\/p>\n<p>\u2702\ufe0f Perfekte Passform, speziell f\u00fcr Dich gefertigt.<\/p>\n<p>\ud83d\udc54 Individuelle Beratung f\u00fcr Ihren einzigartigen Look.<\/p>\n<p>\ud83e\uddf5 Hochwertige Materialien f\u00fcr ultimativen Komfort.<\/p>\n<p>\ud83c\udfa8 Stilvoll f\u00fcr jeden Anlass.<\/p>\n<p>\ud83c\udf81 Genie\u00dfen Sie bei jedem Ladenbesuch ein kostenloses Geschenk!<\/p>\n","protected":false},"featured_media":6477,"template":"","meta":{"_acf_changed":false},"product_brand":[],"product_cat":[149],"product_tag":[],"class_list":{"0":"post-4257","1":"product","2":"type-product","3":"status-publish","4":"has-post-thumbnail","6":"product_cat-smoking-kostuums","8":"first","9":"instock","10":"sale","11":"shipping-taxable","12":"purchasable","13":"product-type-simple"},"acf":[],"_links":{"self":[{"href":"https:\/\/www.lomoro.nl\/de\/wp-json\/wp\/v2\/product\/4257","targetHints":{"allow":["GET"]}}],"collection":[{"href":"https:\/\/www.lomoro.nl\/de\/wp-json\/wp\/v2\/product"}],"about":[{"href":"https:\/\/www.lomoro.nl\/de\/wp-json\/wp\/v2\/types\/product"}],"wp:featuredmedia":[{"embeddable":true,"href":"https:\/\/www.lomoro.nl\/de\/wp-json\/wp\/v2\/media\/6477"}],"wp:attachment":[{"href":"https:\/\/www.lomoro.nl\/de\/wp-json\/wp\/v2\/media?parent=4257"}],"wp:term":[{"taxonomy":"product_brand","embeddable":true,"href":"https:\/\/www.lomoro.nl\/de\/wp-json\/wp\/v2\/product_brand?post=4257"},{"taxonomy":"product_cat","embeddable":true,"href":"https:\/\/www.lomoro.nl\/de\/wp-json\/wp\/v2\/product_cat?post=4257"},{"taxonomy":"product_tag","embeddable":true,"href":"https:\/\/www.lomoro.nl\/de\/wp-json\/wp\/v2\/product_tag?post=4257"}],"curies":[{"name":"wp","href":"https:\/\/api.w.org\/{rel}","templated":true}]}}