{"id":4260,"date":"2024-12-07T10:28:26","date_gmt":"2024-12-07T10:28:26","guid":{"rendered":"https:\/\/lomoro.nl\/?post_type=product&#038;p=4260"},"modified":"2025-01-04T11:35:38","modified_gmt":"2025-01-04T11:35:38","slug":"3-delig-pak-7","status":"publish","type":"product","link":"https:\/\/www.lomoro.nl\/de\/products\/3-delig-pak-7\/","title":{"rendered":"Dreiteilige Herrenjacke"},"content":{"rendered":"<section id=\"shopify-section-template--23762923880771__rich_text_kx9yLB\" class=\"shopify-section section\">\n<div class=\"isolate\">\n<div class=\"rich-text content-container color-scheme-1 gradient rich-text--full-width content-container--full-width section-template--23762923880771__rich_text_kx9yLB-padding\">\n<div class=\"rich-text__wrapper rich-text__wrapper--left page-width\">\n<div class=\"rich-text__blocks left\">\n<div class=\"rich-text__text rte scroll-trigger animate--slide-in\" data-cascade=\"\">\n<p>Betreten Sie die raffinierte Welt der Eleganz mit unserem dreiteiligen Herrenanzug. Dieser Anzug wurde speziell f\u00fcr den modernen Mann entworfen und bietet einen zeitlosen und stilvollen Look. Es besteht aus hochwertigen Stoffen und garantiert sowohl Komfort als auch Haltbarkeit. Das Slim-Fit-Design betont Ihre K\u00f6rperform und sorgt daf\u00fcr, dass Sie sich den ganzen Tag lang wohlf\u00fchlen. Ganz gleich, ob Sie an einer Hochzeit, einem beruflichen Meeting oder einem zwanglosen Treffen teilnehmen, diese Anzugjacke verleiht Ihrem Gesamtbild einen Hauch von Eleganz. W\u00e4hlen Sie aus einer Vielzahl von Farben und Gr\u00f6\u00dfen, um die perfekte Passform zu finden.<\/p>\n<\/div>\n<table style=\"height: 341px;\" width=\"648\">\n<tbody>\n<tr>\n<td><b>Merkmal<\/b><\/td>\n<td><b>Details<\/b><\/td>\n<\/tr>\n<tr>\n<td><b>Material<\/b><\/td>\n<td><span style=\"font-weight: 400;\">Luxuri\u00f6se Wollmischung<\/span><\/td>\n<\/tr>\n<tr>\n<td><b>Farbe<\/b><\/td>\n<td><span style=\"font-weight: 400;\">Gem\u00fcse<\/span><\/td>\n<\/tr>\n<tr>\n<td><b>Verf\u00fcgbare Gr\u00f6\u00dfen<\/b><\/td>\n<td><span style=\"font-weight: 400;\">Kleine Gr\u00f6\u00dfen 46-62 \/ Gro\u00dfe Gr\u00f6\u00dfen 58-72<\/span><\/td>\n<\/tr>\n<tr>\n<td><b>Passform<\/b><\/td>\n<td><span style=\"font-weight: 400;\">Slim Fit f\u00fcr einen eleganten Look<\/span><\/td>\n<\/tr>\n<tr>\n<td><b>Waschanleitung<\/b><\/td>\n<td><span style=\"font-weight: 400;\">Professionelle chemische Reinigung<\/span><\/td>\n<\/tr>\n<\/tbody>\n<\/table>\n<\/div>\n<\/div>\n<\/div>\n<\/div>\n<\/section>\n","protected":false},"excerpt":{"rendered":"<div class=\"product__tax caption rte\">\n<p>Der dreiteilige Sakko-Herrenanzug ist die perfekte Wahl f\u00fcr den modernen Mann, der einen zeitlosen und stilvollen Look sucht. Dieser ma\u00dfgeschneiderte Anzug vereint Komfort mit Eleganz und eignet sich daher f\u00fcr verschiedene formelle Anl\u00e4sse.<\/p>\n<p>Der dreiteilige Anzug von Lomoro ist ein ma\u00dfgeschneidertes Ensemble, bestehend aus einer eleganten Jacke, einer passenden Weste und einer klassischen Hose, die alle so gestaltet sind, dass sie sich perfekt erg\u00e4nzen. Dieser aus hochwertigem Stoff gefertigte Anzug bietet sowohl Komfort als auch Haltbarkeit und ist somit eine ausgezeichnete Wahl f\u00fcr formelle Veranstaltungen oder besondere Anl\u00e4sse.<\/p>\n<p>\u2702\ufe0f Perfekte Passform, speziell f\u00fcr Dich gefertigt.<\/p>\n<p>\ud83d\udc54 Individuelle Beratung f\u00fcr Ihren einzigartigen Look.<\/p>\n<p>\ud83e\uddf5 Hochwertige Materialien f\u00fcr ultimativen Komfort.<\/p>\n<p>\ud83c\udfa8 Stilvoll f\u00fcr jeden Anlass.<\/p>\n<p>\ud83c\udf81 Genie\u00dfen Sie bei jedem Ladenbesuch ein kostenloses Geschenk!<\/p>\n<\/div>\n","protected":false},"featured_media":1759,"template":"","meta":{"_acf_changed":false},"product_brand":[],"product_cat":[114],"product_tag":[],"class_list":{"0":"post-4260","1":"product","2":"type-product","3":"status-publish","4":"has-post-thumbnail","6":"product_cat-3-delig-kostuums","8":"first","9":"instock","10":"sale","11":"shipping-taxable","12":"purchasable","13":"product-type-simple"},"acf":[],"_links":{"self":[{"href":"https:\/\/www.lomoro.nl\/de\/wp-json\/wp\/v2\/product\/4260","targetHints":{"allow":["GET"]}}],"collection":[{"href":"https:\/\/www.lomoro.nl\/de\/wp-json\/wp\/v2\/product"}],"about":[{"href":"https:\/\/www.lomoro.nl\/de\/wp-json\/wp\/v2\/types\/product"}],"wp:featuredmedia":[{"embeddable":true,"href":"https:\/\/www.lomoro.nl\/de\/wp-json\/wp\/v2\/media\/1759"}],"wp:attachment":[{"href":"https:\/\/www.lomoro.nl\/de\/wp-json\/wp\/v2\/media?parent=4260"}],"wp:term":[{"taxonomy":"product_brand","embeddable":true,"href":"https:\/\/www.lomoro.nl\/de\/wp-json\/wp\/v2\/product_brand?post=4260"},{"taxonomy":"product_cat","embeddable":true,"href":"https:\/\/www.lomoro.nl\/de\/wp-json\/wp\/v2\/product_cat?post=4260"},{"taxonomy":"product_tag","embeddable":true,"href":"https:\/\/www.lomoro.nl\/de\/wp-json\/wp\/v2\/product_tag?post=4260"}],"curies":[{"name":"wp","href":"https:\/\/api.w.org\/{rel}","templated":true}]}}