{"id":4265,"date":"2024-12-11T12:13:01","date_gmt":"2024-12-11T12:13:01","guid":{"rendered":"https:\/\/lomoro.nl\/?post_type=product&#038;p=4265"},"modified":"2025-01-04T11:45:10","modified_gmt":"2025-01-04T11:45:10","slug":"smoking-66","status":"publish","type":"product","link":"https:\/\/www.lomoro.nl\/de\/products\/smoking-66\/","title":{"rendered":"Klassischer schwarzer Smokinganzug f\u00fcr Herren"},"content":{"rendered":"<p>Unsere klassische Kleidung f\u00fcr Galas und Hochzeiten hinterl\u00e4sst einen bleibenden Eindruck Ihrer Pers\u00f6nlichkeit. Diese opulente Galakleidung wurde fachm\u00e4nnisch f\u00fcr M\u00e4nner entworfen, die Stil und Einzigartigkeit sch\u00e4tzen. Unsere beste Ballkleidung besteht aus hochwertigen Materialien und bietet eine perfekte Passform f\u00fcr unvergleichlichen Komfort. Ganz gleich, ob Sie auf der Suche nach formeller Herrenbekleidung oder etwas Raffiniertem aus dieser Kategorie sind, unsere Kollektion bietet Optionen, mit denen Sie sich von der Masse abheben. Ob Hochzeit oder formeller Anlass, diese Herren-Abendgarderobe wertet Ihre stilvolle Garderobe auf. Aufgrund der fachm\u00e4nnischen Handwerkskunst und der Liebe zum Detail ist unsere Gala-Kleidung die ideale Wahl f\u00fcr alle, die Gala-Kleidung kaufen und einen bleibenden Eindruck hinterlassen m\u00f6chten.<\/p>\n<p>Der klassische Gala-Smoking f\u00fcr Herren in Schwarz ist so konzipiert, dass er bei jedem formellen Anlass einen unverwechselbaren Eindruck hinterl\u00e4sst. Der einreihige Blazer mit Satinrevers bietet einen luxuri\u00f6sen Look, der perfekt zur edlen Atmosph\u00e4re einer Gala oder Hochzeit passt. Die passende Slim-Fit-Hose sorgt f\u00fcr eine stromlinienf\u00f6rmige und schmeichelhafte Passform, die Ihnen den ganzen Tag \u00fcber Komfort bietet. Die klassische schwarze Farbe macht den Smokinganzug vielseitig und zeitlos und eignet sich f\u00fcr verschiedene formelle Anl\u00e4sse.<\/p>\n<p>Dieser Smokinganzug besteht aus einer hochwertigen Wollmischung, die f\u00fcr Atmungsaktivit\u00e4t und lang anhaltenden Komfort sorgt. Die dezenten Satindetails und die raffinierte Verarbeitung machen ihn zu einer ausgezeichneten Wahl f\u00fcr alle, die einen stilvollen und eleganten Anzug suchen. Ob Hochzeit, Gala oder andere formelle Anl\u00e4sse, dieser Smokinganzug bietet die perfekte Kombination aus Stil und Komfort.<\/p>\n<table>\n<tbody>\n<tr>\n<td><b>Merkmal<\/b><\/td>\n<td><b>Details<\/b><\/td>\n<\/tr>\n<tr>\n<td><b>Material<\/b><\/td>\n<td><span style=\"font-weight: 400;\">Premium-Wollmischung<\/span><\/td>\n<\/tr>\n<tr>\n<td><b>Farbe<\/b><\/td>\n<td>Klassisches Schwarz<\/td>\n<\/tr>\n<tr>\n<td><b>Verf\u00fcgbare Gr\u00f6\u00dfen<\/b><\/td>\n<td><span style=\"font-weight: 400;\">Kleine Gr\u00f6\u00dfen 46-62 \/ Gro\u00dfe Gr\u00f6\u00dfen 58-72<\/span><\/td>\n<\/tr>\n<tr>\n<td><b>Passform<\/b><\/td>\n<td><span style=\"font-weight: 400;\">Slim Fit f\u00fcr einen modernen Look<\/span><\/td>\n<\/tr>\n<tr>\n<td><b>Waschanleitung<\/b><\/td>\n<td><span style=\"font-weight: 400;\">Nur professionelle chemische Reinigung<\/span><\/td>\n<\/tr>\n<\/tbody>\n<\/table>\n","protected":false},"excerpt":{"rendered":"<p>Der klassische schwarze Gala-Smoking f\u00fcr Herren bietet die perfekte Kombination aus zeitloser Eleganz und raffiniertem Stil. Dieser Smokinganzug ist die ideale Wahl f\u00fcr formelle Anl\u00e4sse wie Galas, Hochzeiten oder andere besondere Anl\u00e4sse. Mit seiner luxuri\u00f6sen schwarzen Farbe und der erstklassigen Verarbeitung sorgt dieser Smokinganzug f\u00fcr einen unverwechselbaren, edlen Look. Es bietet nicht nur ein elegantes Aussehen, sondern auch Komfort und Flexibilit\u00e4t f\u00fcr den ganzen Tag.<\/p>\n<p>\u2702\ufe0f Perfekte Passform, speziell f\u00fcr Dich gefertigt.<\/p>\n<p>\ud83d\udc54 Individuelle Beratung f\u00fcr Ihren einzigartigen Look.<\/p>\n<p>\ud83e\uddf5 Hochwertige Materialien f\u00fcr ultimativen Komfort.<\/p>\n<p>\ud83c\udfa8 Stilvoll f\u00fcr jeden Anlass.<\/p>\n<p>\ud83c\udf81 Genie\u00dfen Sie bei jedem Ladenbesuch ein kostenloses Geschenk!<\/p>\n","protected":false},"featured_media":2110,"template":"","meta":{"_acf_changed":false},"product_brand":[],"product_cat":[149],"product_tag":[],"class_list":{"0":"post-4265","1":"product","2":"type-product","3":"status-publish","4":"has-post-thumbnail","6":"product_cat-smoking-kostuums","8":"first","9":"instock","10":"sale","11":"shipping-taxable","12":"purchasable","13":"product-type-simple"},"acf":[],"_links":{"self":[{"href":"https:\/\/www.lomoro.nl\/de\/wp-json\/wp\/v2\/product\/4265","targetHints":{"allow":["GET"]}}],"collection":[{"href":"https:\/\/www.lomoro.nl\/de\/wp-json\/wp\/v2\/product"}],"about":[{"href":"https:\/\/www.lomoro.nl\/de\/wp-json\/wp\/v2\/types\/product"}],"wp:featuredmedia":[{"embeddable":true,"href":"https:\/\/www.lomoro.nl\/de\/wp-json\/wp\/v2\/media\/2110"}],"wp:attachment":[{"href":"https:\/\/www.lomoro.nl\/de\/wp-json\/wp\/v2\/media?parent=4265"}],"wp:term":[{"taxonomy":"product_brand","embeddable":true,"href":"https:\/\/www.lomoro.nl\/de\/wp-json\/wp\/v2\/product_brand?post=4265"},{"taxonomy":"product_cat","embeddable":true,"href":"https:\/\/www.lomoro.nl\/de\/wp-json\/wp\/v2\/product_cat?post=4265"},{"taxonomy":"product_tag","embeddable":true,"href":"https:\/\/www.lomoro.nl\/de\/wp-json\/wp\/v2\/product_tag?post=4265"}],"curies":[{"name":"wp","href":"https:\/\/api.w.org\/{rel}","templated":true}]}}