{"id":4266,"date":"2024-12-07T10:36:54","date_gmt":"2024-12-07T10:36:54","guid":{"rendered":"https:\/\/lomoro.nl\/?post_type=product&#038;p=4266"},"modified":"2025-02-05T10:45:54","modified_gmt":"2025-02-05T10:45:54","slug":"3-delig-pak-12","status":"publish","type":"product","link":"https:\/\/www.lomoro.nl\/de\/products\/3-delig-pak-12\/","title":{"rendered":"Dreiteilige formelle Kleidung"},"content":{"rendered":"<section id=\"shopify-section-template--23762923880771__rich_text_kx9yLB\" class=\"shopify-section section\">\n<div class=\"isolate\">\n<div class=\"rich-text content-container color-scheme-1 gradient rich-text--full-width content-container--full-width section-template--23762923880771__rich_text_kx9yLB-padding\">\n<div class=\"rich-text__wrapper rich-text__wrapper--left page-width\">\n<div class=\"rich-text__blocks left\">\n<div class=\"rich-text__text rte scroll-trigger animate--slide-in\" data-cascade=\"\">\n<p>Der dreiteilige formelle Anzug von Lomoro verk\u00f6rpert eine perfekte Mischung aus Eleganz und Komfort und ist somit ideal f\u00fcr Hochzeiten, Gesch\u00e4ftstreffen und andere formelle Anl\u00e4sse. Dieser aus hochwertigen Materialien gefertigte dreiteilige Anzug gew\u00e4hrleistet eine einwandfreie Passform und bietet sowohl Haltbarkeit als auch Stil. Das ma\u00dfgeschneiderte Design betont Ihren K\u00f6rper und l\u00e4sst ihn dennoch leicht bewegen, sodass er den ganzen Tag \u00fcber getragen werden kann.<\/p>\n<p>Der Anzug besteht aus einer einreihigen Jacke, einer passenden Weste und einer Hose mit flacher Vorderseite. Diese Kombination bietet Flexibilit\u00e4t, sodass Sie sie f\u00fcr verschiedene Anl\u00e4sse stylen k\u00f6nnen. Dank der zeitlosen Optik der klassischen Farben l\u00e4sst sich der Anzug m\u00fchelos mit verschiedenen Hemd- und Krawattenkombinationen kombinieren.<\/p>\n<p>Ganz gleich, ob Sie den Gang entlanggehen oder an einer Firmenveranstaltung teilnehmen, mit der dreiteiligen Abendgarderobe hinterlassen Sie garantiert einen bleibenden Eindruck.<\/p>\n<table>\n<tbody>\n<tr>\n<td><b>Merkmal<\/b><\/td>\n<td><b>Details<\/b><\/td>\n<\/tr>\n<tr>\n<td><b>Material<\/b><\/td>\n<td><span style=\"font-weight: 400;\">Luxuri\u00f6se Wollmischung<\/span><\/td>\n<\/tr>\n<tr>\n<td><b>Farbe<\/b><\/td>\n<td><span style=\"font-weight: 400;\">Marineblauw<\/span><\/td>\n<\/tr>\n<tr>\n<td><b>Verf\u00fcgbare Gr\u00f6\u00dfen<\/b><\/td>\n<td><span style=\"font-weight: 400;\">Kleine Gr\u00f6\u00dfen 46-62 \/ Gro\u00dfe Gr\u00f6\u00dfen 58-72<\/span><\/td>\n<\/tr>\n<tr>\n<td><b>Passform<\/b><\/td>\n<td><span style=\"font-weight: 400;\">Slim Fit f\u00fcr einen eleganten Look<\/span><\/td>\n<\/tr>\n<tr>\n<td><b>Waschanleitung<\/b><\/td>\n<td><span style=\"font-weight: 400;\">Professionelle chemische Reinigung<\/span><\/td>\n<\/tr>\n<\/tbody>\n<\/table>\n<\/div>\n<\/div>\n<\/div>\n<\/div>\n<\/div>\n<\/section>\n","protected":false},"excerpt":{"rendered":"<div class=\"product__tax caption rte\">\n<p>Das dreiteilige Set f\u00fcr formelle Kleidung ist ein vielseitiges und anspruchsvolles Ensemble f\u00fcr alle, die Wert auf Eleganz und Professionalit\u00e4t legen. Dieser formelle dreiteilige Anzug ist eine zeitlose Wahl und kombiniert modernen Stil mit klassischer Schneiderkunst, um den Anforderungen jedes formellen Anlasses gerecht zu werden.<\/p>\n<p>Der dreiteilige Anzug von Lomoro ist ein sorgf\u00e4ltig gefertigtes Ensemble, das sowohl Eleganz als auch Komfort bietet. Dieser Anzug besteht aus einer ma\u00dfgeschneiderten Jacke, einer passenden Weste und einer klassischen Hose, die alle aus hochwertigen Materialien gefertigt sind, um Haltbarkeit und einen eleganten Look zu gew\u00e4hrleisten. Das Slim-Fit-Design betont die Silhouette des Tr\u00e4gers und eignet sich daher f\u00fcr eine Vielzahl formeller Anl\u00e4sse. Der Anzug ist in mehreren Farben erh\u00e4ltlich, sodass Sie die Farbe w\u00e4hlen k\u00f6nnen, die am besten zu Ihrem pers\u00f6nlichen Stil passt.<\/p>\n<p>\u2702\ufe0f Perfekte Passform, speziell f\u00fcr Dich gefertigt.<\/p>\n<p>\ud83d\udc54 Individuelle Beratung f\u00fcr Ihren einzigartigen Look.<\/p>\n<p>\ud83e\uddf5 Hochwertige Materialien f\u00fcr ultimativen Komfort.<\/p>\n<p>\ud83c\udfa8 Stilvoll f\u00fcr jeden Anlass.<\/p>\n<p>\ud83c\udf81 Genie\u00dfen Sie bei jedem Ladenbesuch ein kostenloses Geschenk!<\/p>\n<\/div>\n","protected":false},"featured_media":1774,"template":"","meta":{"_acf_changed":false},"product_brand":[],"product_cat":[114],"product_tag":[],"class_list":{"0":"post-4266","1":"product","2":"type-product","3":"status-publish","4":"has-post-thumbnail","6":"product_cat-3-delig-kostuums","8":"first","9":"instock","10":"sale","11":"shipping-taxable","12":"purchasable","13":"product-type-simple"},"acf":[],"_links":{"self":[{"href":"https:\/\/www.lomoro.nl\/de\/wp-json\/wp\/v2\/product\/4266","targetHints":{"allow":["GET"]}}],"collection":[{"href":"https:\/\/www.lomoro.nl\/de\/wp-json\/wp\/v2\/product"}],"about":[{"href":"https:\/\/www.lomoro.nl\/de\/wp-json\/wp\/v2\/types\/product"}],"wp:featuredmedia":[{"embeddable":true,"href":"https:\/\/www.lomoro.nl\/de\/wp-json\/wp\/v2\/media\/1774"}],"wp:attachment":[{"href":"https:\/\/www.lomoro.nl\/de\/wp-json\/wp\/v2\/media?parent=4266"}],"wp:term":[{"taxonomy":"product_brand","embeddable":true,"href":"https:\/\/www.lomoro.nl\/de\/wp-json\/wp\/v2\/product_brand?post=4266"},{"taxonomy":"product_cat","embeddable":true,"href":"https:\/\/www.lomoro.nl\/de\/wp-json\/wp\/v2\/product_cat?post=4266"},{"taxonomy":"product_tag","embeddable":true,"href":"https:\/\/www.lomoro.nl\/de\/wp-json\/wp\/v2\/product_tag?post=4266"}],"curies":[{"name":"wp","href":"https:\/\/api.w.org\/{rel}","templated":true}]}}