{"id":4270,"date":"2024-12-11T12:05:58","date_gmt":"2024-12-11T12:05:58","guid":{"rendered":"https:\/\/lomoro.nl\/?post_type=product&#038;p=4270"},"modified":"2025-01-04T11:53:35","modified_gmt":"2025-01-04T11:53:35","slug":"smoking-55","status":"publish","type":"product","link":"https:\/\/www.lomoro.nl\/de\/products\/smoking-55\/","title":{"rendered":"Smokinganzug f\u00fcr Herren"},"content":{"rendered":"<p>Werten Sie Ihren Auftritt mit unserem Smoking-Anzug mit schwarzer Krawatte f\u00fcr Hochzeiten auf. Dieser luxuri\u00f6se Smoking mit schwarzer Krawatte ist f\u00fcr M\u00e4nner konzipiert, die Raffinesse und Eleganz sch\u00e4tzen. Hergestellt aus hochwertigen Stoffen garantiert es eine perfekte Passform und bietet hervorragenden Komfort. Speziell f\u00fcr Hochzeiten, Galas oder formelle Anl\u00e4sse gefertigt, unterstreicht diese Smokingjacke Ihren Stil und passt perfekt zum Dresscode \u201eSmoking Black Tie\u201c. W\u00e4hlen Sie aus einem breiten Sortiment, was zu Ihrem K\u00f6rper passt. Mit besonderem Augenmerk auf die Qualit\u00e4t des Stoffes und die Liebe zum Detail ist diese schwarze Smoking-Krawatte eine unverzichtbare Erg\u00e4nzung f\u00fcr die Garderobe eines jeden stilvollen Mannes.<\/p>\n<p>Der schwarze Smokinganzug f\u00fcr Hochzeiten vereint traditionellen Charme mit moderner Eleganz und ist damit die ideale Wahl f\u00fcr Br\u00e4utigame, die einen unverwechselbaren Eindruck hinterlassen m\u00f6chten. Der einreihige Blazer mit Satin-Schalkragen bietet einen luxuri\u00f6sen Look, der perfekt zur formellen Atmosph\u00e4re einer Hochzeit passt. Die passende Slim-Fit-Hose sorgt f\u00fcr einen stromlinienf\u00f6rmigen Look und Komfort, sodass Sie den ganzen Tag \u00fcber stilvoll Spa\u00df haben k\u00f6nnen.<\/p>\n<p>Dieser Smokinganzug besteht aus einer hochwertigen Wollmischung und bietet sowohl Haltbarkeit als auch Atmungsaktivit\u00e4t. Die raffinierte Verarbeitung und die subtilen Details wie die Satinkn\u00f6pfe machen diesen Anzug zu einem Ausdruck von Klasse und Raffinesse. Egal, ob Sie etwas Klassisches oder einen modernen Touch suchen, dieser Smokinganzug ist die perfekte Wahl f\u00fcr einen eleganten Hochzeitslook.<\/p>\n<table>\n<tbody>\n<tr>\n<td><b>Merkmal<\/b><\/td>\n<td><b>Details<\/b><\/td>\n<\/tr>\n<tr>\n<td><b>Material<\/b><\/td>\n<td><span style=\"font-weight: 400;\">Premium-Wollmischung<\/span><\/td>\n<\/tr>\n<tr>\n<td><b>Farbe<\/b><\/td>\n<td>Klassisches Schwarz<\/td>\n<\/tr>\n<tr>\n<td><b>Verf\u00fcgbare Gr\u00f6\u00dfen<\/b><\/td>\n<td><span style=\"font-weight: 400;\">Kleine Gr\u00f6\u00dfen 46-62 \/ Gro\u00dfe Gr\u00f6\u00dfen 58-72<\/span><\/td>\n<\/tr>\n<tr>\n<td><b>Passform<\/b><\/td>\n<td><span style=\"font-weight: 400;\">Slim Fit f\u00fcr einen modernen Look<\/span><\/td>\n<\/tr>\n<tr>\n<td><b>Waschanleitung<\/b><\/td>\n<td><span style=\"font-weight: 400;\">Nur professionelle chemische Reinigung<\/span><\/td>\n<\/tr>\n<\/tbody>\n<\/table>\n","protected":false},"excerpt":{"rendered":"<p>Der schwarze Smokinganzug f\u00fcr Hochzeiten ist die ultimative Wahl f\u00fcr den modernen Br\u00e4utigam, der einen eleganten, klassischen Look sucht. Mit seiner zeitlosen schwarzen Farbe und luxuri\u00f6sen Verarbeitung strahlt dieser Smokinganzug Eleganz am sch\u00f6nsten Tag Ihres Lebens aus. Dieser Smokinganzug ist auf Komfort und Stil ausgelegt und hat eine perfekte Passform, die Ihnen den ganzen Tag \u00fcber Selbstvertrauen gibt. Aus hochwertigen Stoffen gefertigt, ist es die ideale Wahl f\u00fcr eine formelle Hochzeit oder einen Gala-Anlass.<\/p>\n<p>\u2702\ufe0f Perfekte Passform, speziell f\u00fcr Dich gefertigt.<\/p>\n<p>\ud83d\udc54 Individuelle Beratung f\u00fcr Ihren einzigartigen Look.<\/p>\n<p>\ud83e\uddf5 Hochwertige Materialien f\u00fcr ultimativen Komfort.<\/p>\n<p>\ud83c\udfa8 Stilvoll f\u00fcr jeden Anlass.<\/p>\n<p>\ud83c\udf81 Genie\u00dfen Sie bei jedem Ladenbesuch ein kostenloses Geschenk!<\/p>\n","protected":false},"featured_media":6486,"template":"","meta":{"_acf_changed":false},"product_brand":[],"product_cat":[149],"product_tag":[],"class_list":{"0":"post-4270","1":"product","2":"type-product","3":"status-publish","4":"has-post-thumbnail","6":"product_cat-smoking-kostuums","8":"first","9":"instock","10":"sale","11":"shipping-taxable","12":"purchasable","13":"product-type-simple"},"acf":[],"_links":{"self":[{"href":"https:\/\/www.lomoro.nl\/de\/wp-json\/wp\/v2\/product\/4270","targetHints":{"allow":["GET"]}}],"collection":[{"href":"https:\/\/www.lomoro.nl\/de\/wp-json\/wp\/v2\/product"}],"about":[{"href":"https:\/\/www.lomoro.nl\/de\/wp-json\/wp\/v2\/types\/product"}],"wp:featuredmedia":[{"embeddable":true,"href":"https:\/\/www.lomoro.nl\/de\/wp-json\/wp\/v2\/media\/6486"}],"wp:attachment":[{"href":"https:\/\/www.lomoro.nl\/de\/wp-json\/wp\/v2\/media?parent=4270"}],"wp:term":[{"taxonomy":"product_brand","embeddable":true,"href":"https:\/\/www.lomoro.nl\/de\/wp-json\/wp\/v2\/product_brand?post=4270"},{"taxonomy":"product_cat","embeddable":true,"href":"https:\/\/www.lomoro.nl\/de\/wp-json\/wp\/v2\/product_cat?post=4270"},{"taxonomy":"product_tag","embeddable":true,"href":"https:\/\/www.lomoro.nl\/de\/wp-json\/wp\/v2\/product_tag?post=4270"}],"curies":[{"name":"wp","href":"https:\/\/api.w.org\/{rel}","templated":true}]}}