{"id":4273,"date":"2024-12-07T09:38:19","date_gmt":"2024-12-07T09:38:19","guid":{"rendered":"https:\/\/lomoro.nl\/?post_type=product&#038;p=4273"},"modified":"2025-01-04T11:57:04","modified_gmt":"2025-01-04T11:57:04","slug":"3-delig-pak-10","status":"publish","type":"product","link":"https:\/\/www.lomoro.nl\/de\/products\/3-delig-pak-10\/","title":{"rendered":"3-teiliger Galaanzug Herren"},"content":{"rendered":"<p>Der dreiteilige Gala-Anzug f\u00fcr Herren ist die ultimative Wahl f\u00fcr M\u00e4nner, die bei ihrer Abendgarderobe Wert auf Raffinesse legen. Dieser dreiteilige Anzug besteht aus einer einreihigen Jacke, einer passenden Weste und einer ma\u00dfgeschneiderten Hose und ergibt ein komplettes Ensemble, das ebenso vielseitig wie stilvoll ist.<\/p>\n<p>Dieser sorgf\u00e4ltig aus hochwertigen Materialien gefertigte Anzug hat einen eleganten Look und eignet sich f\u00fcr formelle Galas, Hochzeiten und andere hochkar\u00e4tige Veranstaltungen. Der tiefschwarze Stoff, aufgewertet mit feinen Details, sorgt f\u00fcr einen Hauch von dezentem Luxus. Der Slim-Fit-Schnitt sorgt f\u00fcr eine scharfe Silhouette, eine perfekte Balance zwischen Eleganz und Komfort.<\/p>\n<p>Ob Sie einen gro\u00dfen Auftritt haben oder an einem exklusiven Meeting teilnehmen, mit diesem Anzug hinterlassen Sie einen bleibenden Eindruck.<\/p>\n<table style=\"height: 352px;\" width=\"559\">\n<tbody>\n<tr>\n<td><b>Merkmal<\/b><\/td>\n<td><b>Details<\/b><\/td>\n<\/tr>\n<tr>\n<td><b>Material<\/b><\/td>\n<td><span style=\"font-weight: 400;\">Luxuri\u00f6se Wollmischung<\/span><\/td>\n<\/tr>\n<tr>\n<td><b>Farbe<\/b><\/td>\n<td><span style=\"font-weight: 400;\">Frisches Blau<\/span><\/td>\n<\/tr>\n<tr>\n<td><b>Verf\u00fcgbare Gr\u00f6\u00dfen<\/b><\/td>\n<td><span style=\"font-weight: 400;\">Kleine Gr\u00f6\u00dfen 46-62 \/ Gro\u00dfe Gr\u00f6\u00dfen 58-72<\/span><\/td>\n<\/tr>\n<tr>\n<td><b>Passform<\/b><\/td>\n<td><span style=\"font-weight: 400;\">Slim Fit f\u00fcr einen eleganten Look<\/span><\/td>\n<\/tr>\n<tr>\n<td><b>Waschanleitung<\/b><\/td>\n<td><span style=\"font-weight: 400;\">Professionelle chemische Reinigung<\/span><\/td>\n<\/tr>\n<\/tbody>\n<\/table>\n<p>&nbsp;<\/p>\n","protected":false},"excerpt":{"rendered":"<div class=\"product__tax caption rte\">\n<p>Der dreiteilige Gala-Anzug f\u00fcr Herren ist ein raffinierter dreiteiliger Anzug, der speziell f\u00fcr M\u00e4nner entwickelt wurde, die einen eleganten Look f\u00fcr formelle Galas, Black-Tie-Events oder anspruchsvolle Zusammenk\u00fcnfte suchen. Dieser Anzug kombiniert klassischen Schnitt mit einem modernen Touch und sorgt daf\u00fcr, dass Sie bei jedem besonderen Anlass Selbstvertrauen und Stil ausstrahlen.<\/p>\n<p>Der dreiteilige Ballanzug f\u00fcr Herren von Lomoro ist ein anspruchsvolles Ensemble f\u00fcr formelle Anl\u00e4sse wie Hochzeiten, Galas und Firmenveranstaltungen. Dieser Anzug besteht aus hochwertigen Materialien und bietet sowohl Komfort als auch Haltbarkeit. Das Slim-Fit-Design betont die Silhouette des Tr\u00e4gers und sorgt f\u00fcr einen scharfen und eleganten Look. Dieser Anzug ist in einer Reihe von Farben und Gr\u00f6\u00dfen erh\u00e4ltlich, einschlie\u00dflich Optionen bis Gr\u00f6\u00dfe 72, und erm\u00f6glicht es Ihnen, die perfekte Passform und den perfekten Stil f\u00fcr Ihre Vorlieben zu finden.<\/p>\n<p>\u2702\ufe0f Perfekte Passform, speziell f\u00fcr Dich gefertigt.<\/p>\n<p>\ud83d\udc54 Individuelle Beratung f\u00fcr Ihren einzigartigen Look.<\/p>\n<p>\ud83e\uddf5 Hochwertige Materialien f\u00fcr ultimativen Komfort.<\/p>\n<p>\ud83c\udfa8 Stilvoll f\u00fcr jeden Anlass.<\/p>\n<p>\ud83c\udf81 Genie\u00dfen Sie bei jedem Ladenbesuch ein kostenloses Geschenk!<\/p>\n<\/div>\n","protected":false},"featured_media":1696,"template":"","meta":{"_acf_changed":false},"product_brand":[],"product_cat":[114],"product_tag":[],"class_list":{"0":"post-4273","1":"product","2":"type-product","3":"status-publish","4":"has-post-thumbnail","6":"product_cat-3-delig-kostuums","8":"first","9":"instock","10":"sale","11":"shipping-taxable","12":"purchasable","13":"product-type-simple"},"acf":[],"_links":{"self":[{"href":"https:\/\/www.lomoro.nl\/de\/wp-json\/wp\/v2\/product\/4273","targetHints":{"allow":["GET"]}}],"collection":[{"href":"https:\/\/www.lomoro.nl\/de\/wp-json\/wp\/v2\/product"}],"about":[{"href":"https:\/\/www.lomoro.nl\/de\/wp-json\/wp\/v2\/types\/product"}],"wp:featuredmedia":[{"embeddable":true,"href":"https:\/\/www.lomoro.nl\/de\/wp-json\/wp\/v2\/media\/1696"}],"wp:attachment":[{"href":"https:\/\/www.lomoro.nl\/de\/wp-json\/wp\/v2\/media?parent=4273"}],"wp:term":[{"taxonomy":"product_brand","embeddable":true,"href":"https:\/\/www.lomoro.nl\/de\/wp-json\/wp\/v2\/product_brand?post=4273"},{"taxonomy":"product_cat","embeddable":true,"href":"https:\/\/www.lomoro.nl\/de\/wp-json\/wp\/v2\/product_cat?post=4273"},{"taxonomy":"product_tag","embeddable":true,"href":"https:\/\/www.lomoro.nl\/de\/wp-json\/wp\/v2\/product_tag?post=4273"}],"curies":[{"name":"wp","href":"https:\/\/api.w.org\/{rel}","templated":true}]}}