{"id":4280,"date":"2024-12-11T11:16:22","date_gmt":"2024-12-11T11:16:22","guid":{"rendered":"https:\/\/lomoro.nl\/?post_type=product&#038;p=4280"},"modified":"2025-01-04T12:11:49","modified_gmt":"2025-01-04T12:11:49","slug":"smoking-22","status":"publish","type":"product","link":"https:\/\/www.lomoro.nl\/de\/products\/smoking-22\/","title":{"rendered":"Klassischer schwarzer Gala-Smoking-Herrenanzug"},"content":{"rendered":"<p>Der klassische schwarze Gala-Smokinganzug kombiniert die traditionelle Eleganz eines Smokings mit modernen Details, die f\u00fcr einen zeitgem\u00e4\u00dfen Look sorgen. Der Anzug besteht aus einem einreihigen Sakko mit Satinrevers, einer passenden Hose und einer Weste und ist somit die perfekte Wahl f\u00fcr jeden formellen Anlass. Die tiefschwarze Farbe und die dezenten Akzente machen diesen Anzug zu einem zeitlosen Klassiker in jeder Garderobe.<\/p>\n<p>Dieser aus hochwertigen Materialien gefertigte Smokinganzug bietet eine bequeme Passform, ohne auf Stil zu verzichten. Der schlanke Schnitt und die Liebe zum Detail, vom Satin-Finish bis zu den hochwertigen Kn\u00f6pfen, heben Sie in jeder Menge hervor. Mit diesem Smoking-Anzug ist Ihnen ein souver\u00e4ner und gepflegter Auftritt sicher, egal ob bei einer Gala, einer Hochzeit oder einem exklusiven Event.<\/p>\n<table>\n<tbody>\n<tr>\n<td><b>Merkmal<\/b><\/td>\n<td><b>Details<\/b><\/td>\n<\/tr>\n<tr>\n<td><b>Material<\/b><\/td>\n<td><span style=\"font-weight: 400;\">Premium-Wollmischung<\/span><\/td>\n<\/tr>\n<tr>\n<td><b>Farbe<\/b><\/td>\n<td>Klassisches Schwarz<\/td>\n<\/tr>\n<tr>\n<td><b>Verf\u00fcgbare Gr\u00f6\u00dfen<\/b><\/td>\n<td><span style=\"font-weight: 400;\">Kleine Gr\u00f6\u00dfen 46-62 \/ Gro\u00dfe Gr\u00f6\u00dfen 58-72<\/span><\/td>\n<\/tr>\n<tr>\n<td><b>Passform<\/b><\/td>\n<td><span style=\"font-weight: 400;\">Slim Fit f\u00fcr einen modernen Look<\/span><\/td>\n<\/tr>\n<tr>\n<td><b>Waschanleitung<\/b><\/td>\n<td><span style=\"font-weight: 400;\">Nur professionelle chemische Reinigung<\/span><\/td>\n<\/tr>\n<\/tbody>\n<\/table>\n","protected":false},"excerpt":{"rendered":"<p>Der klassische schwarze Gala-Smokinganzug ist ein ultimatives Symbol f\u00fcr Eleganz und Raffinesse. Dieser Smokinganzug eignet sich perfekt f\u00fcr formelle Anl\u00e4sse wie Galas, Hochzeiten oder Preisverleihungen und strahlt zeitlose Klasse aus. Mit einer sorgf\u00e4ltig gestalteten Passform und luxuri\u00f6sen Details bietet dieser Smokinganzug nicht nur Stil, sondern auch maximalen Komfort. Der klassische schwarze Farbton erm\u00f6glicht die einfache Kombination mit verschiedenen Accessoires f\u00fcr einen kompletten, stilvollen Look.<\/p>\n<p>\u2702\ufe0f Perfekte Passform, speziell f\u00fcr Dich gefertigt.<\/p>\n<p>\ud83d\udc54 Individuelle Beratung f\u00fcr Ihren einzigartigen Look.<\/p>\n<p>\ud83e\uddf5 Hochwertige Materialien f\u00fcr ultimativen Komfort.<\/p>\n<p>\ud83c\udfa8 Stilvoll f\u00fcr jeden Anlass.<\/p>\n<p>\ud83c\udf81 Genie\u00dfen Sie bei jedem Ladenbesuch ein kostenloses Geschenk!<\/p>\n","protected":false},"featured_media":6481,"template":"","meta":{"_acf_changed":false},"product_brand":[],"product_cat":[149],"product_tag":[],"class_list":{"0":"post-4280","1":"product","2":"type-product","3":"status-publish","4":"has-post-thumbnail","6":"product_cat-smoking-kostuums","8":"first","9":"instock","10":"sale","11":"shipping-taxable","12":"purchasable","13":"product-type-simple"},"acf":[],"_links":{"self":[{"href":"https:\/\/www.lomoro.nl\/de\/wp-json\/wp\/v2\/product\/4280","targetHints":{"allow":["GET"]}}],"collection":[{"href":"https:\/\/www.lomoro.nl\/de\/wp-json\/wp\/v2\/product"}],"about":[{"href":"https:\/\/www.lomoro.nl\/de\/wp-json\/wp\/v2\/types\/product"}],"wp:featuredmedia":[{"embeddable":true,"href":"https:\/\/www.lomoro.nl\/de\/wp-json\/wp\/v2\/media\/6481"}],"wp:attachment":[{"href":"https:\/\/www.lomoro.nl\/de\/wp-json\/wp\/v2\/media?parent=4280"}],"wp:term":[{"taxonomy":"product_brand","embeddable":true,"href":"https:\/\/www.lomoro.nl\/de\/wp-json\/wp\/v2\/product_brand?post=4280"},{"taxonomy":"product_cat","embeddable":true,"href":"https:\/\/www.lomoro.nl\/de\/wp-json\/wp\/v2\/product_cat?post=4280"},{"taxonomy":"product_tag","embeddable":true,"href":"https:\/\/www.lomoro.nl\/de\/wp-json\/wp\/v2\/product_tag?post=4280"}],"curies":[{"name":"wp","href":"https:\/\/api.w.org\/{rel}","templated":true}]}}