{"id":4281,"date":"2024-12-07T10:09:40","date_gmt":"2024-12-07T10:09:40","guid":{"rendered":"https:\/\/lomoro.nl\/?post_type=product&#038;p=4281"},"modified":"2025-01-04T12:13:57","modified_gmt":"2025-01-04T12:13:57","slug":"3-delig-pak-5","status":"publish","type":"product","link":"https:\/\/www.lomoro.nl\/de\/products\/3-delig-pak-5\/","title":{"rendered":"3-teiliger Hochzeitsanzug f\u00fcr Herren"},"content":{"rendered":"<section id=\"shopify-section-template--23762923880771__rich_text_kx9yLB\" class=\"shopify-section section\">\n<div class=\"isolate\">\n<div class=\"rich-text content-container color-scheme-1 gradient rich-text--full-width content-container--full-width section-template--23762923880771__rich_text_kx9yLB-padding\">\n<div class=\"rich-text__wrapper rich-text__wrapper--left page-width\">\n<div class=\"rich-text__blocks left\">\n<div class=\"rich-text__text rte scroll-trigger animate--slide-in\" data-cascade=\"\">\n<p>Der dreiteilige Hochzeitsanzug f\u00fcr Herren soll an Ihrem Hochzeitstag Eleganz und Charme ausstrahlen. Dieser dreiteilige Anzug besteht aus einer einreihigen Jacke, einer stilvollen Weste und einer ma\u00dfgeschneiderten Hose und bildet ein stimmiges Ensemble f\u00fcr den modernen Br\u00e4utigam.<\/p>\n<p>Der reine Wei\u00dfton verk\u00f6rpert Reinheit und Raffinesse und macht ihn zu einer vielseitigen Wahl f\u00fcr eine Vielzahl von Hochzeitsthemen, von traditionell bis modern. Dieser mit viel Liebe zum Detail entworfene Anzug bietet eine schlanke Silhouette, die Ihren K\u00f6rper betont, ohne auf Komfort zu verzichten.<\/p>\n<p>Kombiniert mit den richtigen Accessoires, wie einer klassischen Fliege oder einem pastellfarbenen Einstecktuch, werden Sie mit diesem Anzug zum Mittelpunkt Ihres gro\u00dfen Tages.<\/p>\n<table>\n<tbody>\n<tr>\n<td><b>Kenmerk<\/b><\/td>\n<td><b>Details<\/b><\/td>\n<\/tr>\n<tr>\n<td><b>Materiaal<\/b><\/td>\n<td><span style=\"font-weight: 400;\">Premium ademende stoffen<\/span><\/td>\n<\/tr>\n<tr>\n<td><b>Kleur<\/b><\/td>\n<td><span style=\"font-weight: 400;\">Tijdloos wit<\/span><\/td>\n<\/tr>\n<tr>\n<td><b>Beschikbare maten<\/b><\/td>\n<td>Kleine maten 46-62 \/ Grote maten 58-72<\/td>\n<\/tr>\n<tr>\n<td><b>Pasvorm<\/b><\/td>\n<td>Slim-fit, op maat gemaakt ontwerp<\/td>\n<\/tr>\n<tr>\n<td><b>Stijl<\/b><\/td>\n<td><span style=\"font-weight: 400;\">Eigentijds met klassieke elegantie<\/span><\/td>\n<\/tr>\n<tr>\n<td><b>Onderhoudsinstructies<\/b><\/td>\n<td><span style=\"font-weight: 400;\">Professionele stomerij aanbevolen<\/span><\/td>\n<\/tr>\n<\/tbody>\n<\/table>\n<\/div>\n<\/div>\n<\/div>\n<\/div>\n<\/div>\n<\/section>\n","protected":false},"excerpt":{"rendered":"<div class=\"product__tax caption rte\">\n<p>Der dreiteilige Hochzeitsanzug f\u00fcr Herren in klassischem Wei\u00df ist der Inbegriff von Eleganz und Stil f\u00fcr Br\u00e4utigame, die an ihrem besonderen Tag einen bleibenden Eindruck hinterlassen m\u00f6chten. Dieser elegante dreiteilige Hochzeitsanzug ist aus hochwertigen Materialien gefertigt und perfekt zugeschnitten, damit Sie von der Zeremonie bis zum Empfang makellos aussehen.<\/p>\n<p>Der dreiteilige Herren-Hochzeitsanzug von Lomoro ist ein raffiniertes Ensemble f\u00fcr den modernen Br\u00e4utigam. Dieser aus hochwertigen Materialien gefertigte Anzug bietet die perfekte Balance zwischen Stil und Komfort und sorgt daf\u00fcr, dass Sie an Ihrem besonderen Tag gut aussehen und sich gut f\u00fchlen. Die ma\u00dfgeschneiderte Passform betont Ihre Silhouette und sorgt f\u00fcr einen schlanken und eleganten Look. Dieser Anzug ist in verschiedenen Farben und Stilen erh\u00e4ltlich und kann an das Thema Ihrer Hochzeit und Ihre pers\u00f6nlichen Vorlieben angepasst werden.<\/p>\n<p>\u2702\ufe0f Perfekte Passform, speziell f\u00fcr Dich gefertigt.<\/p>\n<p>\ud83d\udc54 Individuelle Beratung f\u00fcr Ihren einzigartigen Look.<\/p>\n<p>\ud83e\uddf5 Hochwertige Materialien f\u00fcr ultimativen Komfort.<\/p>\n<p>\ud83c\udfa8 Stilvoll f\u00fcr jeden Anlass.<\/p>\n<p>\ud83c\udf81 Genie\u00dfen Sie bei jedem Ladenbesuch ein kostenloses Geschenk!<\/p>\n<\/div>\n","protected":false},"featured_media":1741,"template":"","meta":{"_acf_changed":false},"product_brand":[],"product_cat":[114],"product_tag":[],"class_list":{"0":"post-4281","1":"product","2":"type-product","3":"status-publish","4":"has-post-thumbnail","6":"product_cat-3-delig-kostuums","8":"first","9":"instock","10":"sale","11":"shipping-taxable","12":"purchasable","13":"product-type-simple"},"acf":[],"_links":{"self":[{"href":"https:\/\/www.lomoro.nl\/de\/wp-json\/wp\/v2\/product\/4281","targetHints":{"allow":["GET"]}}],"collection":[{"href":"https:\/\/www.lomoro.nl\/de\/wp-json\/wp\/v2\/product"}],"about":[{"href":"https:\/\/www.lomoro.nl\/de\/wp-json\/wp\/v2\/types\/product"}],"wp:featuredmedia":[{"embeddable":true,"href":"https:\/\/www.lomoro.nl\/de\/wp-json\/wp\/v2\/media\/1741"}],"wp:attachment":[{"href":"https:\/\/www.lomoro.nl\/de\/wp-json\/wp\/v2\/media?parent=4281"}],"wp:term":[{"taxonomy":"product_brand","embeddable":true,"href":"https:\/\/www.lomoro.nl\/de\/wp-json\/wp\/v2\/product_brand?post=4281"},{"taxonomy":"product_cat","embeddable":true,"href":"https:\/\/www.lomoro.nl\/de\/wp-json\/wp\/v2\/product_cat?post=4281"},{"taxonomy":"product_tag","embeddable":true,"href":"https:\/\/www.lomoro.nl\/de\/wp-json\/wp\/v2\/product_tag?post=4281"}],"curies":[{"name":"wp","href":"https:\/\/api.w.org\/{rel}","templated":true}]}}