{"id":4282,"date":"2024-12-11T11:08:23","date_gmt":"2024-12-11T11:08:23","guid":{"rendered":"https:\/\/lomoro.nl\/?post_type=product&#038;p=4282"},"modified":"2025-01-04T12:15:54","modified_gmt":"2025-01-04T12:15:54","slug":"smoking-11","status":"publish","type":"product","link":"https:\/\/www.lomoro.nl\/de\/products\/smoking-11\/","title":{"rendered":"Schwarzes Gala-Smoking-Herrenkost\u00fcm"},"content":{"rendered":"<p>Hinterlassen Sie einen bleibenden Eindruck mit unserem schwarzen Galaanzug, der speziell f\u00fcr fast alle formellen Anl\u00e4sse entworfen wurde. Hier finden Sie einen Galaanzug f\u00fcr Herren, der Stil und Eleganz perfekt vereint. Egal, ob es sich um eine zwanglose Veranstaltung oder eine Gala handelt, unsere Galaanz\u00fcge bieten Luxus und Eleganz f\u00fcr jeden Mann. Mit unserer gro\u00dfen Auswahl an formellen Herrenanz\u00fcgen heben Sie sich von der Masse ab und behalten gleichzeitig die hohe Qualit\u00e4t. Lomoro ist sorgf\u00e4ltig entworfen und bietet erschwingliche Optionen f\u00fcr den perfekten Gala-Anzug f\u00fcr den Mann. W\u00e4hlen Sie Ihren idealen, erschwinglichen schwarzen Galaanzug zu einem g\u00fcnstigen Preis, mit hervorragender Passform und hervorragender Verarbeitung.<\/p>\n<p>Der schwarze Gala-Smokinganzug vereint traditionelle Eleganz mit modernem Stil und ist somit die ideale Wahl f\u00fcr exklusive Veranstaltungen. Der Anzug besteht aus einer einreihigen Jacke mit dezentem Satinrevers, einer passenden Hose und einer Weste, die den formellen Look abrundet. Durch die raffinierte schwarze Farbe l\u00e4sst es sich leicht mit verschiedenen Accessoires kombinieren, wie zum Beispiel einer Fliege oder einem Einstecktuch.<\/p>\n<p>Dieser aus hochwertigen Stoffen gefertigte Smokinganzug bietet eine bequeme Passform und sorgt f\u00fcr ein stromlinienf\u00f6rmiges Erscheinungsbild. Die Liebe zum Detail im Design, wie die sorgf\u00e4ltig platzierten Kn\u00f6pfe und der perfekte Schnitt, sorgen daf\u00fcr, dass Sie gut aussehen und sich gut f\u00fchlen. Dieser Anzug ist ein Symbol f\u00fcr Luxus und Professionalit\u00e4t und unverzichtbar in der Garderobe jedes stilvollen Mannes.<\/p>\n<table>\n<tbody>\n<tr>\n<td><b>Merkmal<\/b><\/td>\n<td><b>Details<\/b><\/td>\n<\/tr>\n<tr>\n<td><b>Material<\/b><\/td>\n<td><span style=\"font-weight: 400;\">Premium-Wollmischung<\/span><\/td>\n<\/tr>\n<tr>\n<td><b>Farbe<\/b><\/td>\n<td>Klassisches Schwarz<\/td>\n<\/tr>\n<tr>\n<td><b>Verf\u00fcgbare Gr\u00f6\u00dfen<\/b><\/td>\n<td><span style=\"font-weight: 400;\">Kleine Gr\u00f6\u00dfen 46-62 \/ Gro\u00dfe Gr\u00f6\u00dfen 58-72<\/span><\/td>\n<\/tr>\n<tr>\n<td><b>Passform<\/b><\/td>\n<td><span style=\"font-weight: 400;\">Slim Fit f\u00fcr einen modernen Look<\/span><\/td>\n<\/tr>\n<tr>\n<td><b>Waschanleitung<\/b><\/td>\n<td><span style=\"font-weight: 400;\">Nur professionelle chemische Reinigung<\/span><\/td>\n<\/tr>\n<\/tbody>\n<\/table>\n","protected":false},"excerpt":{"rendered":"<p>Der schwarze Gala-Smokinganzug ist die perfekte Wahl f\u00fcr besondere Anl\u00e4sse, bei denen Eleganz und Raffinesse gefragt sind. Mit seinem zeitlosen Design und der erstklassigen Verarbeitung strahlt dieser Smoking-Anzug Klasse aus und eignet sich ideal f\u00fcr Galas, Hochzeiten und formelle Abende. Der klassische Schwarzton in Kombination mit modernen Details macht diesen Anzug vielseitig und stilvoll. Der hochwertige Stoff und die perfekte Passform sorgen f\u00fcr maximalen Komfort und einen edlen Look den ganzen Abend.<\/p>\n<p>\u2702\ufe0f Perfekte Passform, speziell f\u00fcr Dich gefertigt.<\/p>\n<p>\ud83d\udc54 Individuelle Beratung f\u00fcr Ihren einzigartigen Look.<\/p>\n<p>\ud83e\uddf5 Hochwertige Materialien f\u00fcr ultimativen Komfort.<\/p>\n<p>\ud83c\udfa8 Stilvoll f\u00fcr jeden Anlass.<\/p>\n<p>\ud83c\udf81 Genie\u00dfen Sie bei jedem Ladenbesuch ein kostenloses Geschenk!<\/p>\n","protected":false},"featured_media":6490,"template":"","meta":{"_acf_changed":false},"product_brand":[],"product_cat":[149],"product_tag":[],"class_list":{"0":"post-4282","1":"product","2":"type-product","3":"status-publish","4":"has-post-thumbnail","6":"product_cat-smoking-kostuums","8":"first","9":"instock","10":"sale","11":"shipping-taxable","12":"purchasable","13":"product-type-simple"},"acf":[],"_links":{"self":[{"href":"https:\/\/www.lomoro.nl\/de\/wp-json\/wp\/v2\/product\/4282","targetHints":{"allow":["GET"]}}],"collection":[{"href":"https:\/\/www.lomoro.nl\/de\/wp-json\/wp\/v2\/product"}],"about":[{"href":"https:\/\/www.lomoro.nl\/de\/wp-json\/wp\/v2\/types\/product"}],"wp:featuredmedia":[{"embeddable":true,"href":"https:\/\/www.lomoro.nl\/de\/wp-json\/wp\/v2\/media\/6490"}],"wp:attachment":[{"href":"https:\/\/www.lomoro.nl\/de\/wp-json\/wp\/v2\/media?parent=4282"}],"wp:term":[{"taxonomy":"product_brand","embeddable":true,"href":"https:\/\/www.lomoro.nl\/de\/wp-json\/wp\/v2\/product_brand?post=4282"},{"taxonomy":"product_cat","embeddable":true,"href":"https:\/\/www.lomoro.nl\/de\/wp-json\/wp\/v2\/product_cat?post=4282"},{"taxonomy":"product_tag","embeddable":true,"href":"https:\/\/www.lomoro.nl\/de\/wp-json\/wp\/v2\/product_tag?post=4282"}],"curies":[{"name":"wp","href":"https:\/\/api.w.org\/{rel}","templated":true}]}}