{"id":4288,"date":"2024-12-07T09:34:08","date_gmt":"2024-12-07T09:34:08","guid":{"rendered":"https:\/\/lomoro.nl\/?post_type=product&#038;p=4288"},"modified":"2025-01-04T12:44:04","modified_gmt":"2025-01-04T12:44:04","slug":"trouwpak-13","status":"publish","type":"product","link":"https:\/\/www.lomoro.nl\/de\/products\/trouwpak-13\/","title":{"rendered":"L\u00e4ssiger Hochzeitsanzug"},"content":{"rendered":"<section id=\"shopify-section-template--23762923880771__rich_text_kx9yLB\" class=\"shopify-section section\">\n<div class=\"isolate\">\n<div class=\"rich-text content-container color-scheme-1 gradient rich-text--full-width content-container--full-width section-template--23762923880771__rich_text_kx9yLB-padding\">\n<div class=\"rich-text__wrapper rich-text__wrapper--left page-width\">\n<div class=\"rich-text__blocks left\">\n<div class=\"rich-text__text rte scroll-trigger animate--slide-in\" data-cascade=\"\">\n<p>Der Lomoro Casual Hochzeitsanzug in Braun bietet die perfekte Balance zwischen Eleganz und Komfort. Dieser Anzug mit entspannter Passform ist ideal f\u00fcr Br\u00e4utigame, die einen entspannten Look w\u00fcnschen, ohne auf Stil zu verzichten. Die warmen Braunt\u00f6ne machen den Anzug vielseitig und l\u00e4sst sich leicht mit einer Vielzahl von Accessoires und Themen kombinieren.<\/p>\n<p>Mit Lomoro entscheiden Sie sich f\u00fcr hochwertige und ma\u00dfgeschneiderte Hochzeitsmode. Unser Fokus auf Handwerkskunst sorgt daf\u00fcr, dass Sie nicht nur gro\u00dfartig aussehen, sondern sich an Ihrem besonderen Tag auch wohl f\u00fchlen.<\/p>\n<table>\n<thead>\n<tr>\n<th>Merkmal<\/th>\n<th>Details<\/th>\n<\/tr>\n<\/thead>\n<tbody>\n<tr>\n<td>Material<\/td>\n<td>Hochwertige Baumwollmischung f\u00fcr Komfort<\/td>\n<\/tr>\n<tr>\n<td>Farbe<\/td>\n<td>Braun<\/td>\n<\/tr>\n<tr>\n<td>Verf\u00fcgbare Gr\u00f6\u00dfen<\/td>\n<td>Von Gr\u00f6\u00dfe 46 bis 72<\/td>\n<\/tr>\n<tr>\n<td>Passform<\/td>\n<td>Ma\u00dfgeschneidert f\u00fcr eine entspannte Passform<\/td>\n<\/tr>\n<tr>\n<td>Stil<\/td>\n<td>L\u00e4ssig schick mit einer raffinierten Note<\/td>\n<\/tr>\n<tr>\n<td>Pflege<\/td>\n<td>Professionelle Reinigung empfohlen<\/td>\n<\/tr>\n<\/tbody>\n<\/table>\n<\/div>\n<\/div>\n<\/div>\n<\/div>\n<\/div>\n<\/section>\n","protected":false},"excerpt":{"rendered":"<p>F\u00fcr Br\u00e4utigame, die einen entspannten und dennoch eleganten Look suchen, ist der l\u00e4ssige Hochzeitsanzug in warmen Braunt\u00f6nen die perfekte Wahl. Dieser Anzug vereint m\u00fchelos Komfort und Stil und ist ideal f\u00fcr informelle Hochzeiten und Veranstaltungsorte im Freien. Dieser aus hochwertigen Stoffen gefertigte und mit Liebe zum Detail gestaltete Anzug bietet eine moderne Variante der traditionellen Hochzeitsmode. Dieser Anzug verf\u00fcgt \u00fcber eine einreihige Jacke mit Zwei-Knopf-Verschluss, erg\u00e4nzt durch ein fallendes Revers und Pattentaschen, was f\u00fcr einen eleganten und raffinierten Look sorgt. Die Hose hat eine enge Passform, schr\u00e4ge Seitentaschen und eine einzelne Ges\u00e4\u00dftasche mit Knopfverschluss und sorgt f\u00fcr einen eleganten und eleganten Look.<\/p>\n<p><span style=\"font-weight: 400;\">\u2702\ufe0f Perfekte Passform, speziell f\u00fcr Dich gefertigt.<\/span><\/p>\n<p><span style=\"font-weight: 400;\">\ud83d\udc54 Individuelle Beratung f\u00fcr Ihren einzigartigen Look.<\/span><\/p>\n<p><span style=\"font-weight: 400;\">\ud83e\uddf5 Hochwertige Materialien f\u00fcr ultimativen Komfort.<\/span><\/p>\n<p><span style=\"font-weight: 400;\">\ud83c\udfa8 Stilvoll f\u00fcr jeden Anlass.<\/span><\/p>\n<p><span style=\"font-weight: 400;\">\ud83c\udf81 Genie\u00dfen Sie bei jedem Ladenbesuch ein kostenloses Geschenk!<\/span><\/p>\n","protected":false},"featured_media":1687,"template":"","meta":{"_acf_changed":false},"product_brand":[],"product_cat":[154],"product_tag":[],"class_list":{"0":"post-4288","1":"product","2":"type-product","3":"status-publish","4":"has-post-thumbnail","6":"product_cat-trouwpak-voor-mannen","8":"first","9":"instock","10":"sale","11":"shipping-taxable","12":"purchasable","13":"product-type-simple"},"acf":[],"_links":{"self":[{"href":"https:\/\/www.lomoro.nl\/de\/wp-json\/wp\/v2\/product\/4288","targetHints":{"allow":["GET"]}}],"collection":[{"href":"https:\/\/www.lomoro.nl\/de\/wp-json\/wp\/v2\/product"}],"about":[{"href":"https:\/\/www.lomoro.nl\/de\/wp-json\/wp\/v2\/types\/product"}],"wp:featuredmedia":[{"embeddable":true,"href":"https:\/\/www.lomoro.nl\/de\/wp-json\/wp\/v2\/media\/1687"}],"wp:attachment":[{"href":"https:\/\/www.lomoro.nl\/de\/wp-json\/wp\/v2\/media?parent=4288"}],"wp:term":[{"taxonomy":"product_brand","embeddable":true,"href":"https:\/\/www.lomoro.nl\/de\/wp-json\/wp\/v2\/product_brand?post=4288"},{"taxonomy":"product_cat","embeddable":true,"href":"https:\/\/www.lomoro.nl\/de\/wp-json\/wp\/v2\/product_cat?post=4288"},{"taxonomy":"product_tag","embeddable":true,"href":"https:\/\/www.lomoro.nl\/de\/wp-json\/wp\/v2\/product_tag?post=4288"}],"curies":[{"name":"wp","href":"https:\/\/api.w.org\/{rel}","templated":true}]}}