{"id":4291,"date":"2024-12-07T08:35:43","date_gmt":"2024-12-07T08:35:43","guid":{"rendered":"https:\/\/lomoro.nl\/?post_type=product&#038;p=4291"},"modified":"2025-01-04T13:16:29","modified_gmt":"2025-01-04T13:16:29","slug":"trouwpak-1","status":"publish","type":"product","link":"https:\/\/www.lomoro.nl\/de\/products\/trouwpak-1\/","title":{"rendered":"Dunkelgr\u00fcner Hochzeitsanzug"},"content":{"rendered":"<section id=\"shopify-section-template--23762923880771__rich_text_kx9yLB\" class=\"shopify-section section\">\n<div class=\"isolate\">\n<div class=\"rich-text content-container color-scheme-1 gradient rich-text--full-width content-container--full-width section-template--23762923880771__rich_text_kx9yLB-padding\">\n<div class=\"rich-text__wrapper rich-text__wrapper--left page-width\">\n<div class=\"rich-text__blocks left\">\n<div class=\"rich-text__text rte scroll-trigger animate--slide-in\" data-cascade=\"\">\n<p>Der dunkelgr\u00fcne Hochzeitsanzug von Lomoro ist die perfekte Balance zwischen klassischer Eleganz und modernem Flair. Der dunkelgr\u00fcne Farbton wurde f\u00fcr Br\u00e4utigame entworfen, die auffallen m\u00f6chten, ohne auf Komfort oder Stil zu verzichten. Er ist raffiniert und vielseitig und eignet sich daher ideal f\u00fcr eine Reihe von Hochzeitsthemen, von traditionell bis zeitgen\u00f6ssisch.<\/p>\n<p>Dieser Anzug aus feinster Wolle und Seide bietet luxuri\u00f6sen Komfort und Atmungsaktivit\u00e4t, sodass Sie sich an Ihrem besonderen Tag wohl f\u00fchlen. Die ma\u00dfgeschneiderte Passform sorgt daf\u00fcr, dass Sie nicht nur au\u00dfergew\u00f6hnlich aussehen, sondern sich auch fantastisch f\u00fchlen.<\/p>\n<p>Dr\u00fccken Sie Ihre Individualit\u00e4t mit diesem dunkelgr\u00fcnen Hochzeitsanzug aus, der perfekt f\u00fcr den modernen Br\u00e4utigam ist. Mit viel Liebe zum Detail ist dieser Anzug so gestaltet, dass er einen bleibenden Eindruck hinterl\u00e4sst. Entdecken Sie die zeitlose Sch\u00f6nheit unserer Kollektion von Hochzeitsanz\u00fcgen f\u00fcr Herren und schaffen Sie unvergessliche Erinnerungen an Ihren gro\u00dfen Tag.<\/p>\n<div class=\"react-scroll-to-bottom--css-twolk-1n7m0yu\">\n<div class=\"flex flex-col text-sm md:pb-9\">\n<article class=\"w-full scroll-mb-[var(--thread-trailing-height,150px)] text-token-text-primary focus-visible:outline-2 focus-visible:outline-offset-[-4px] sm:AIPRM__conversation__response\" dir=\"auto\" data-testid=\"conversation-turn-121\" data-scroll-anchor=\"true\">\n<div class=\"m-auto text-base py-[18px] px-3 md:px-4 w-full md:px-5 lg:px-4 xl:px-5\">\n<div class=\"mx-auto flex flex-1 gap-4 text-base md:gap-5 lg:gap-6 md:max-w-3xl lg:max-w-[40rem] xl:max-w-[48rem]\">\n<div class=\"group\/conversation-turn relative flex w-full min-w-0 flex-col agent-turn\">\n<div class=\"flex-col gap-1 md:gap-3\">\n<div class=\"flex max-w-full flex-col flex-grow AIPRM__conversation__response\">\n<div class=\"min-h-8 text-message flex w-full flex-col items-end gap-2 whitespace-normal break-words text-start [.text-message+&amp;]:mt-5\" dir=\"auto\" data-message-author-role=\"assistant\" data-message-id=\"6ccda4ab-6dc8-496a-be90-00c286fac1f2\" data-message-model-slug=\"gpt-4o\">\n<div class=\"flex w-full flex-col gap-1 empty:hidden first:pt-[3px]\">\n<div class=\"markdown prose w-full break-words dark:prose-invert light\">\n<table>\n<thead>\n<tr>\n<th>Merkmal<\/th>\n<th>Details<\/th>\n<\/tr>\n<\/thead>\n<tbody>\n<tr>\n<td>Material<\/td>\n<td>Hochwertige Woll- und Seidenmischung<\/td>\n<\/tr>\n<tr>\n<td>Farbe<\/td>\n<td>Dunkelgr\u00fcn<\/td>\n<\/tr>\n<tr>\n<td>Verf\u00fcgbare Gr\u00f6\u00dfen<\/td>\n<td>Von Gr\u00f6\u00dfe 46 bis Gr\u00f6\u00dfe 72<\/td>\n<\/tr>\n<tr>\n<td>Passform<\/td>\n<td>Ma\u00dfgeschneidert f\u00fcr eine perfekte Passform<\/td>\n<\/tr>\n<tr>\n<td>Stil<\/td>\n<td>Klassisch mit modernen Akzenten<\/td>\n<\/tr>\n<tr>\n<td>Pflege<\/td>\n<td>Professionelle Reinigung empfohlen<\/td>\n<\/tr>\n<\/tbody>\n<\/table>\n<\/div>\n<\/div>\n<\/div>\n<\/div>\n<\/div>\n<\/div>\n<\/div>\n<\/div>\n<\/article>\n<\/div>\n<\/div>\n<\/div>\n<\/div>\n<\/div>\n<\/div>\n<\/div>\n<\/section>\n","protected":false},"excerpt":{"rendered":"<p>F\u00fcr den Br\u00e4utigam, der einen mutigen und eleganten Look sucht, ist der dunkelgr\u00fcne Hochzeitsanzug die perfekte Wahl. Dieser ma\u00dfgeschneiderte Anzug in einem tiefen Gr\u00fcnton verbindet Eleganz mit modernem Flair, ideal f\u00fcr eine luxuri\u00f6se Hochzeit oder einen besonderen Anlass. Der Anzug ist aus hochwertigen Materialien gefertigt, die Komfort und Stil bieten, damit Sie an Ihrem besonderen Tag gl\u00e4nzen k\u00f6nnen.<\/p>\n<p><span style=\"font-weight: 400;\">\u2702\ufe0f Perfekte Passform, speziell f\u00fcr Dich gefertigt.<\/span><\/p>\n<p><span style=\"font-weight: 400;\">\ud83d\udc54 Individuelle Beratung f\u00fcr Ihren einzigartigen Look.<\/span><\/p>\n<p><span style=\"font-weight: 400;\">\ud83e\uddf5 Hochwertige Materialien f\u00fcr ultimativen Komfort.<\/span><\/p>\n<p><span style=\"font-weight: 400;\">\ud83c\udfa8 Stilvoll f\u00fcr jeden Anlass.<\/span><\/p>\n<p><span style=\"font-weight: 400;\">\ud83c\udf81 Genie\u00dfen Sie bei jedem Ladenbesuch ein kostenloses Geschenk!<\/span><\/p>\n","protected":false},"featured_media":1648,"template":"","meta":{"_acf_changed":false},"product_brand":[],"product_cat":[154],"product_tag":[],"class_list":{"0":"post-4291","1":"product","2":"type-product","3":"status-publish","4":"has-post-thumbnail","6":"product_cat-trouwpak-voor-mannen","8":"first","9":"instock","10":"sale","11":"shipping-taxable","12":"purchasable","13":"product-type-simple"},"acf":[],"_links":{"self":[{"href":"https:\/\/www.lomoro.nl\/de\/wp-json\/wp\/v2\/product\/4291","targetHints":{"allow":["GET"]}}],"collection":[{"href":"https:\/\/www.lomoro.nl\/de\/wp-json\/wp\/v2\/product"}],"about":[{"href":"https:\/\/www.lomoro.nl\/de\/wp-json\/wp\/v2\/types\/product"}],"wp:featuredmedia":[{"embeddable":true,"href":"https:\/\/www.lomoro.nl\/de\/wp-json\/wp\/v2\/media\/1648"}],"wp:attachment":[{"href":"https:\/\/www.lomoro.nl\/de\/wp-json\/wp\/v2\/media?parent=4291"}],"wp:term":[{"taxonomy":"product_brand","embeddable":true,"href":"https:\/\/www.lomoro.nl\/de\/wp-json\/wp\/v2\/product_brand?post=4291"},{"taxonomy":"product_cat","embeddable":true,"href":"https:\/\/www.lomoro.nl\/de\/wp-json\/wp\/v2\/product_cat?post=4291"},{"taxonomy":"product_tag","embeddable":true,"href":"https:\/\/www.lomoro.nl\/de\/wp-json\/wp\/v2\/product_tag?post=4291"}],"curies":[{"name":"wp","href":"https:\/\/api.w.org\/{rel}","templated":true}]}}