{"id":4299,"date":"2024-12-07T09:14:39","date_gmt":"2024-12-07T09:14:39","guid":{"rendered":"https:\/\/lomoro.nl\/?post_type=product&#038;p=4299"},"modified":"2025-01-04T15:10:16","modified_gmt":"2025-01-04T15:10:16","slug":"trouwpak-9","status":"publish","type":"product","link":"https:\/\/www.lomoro.nl\/de\/products\/trouwpak-9\/","title":{"rendered":"Grauer Hochzeitsanzug"},"content":{"rendered":"<section id=\"shopify-section-template--23762923880771__rich_text_kx9yLB\" class=\"shopify-section section\">\n<div class=\"isolate\">\n<div class=\"rich-text content-container color-scheme-1 gradient rich-text--full-width content-container--full-width section-template--23762923880771__rich_text_kx9yLB-padding\">\n<div class=\"rich-text__wrapper rich-text__wrapper--left page-width\">\n<div class=\"rich-text__blocks left\">\n<div class=\"rich-text__text rte scroll-trigger animate--slide-in\" data-cascade=\"\">\n<p>Der graue Hochzeitsanzug von Lomoro ist f\u00fcr den Br\u00e4utigam konzipiert, der einen stilvollen, raffinierten und dennoch erschwinglichen Anzug sucht. Die klassische graue Farbe macht es zu einer vielseitigen Wahl, die gut zu verschiedenen Hochzeitsthemen und Farbpaletten passt. Das elegante Design unterstreicht die handwerkliche Qualit\u00e4t und die Liebe zum Detail, w\u00e4hrend das bequeme und atmungsaktive Material daf\u00fcr sorgt, dass Sie sich den ganzen Tag wohl f\u00fchlen. Ganz gleich, ob Sie sich f\u00fcr eine formelle Hochzeit oder einen eher informellen Anlass entscheiden, dieser Anzug bietet die perfekte Balance zwischen formell und leger.<\/p>\n<p>Der Anzug wurde sorgf\u00e4ltig entworfen, um einen eleganten Look zu verleihen, der das Beste aus klassischer und moderner Mode vereint. Dank der ma\u00dfgeschneiderten Passform erhalten Sie ein Kost\u00fcm, das sich perfekt an Ihre K\u00f6rperform anpasst, sodass Sie an Ihrem besonderen Tag gro\u00dfartig aussehen.<\/p>\n<p>Mit einem luxuri\u00f6sen grauen Hochzeitsanzug ist Ihnen ein stilvoller Auftritt an Ihrem gro\u00dfen Tag sicher. Grau hat Charme, der einen Mann attraktiv macht! Unser grauer Anzug f\u00fcr Herren ist ideal f\u00fcr jeden Anlass, egal ob Sie sich f\u00fcr einen traditionellen oder modernen Look entscheiden. Dieser graue Hochzeitsanzug ist perfekt f\u00fcr jeden Br\u00e4utigam, da er Eleganz und Komfort vereint. Es gibt eine gro\u00dfe Auswahl an grauen Herrenanz\u00fcgen in verschiedenen Farben, Qualit\u00e4ten und Designs zur Auswahl. Entdecken Sie, wie vielseitig hellgraue Hochzeitsanz\u00fcge f\u00fcr Herren sein k\u00f6nnen, indem Sie aus unserer Kollektion w\u00e4hlen. Lassen Sie sich von Lomoro beraten und w\u00e4hlen Sie den idealen grauen Anzug, der Ihren pers\u00f6nlichen Stil unterstreicht.<\/p>\n<table>\n<thead>\n<tr>\n<th>Merkmal<\/th>\n<th>Details<\/th>\n<\/tr>\n<\/thead>\n<tbody>\n<tr>\n<td>Material<\/td>\n<td>Hochwertige Wollmischung<\/td>\n<\/tr>\n<tr>\n<td>Farbe<\/td>\n<td>Grau<\/td>\n<\/tr>\n<tr>\n<td>Verf\u00fcgbare Gr\u00f6\u00dfen<\/td>\n<td>Bis Gr\u00f6\u00dfe 72<\/td>\n<\/tr>\n<tr>\n<td>Passform<\/td>\n<td>Ma\u00dfgeschneidert f\u00fcr eine perfekte Passform<\/td>\n<\/tr>\n<tr>\n<td>Stil<\/td>\n<td>Klassisch mit modernen Akzenten<\/td>\n<\/tr>\n<tr>\n<td>Pflege<\/td>\n<td>Professionelle Reinigung empfohlen<\/td>\n<\/tr>\n<\/tbody>\n<\/table>\n<\/div>\n<\/div>\n<\/div>\n<\/div>\n<\/div>\n<\/section>\n","protected":false},"excerpt":{"rendered":"<p>Der graue Hochzeitsanzug von Lomoro bietet die perfekte Balance zwischen Eleganz und Stil f\u00fcr den modernen Br\u00e4utigam. Dieses aus hochwertigen Materialien gefertigte Kost\u00fcm bietet einen eleganten und zeitlosen Look, der sich leicht an verschiedene Hochzeitsthemen anpassen l\u00e4sst. Die Vielseitigkeit der grauen Farbe macht sie zu jeder Jahreszeit zur idealen Wahl f\u00fcr eine Hochzeit. Dieser Anzug ist so konzipiert, dass er sowohl Komfort als auch Klasse bietet, sodass Sie den ganzen Tag lang gl\u00e4nzen k\u00f6nnen.<\/p>\n<p><span style=\"font-weight: 400;\">\u2702\ufe0f Perfekte Passform, speziell f\u00fcr Dich gefertigt.<\/span><\/p>\n<p><span style=\"font-weight: 400;\">\ud83d\udc54 Individuelle Beratung f\u00fcr Ihren einzigartigen Look.<\/span><\/p>\n<p><span style=\"font-weight: 400;\">\ud83e\uddf5 Hochwertige Materialien f\u00fcr ultimativen Komfort.<\/span><\/p>\n<p><span style=\"font-weight: 400;\">\ud83c\udfa8 Stilvoll f\u00fcr jeden Anlass.<\/span><\/p>\n<p><span style=\"font-weight: 400;\">\ud83c\udf81 Genie\u00dfen Sie bei jedem Ladenbesuch ein kostenloses Geschenk!<\/span><\/p>\n","protected":false},"featured_media":1672,"template":"","meta":{"_acf_changed":false},"product_brand":[],"product_cat":[154],"product_tag":[],"class_list":{"0":"post-4299","1":"product","2":"type-product","3":"status-publish","4":"has-post-thumbnail","6":"product_cat-trouwpak-voor-mannen","8":"first","9":"instock","10":"sale","11":"shipping-taxable","12":"purchasable","13":"product-type-simple"},"acf":[],"_links":{"self":[{"href":"https:\/\/www.lomoro.nl\/de\/wp-json\/wp\/v2\/product\/4299","targetHints":{"allow":["GET"]}}],"collection":[{"href":"https:\/\/www.lomoro.nl\/de\/wp-json\/wp\/v2\/product"}],"about":[{"href":"https:\/\/www.lomoro.nl\/de\/wp-json\/wp\/v2\/types\/product"}],"wp:featuredmedia":[{"embeddable":true,"href":"https:\/\/www.lomoro.nl\/de\/wp-json\/wp\/v2\/media\/1672"}],"wp:attachment":[{"href":"https:\/\/www.lomoro.nl\/de\/wp-json\/wp\/v2\/media?parent=4299"}],"wp:term":[{"taxonomy":"product_brand","embeddable":true,"href":"https:\/\/www.lomoro.nl\/de\/wp-json\/wp\/v2\/product_brand?post=4299"},{"taxonomy":"product_cat","embeddable":true,"href":"https:\/\/www.lomoro.nl\/de\/wp-json\/wp\/v2\/product_cat?post=4299"},{"taxonomy":"product_tag","embeddable":true,"href":"https:\/\/www.lomoro.nl\/de\/wp-json\/wp\/v2\/product_tag?post=4299"}],"curies":[{"name":"wp","href":"https:\/\/api.w.org\/{rel}","templated":true}]}}