{"id":4308,"date":"2024-12-07T09:08:45","date_gmt":"2024-12-07T09:08:45","guid":{"rendered":"https:\/\/lomoro.nl\/?post_type=product&#038;p=4308"},"modified":"2025-01-04T15:52:56","modified_gmt":"2025-01-04T15:52:56","slug":"trouwpak-8","status":"publish","type":"product","link":"https:\/\/www.lomoro.nl\/de\/products\/trouwpak-8\/","title":{"rendered":"Gr\u00fcner Hochzeitsanzug"},"content":{"rendered":"<section id=\"shopify-section-template--23762923880771__rich_text_kx9yLB\" class=\"shopify-section section\">\n<div class=\"isolate\">\n<div class=\"rich-text content-container color-scheme-1 gradient rich-text--full-width content-container--full-width section-template--23762923880771__rich_text_kx9yLB-padding\">\n<div class=\"rich-text__wrapper rich-text__wrapper--left page-width\">\n<div class=\"rich-text__blocks left\">\n<div class=\"rich-text__text rte scroll-trigger animate--slide-in\" data-cascade=\"\">\n<p>Der gr\u00fcne Hochzeitsanzug bietet einen unverwechselbaren Stil f\u00fcr den Br\u00e4utigam von heute. Diese einzigartige Farbe strahlt Eleganz und Selbstvertrauen aus und ist perfekt f\u00fcr Brautpaare, die ein Statement setzen m\u00f6chten. Mit seinem zeitlosen Design und einem modernen Touch passt dieser Anzug nahtlos sowohl zu klassischen als auch zu modernen Hochzeitsstilen.<\/p>\n<p>Das Kost\u00fcm wurde mit viel Liebe zum Detail und handwerklichem K\u00f6nnen entworfen, was zu einem edlen Erscheinungsbild und einer hervorragenden Passform f\u00fchrt. Die gr\u00fcne Farbe ist vielseitig und l\u00e4sst sich gut mit Accessoires wie einer beigen Krawatte, einem wei\u00dfen Hemd oder einem gemusterten Einstecktuch kombinieren. Mit seinem luxuri\u00f6sen Aussehen und den nachhaltigen Materialien bietet der Gr\u00fcne Hochzeitsanzug nicht nur Stil, sondern auch Komfort f\u00fcr den ganzen Tag.<\/p>\n<p>Setzen Sie ein Statement mit unserem gr\u00fcnen Hochzeitsanzug, der perfekten Wahl f\u00fcr den modernen Mann. Dieser gr\u00fcne Hochzeitsanzug wurde sorgf\u00e4ltig entworfen und bietet eine hervorragende Passform, sodass Sie an Ihrem gro\u00dfen Tag fantastisch aussehen. Unsere\u00a0gr\u00fcnen Hochzeitsanz\u00fcge f\u00fcr Herren sind nicht nur stilvoll, sondern auch bequem, sodass Sie sich frei bewegen und jeden Moment genie\u00dfen k\u00f6nnen. Mit verschiedenen Designs zur Auswahl finden Sie den idealen Hochzeitsanzug f\u00fcr Herren in Gr\u00fcn, der zu Ihrer Pers\u00f6nlichkeit passt. Hinterlassen Sie einen unvergesslichen Eindruck und erleben Sie die Raffinesse unserer Kollektion. Besuchen Sie uns noch heute und entdecken Sie, wie Sie Ihren Hochzeitslook vervollst\u00e4ndigen k\u00f6nnen!<\/p>\n<table>\n<thead>\n<tr>\n<th><strong>Merkmal<\/strong><\/th>\n<th><strong>Details<\/strong><\/th>\n<\/tr>\n<\/thead>\n<tbody>\n<tr>\n<td>Material<\/td>\n<td>Hochwertige Wollmischung<\/td>\n<\/tr>\n<tr>\n<td>Farbe<\/td>\n<td>Gr\u00fcn<\/td>\n<\/tr>\n<tr>\n<td>Verf\u00fcgbare Gr\u00f6\u00dfen<\/td>\n<td>Bis Gr\u00f6\u00dfe 72<\/td>\n<\/tr>\n<tr>\n<td>Passform<\/td>\n<td>Ma\u00dfgeschneidert f\u00fcr perfekten Sitz<\/td>\n<\/tr>\n<tr>\n<td>Stil<\/td>\n<td>Klassisch mit modernem Touch<\/td>\n<\/tr>\n<tr>\n<td>Pflege<\/td>\n<td>Professionelle Reinigung empfohlen<\/td>\n<\/tr>\n<\/tbody>\n<\/table>\n<\/div>\n<\/div>\n<\/div>\n<\/div>\n<\/div>\n<\/section>\n","protected":false},"excerpt":{"rendered":"<div class=\"product__tax caption rte\">Der gr\u00fcne Hochzeitsanzug von Lomoro ist eine moderne und stilvolle Wahl f\u00fcr den Br\u00e4utigam von heute. Dieser Anzug besteht aus einer einreihigen Jacke mit Zwei-Knopf-Verschluss, einem fallenden Revers und Pattentaschen und bietet einen eleganten und eleganten Look. Die Hose hat eine enge Passform, schr\u00e4ge Seitentaschen und eine einzelne Ges\u00e4\u00dftasche mit Knopfverschluss und sorgt f\u00fcr einen eleganten und eleganten Look. Der Anzug ist in einem leuchtenden Gr\u00fcn erh\u00e4ltlich und bietet eine mutige und unverwechselbare \u00c4sthetik, die zu einer Vielzahl von Hochzeitsthemen und -situationen passt.<\/div>\n<div>\n<p><span style=\"font-weight: 400;\">\u2702\ufe0f Perfekte Passform, speziell f\u00fcr Dich gefertigt.<\/span><\/p>\n<p><span style=\"font-weight: 400;\">\ud83d\udc54 Individuelle Beratung f\u00fcr Ihren einzigartigen Look.<\/span><\/p>\n<p><span style=\"font-weight: 400;\">\ud83e\uddf5 Hochwertige Materialien f\u00fcr ultimativen Komfort.<\/span><\/p>\n<p><span style=\"font-weight: 400;\">\ud83c\udfa8 Stilvoll f\u00fcr jeden Anlass.<\/span><\/p>\n<p><span style=\"font-weight: 400;\">\ud83c\udf81 Genie\u00dfen Sie bei jedem Ladenbesuch ein kostenloses Geschenk!<\/span><\/p>\n<\/div>\n","protected":false},"featured_media":1669,"template":"","meta":{"_acf_changed":false},"product_brand":[],"product_cat":[154],"product_tag":[],"class_list":{"0":"post-4308","1":"product","2":"type-product","3":"status-publish","4":"has-post-thumbnail","6":"product_cat-trouwpak-voor-mannen","8":"first","9":"instock","10":"sale","11":"shipping-taxable","12":"purchasable","13":"product-type-simple"},"acf":[],"_links":{"self":[{"href":"https:\/\/www.lomoro.nl\/de\/wp-json\/wp\/v2\/product\/4308","targetHints":{"allow":["GET"]}}],"collection":[{"href":"https:\/\/www.lomoro.nl\/de\/wp-json\/wp\/v2\/product"}],"about":[{"href":"https:\/\/www.lomoro.nl\/de\/wp-json\/wp\/v2\/types\/product"}],"wp:featuredmedia":[{"embeddable":true,"href":"https:\/\/www.lomoro.nl\/de\/wp-json\/wp\/v2\/media\/1669"}],"wp:attachment":[{"href":"https:\/\/www.lomoro.nl\/de\/wp-json\/wp\/v2\/media?parent=4308"}],"wp:term":[{"taxonomy":"product_brand","embeddable":true,"href":"https:\/\/www.lomoro.nl\/de\/wp-json\/wp\/v2\/product_brand?post=4308"},{"taxonomy":"product_cat","embeddable":true,"href":"https:\/\/www.lomoro.nl\/de\/wp-json\/wp\/v2\/product_cat?post=4308"},{"taxonomy":"product_tag","embeddable":true,"href":"https:\/\/www.lomoro.nl\/de\/wp-json\/wp\/v2\/product_tag?post=4308"}],"curies":[{"name":"wp","href":"https:\/\/api.w.org\/{rel}","templated":true}]}}