{"id":4313,"date":"2024-12-07T09:54:56","date_gmt":"2024-12-07T09:54:56","guid":{"rendered":"https:\/\/lomoro.nl\/?post_type=product&#038;p=4313"},"modified":"2025-01-04T16:21:31","modified_gmt":"2025-01-04T16:21:31","slug":"trouwpak-17","status":"publish","type":"product","link":"https:\/\/www.lomoro.nl\/de\/products\/trouwpak-17\/","title":{"rendered":"Italienischer Hochzeitsanzug"},"content":{"rendered":"<section id=\"shopify-section-template--23762923880771__rich_text_kx9yLB\" class=\"shopify-section section\">\n<div class=\"isolate\">\n<div class=\"rich-text content-container color-scheme-1 gradient rich-text--full-width content-container--full-width section-template--23762923880771__rich_text_kx9yLB-padding\">\n<div class=\"rich-text__wrapper rich-text__wrapper--left page-width\">\n<div class=\"rich-text__blocks left\">\n<div class=\"rich-text__text rte scroll-trigger animate--slide-in\" data-cascade=\"\">\n<p>Der italienische Hochzeitsanzug ist die perfekte Wahl f\u00fcr den modebewussten Mann, der f\u00fcr seinen Hochzeitstag eine Mischung aus Stil und Komfort sucht. Dieser Anzug mit ma\u00dfgeschneiderter Passform aus hochwertigen italienischen Stoffen bietet einen schlanken, eleganten Look, der Ihre Silhouette betont. Unsere Kollektion bietet eine vielf\u00e4ltige Auswahl an Stilen, von klassisch bis modern, sodass Sie einen Anzug finden, der Ihrem pers\u00f6nlichen Geschmack entspricht. Hinterlassen Sie mit diesem raffinierten italienischen Hochzeitsanzug einen bleibenden Eindruck und genie\u00dfen Sie den Luxus und die Handwerkskunst, f\u00fcr die Lomoro bekannt ist.<\/p>\n<p>Bringen Sie Ihren Hochzeitsstil auf die n\u00e4chste Stufe mit unserem italienischen Hochzeitsanzug, der Sie sowohl stilvoll als auch raffiniert aussehen l\u00e4sst. Dieser Anzug vereint Eleganz und Komfort und ist aus hochwertigen italienischen Stoffen f\u00fcr eine perfekte Passform gefertigt. Mit einer schlanken Silhouette und wundersch\u00f6nen Details garantiert unser italienischer Hochzeitsanzug, dass Sie an Ihrem besonderen Tag auffallen werden. W\u00e4hlen Sie aus einer Vielzahl von Stilen in unserer Kollektion, die von zeitlosen Klassikern bis hin zu zeitgen\u00f6ssischen Designs reicht und alle auf Ihren einzigartigen Geschmack zugeschnitten ist. Setzen Sie ein unvergessliches Statement mit unserem stilvollen italienischen Hochzeitsanzug, eine ideale Wahl f\u00fcr den modernen Mann, der makelloses italienisches Design sch\u00e4tzt.<\/p>\n<table>\n<thead>\n<tr>\n<th>Merkmal<\/th>\n<th>Details<\/th>\n<\/tr>\n<\/thead>\n<tbody>\n<tr>\n<td>Material<\/td>\n<td>Premium italienische Stoffe<\/td>\n<\/tr>\n<tr>\n<td>Farbe<\/td>\n<td>In verschiedenen Farbt\u00f6nen erh\u00e4ltlich<\/td>\n<\/tr>\n<tr>\n<td>Verf\u00fcgbare Gr\u00f6\u00dfen<\/td>\n<td>Bis Gr\u00f6\u00dfe 72<\/td>\n<\/tr>\n<tr>\n<td>Passform<\/td>\n<td>Schlank und ma\u00dfgeschneidert<\/td>\n<\/tr>\n<tr>\n<td>Stil<\/td>\n<td>Klassisch und modern<\/td>\n<\/tr>\n<tr>\n<td>Pflege<\/td>\n<td>Professionelle Reinigung empfohlen<\/td>\n<\/tr>\n<\/tbody>\n<\/table>\n<\/div>\n<\/div>\n<\/div>\n<\/div>\n<\/div>\n<\/section>\n","protected":false},"excerpt":{"rendered":"<p>Erleben Sie die perfekte Kombination aus Eleganz und Komfort mit unserem italienischen Hochzeitsanzug. Dieser ma\u00dfgeschneiderte Anzug aus hochwertigen italienischen Stoffen bietet eine schmale Passform und raffinierte Details, die Ihren Stil auf die n\u00e4chste Stufe heben. Ganz gleich, ob Sie sich f\u00fcr einen klassischen oder modernen Look entscheiden, dieser Anzug passt sich Ihrem pers\u00f6nlichen Geschmack an und l\u00e4sst Sie an Ihrem besonderen Tag strahlen. Dieser elegante dreiteilige Anzug besteht aus einer ma\u00dfgeschneiderten marineblauen Nadelstreifenjacke mit fallendem Revers, einer zweireihigen Weste und einer schmal geschnittenen marineblauen Hose. In Kombination mit einem schwarzen Hemd, einer blauen Krawatte und einem passenden Einstecktuch ist es eine zeitlose und raffinierte Wahl f\u00fcr formelle Anl\u00e4sse.<\/p>\n<p><span style=\"font-weight: 400;\">\u2702\ufe0f Perfekte Passform, speziell f\u00fcr Dich gefertigt.<\/span><\/p>\n<p><span style=\"font-weight: 400;\">\ud83d\udc54 Individuelle Beratung f\u00fcr Ihren einzigartigen Look.<\/span><\/p>\n<p><span style=\"font-weight: 400;\">\ud83e\uddf5 Hochwertige Materialien f\u00fcr ultimativen Komfort.<\/span><\/p>\n<p><span style=\"font-weight: 400;\">\ud83c\udfa8 Stilvoll f\u00fcr jeden Anlass.<\/span><\/p>\n<p><span style=\"font-weight: 400;\">\ud83c\udf81 Genie\u00dfen Sie bei jedem Ladenbesuch ein kostenloses Geschenk!<\/span><\/p>\n","protected":false},"featured_media":1717,"template":"","meta":{"_acf_changed":false},"product_brand":[],"product_cat":[154],"product_tag":[],"class_list":{"0":"post-4313","1":"product","2":"type-product","3":"status-publish","4":"has-post-thumbnail","6":"product_cat-trouwpak-voor-mannen","8":"first","9":"instock","10":"sale","11":"shipping-taxable","12":"purchasable","13":"product-type-simple"},"acf":[],"_links":{"self":[{"href":"https:\/\/www.lomoro.nl\/de\/wp-json\/wp\/v2\/product\/4313","targetHints":{"allow":["GET"]}}],"collection":[{"href":"https:\/\/www.lomoro.nl\/de\/wp-json\/wp\/v2\/product"}],"about":[{"href":"https:\/\/www.lomoro.nl\/de\/wp-json\/wp\/v2\/types\/product"}],"wp:featuredmedia":[{"embeddable":true,"href":"https:\/\/www.lomoro.nl\/de\/wp-json\/wp\/v2\/media\/1717"}],"wp:attachment":[{"href":"https:\/\/www.lomoro.nl\/de\/wp-json\/wp\/v2\/media?parent=4313"}],"wp:term":[{"taxonomy":"product_brand","embeddable":true,"href":"https:\/\/www.lomoro.nl\/de\/wp-json\/wp\/v2\/product_brand?post=4313"},{"taxonomy":"product_cat","embeddable":true,"href":"https:\/\/www.lomoro.nl\/de\/wp-json\/wp\/v2\/product_cat?post=4313"},{"taxonomy":"product_tag","embeddable":true,"href":"https:\/\/www.lomoro.nl\/de\/wp-json\/wp\/v2\/product_tag?post=4313"}],"curies":[{"name":"wp","href":"https:\/\/api.w.org\/{rel}","templated":true}]}}