{"id":4325,"date":"2024-12-07T09:40:51","date_gmt":"2024-12-07T09:40:51","guid":{"rendered":"https:\/\/lomoro.nl\/?post_type=product&#038;p=4325"},"modified":"2025-01-04T20:36:27","modified_gmt":"2025-01-04T20:36:27","slug":"3-delig-pak-9","status":"publish","type":"product","link":"https:\/\/www.lomoro.nl\/de\/products\/3-delig-pak-9\/","title":{"rendered":"3-teiliger Anzug gr\u00fcn"},"content":{"rendered":"<section id=\"shopify-section-template--23762923880771__rich_text_kx9yLB\" class=\"shopify-section section\">\n<div class=\"isolate\">\n<div class=\"rich-text content-container color-scheme-1 gradient rich-text--full-width content-container--full-width section-template--23762923880771__rich_text_kx9yLB-padding\">\n<div class=\"rich-text__wrapper rich-text__wrapper--left page-width\">\n<div class=\"rich-text__blocks left\">\n<div class=\"rich-text__text rte scroll-trigger animate--slide-in\" data-cascade=\"\">\n<p>Der dreiteilige gr\u00fcne Anzug hat eine raffinierte gr\u00fcne Farbe, die traditioneller formeller Kleidung eine frische und moderne Note verleiht. Dieser dreiteilige Anzug besteht aus einer einreihigen Jacke, einer taillierten Weste und einer taillierten Hose und sorgt f\u00fcr einen stimmigen und raffinierten Look f\u00fcr jeden formellen Anlass.<\/p>\n<p>Ganz gleich, ob Sie sich auf eine Hochzeit vorbereiten oder eine schicke Veranstaltung besuchen, dieser gr\u00fcne Anzug ist die perfekte Wahl und verleiht ihm Stil und Selbstvertrauen. Kombinieren Sie es mit einem strahlend wei\u00dfen Hemd oder einer passenden Krawatte f\u00fcr einen eleganten Look, der zu jedem Anlass passt.<\/p>\n<table style=\"height: 344px;\" width=\"606\">\n<tbody>\n<tr>\n<td><b>Merkmal<\/b><\/td>\n<td><b>Details<\/b><\/td>\n<\/tr>\n<tr>\n<td><b>Material<\/b><\/td>\n<td><span style=\"font-weight: 400;\">Luxuri\u00f6se Wollmischung<\/span><\/td>\n<\/tr>\n<tr>\n<td><b>Farbe<\/b><\/td>\n<td><span style=\"font-weight: 400;\">Elegantes Gr\u00fcn<\/span><\/td>\n<\/tr>\n<tr>\n<td><b>Verf\u00fcgbare Gr\u00f6\u00dfen<\/b><\/td>\n<td><span style=\"font-weight: 400;\">Kleine Gr\u00f6\u00dfen 46-62 \/ Gro\u00dfe Gr\u00f6\u00dfen 58-72<\/span><\/td>\n<\/tr>\n<tr>\n<td><b>Passform<\/b><\/td>\n<td><span style=\"font-weight: 400;\">Slim Fit f\u00fcr einen eleganten Look<\/span><\/td>\n<\/tr>\n<tr>\n<td><b>Waschanleitung<\/b><\/td>\n<td><span style=\"font-weight: 400;\">Professionelle chemische Reinigung<\/span><\/td>\n<\/tr>\n<\/tbody>\n<\/table>\n<\/div>\n<\/div>\n<\/div>\n<\/div>\n<\/div>\n<\/section>\n","protected":false},"excerpt":{"rendered":"<div class=\"product__tax caption rte\">\n<p>Der dreiteilige gr\u00fcne Anzug ist die perfekte Verk\u00f6rperung von Raffinesse und Eleganz f\u00fcr den modernen Mann. Dieser dreiteilige gr\u00fcne Anzug wurde mit tadelloser Handwerkskunst und hochwertigen Materialien entworfen und sorgt f\u00fcr eine stilvolle und bequeme Passform f\u00fcr eine Vielzahl von Anl\u00e4ssen. Von Hochzeiten bis hin zu Firmenveranstaltungen \u2013 mit diesem vielseitigen Anzug stechen Sie durch seine erfrischende Farbe und sein klassisches Design hervor.<\/p>\n<p>Der dreiteilige gr\u00fcne Anzug von Lomoro ist ein sorgf\u00e4ltig gefertigtes Ensemble, das sowohl Stil als auch Komfort bietet. Dieser Anzug besteht aus einer ma\u00dfgeschneiderten Jacke, einer passenden Weste und einer klassischen Hose, alle aus hochwertigen, atmungsaktiven Materialien gefertigt, um Haltbarkeit und einen eleganten Look zu gew\u00e4hrleisten. Das Slim-Fit-Design betont die Silhouette des Tr\u00e4gers und eignet sich daher f\u00fcr eine Vielzahl formeller Anl\u00e4sse wie Hochzeiten, Gesch\u00e4ftstreffen und besondere Anl\u00e4sse.<\/p>\n<p>\u2702\ufe0f Perfekte Passform, speziell f\u00fcr Sie gefertigt.<\/p>\n<p>\ud83d\udc54 Individuelle Beratung f\u00fcr Ihren einzigartigen Look.<\/p>\n<p>\ud83e\uddf5 Hochwertige Materialien f\u00fcr ultimativen Komfort.<\/p>\n<p>\ud83c\udfa8 Stilvoll f\u00fcr jeden Anlass.<\/p>\n<p>\ud83c\udf81 Genie\u00dfen Sie bei jedem Ladenbesuch ein kostenloses Geschenk<\/p>\n<\/div>\n","protected":false},"featured_media":1699,"template":"","meta":{"_acf_changed":false},"product_brand":[],"product_cat":[114],"product_tag":[],"class_list":{"0":"post-4325","1":"product","2":"type-product","3":"status-publish","4":"has-post-thumbnail","6":"product_cat-3-delig-kostuums","8":"first","9":"instock","10":"sale","11":"shipping-taxable","12":"purchasable","13":"product-type-simple"},"acf":[],"_links":{"self":[{"href":"https:\/\/www.lomoro.nl\/de\/wp-json\/wp\/v2\/product\/4325","targetHints":{"allow":["GET"]}}],"collection":[{"href":"https:\/\/www.lomoro.nl\/de\/wp-json\/wp\/v2\/product"}],"about":[{"href":"https:\/\/www.lomoro.nl\/de\/wp-json\/wp\/v2\/types\/product"}],"wp:featuredmedia":[{"embeddable":true,"href":"https:\/\/www.lomoro.nl\/de\/wp-json\/wp\/v2\/media\/1699"}],"wp:attachment":[{"href":"https:\/\/www.lomoro.nl\/de\/wp-json\/wp\/v2\/media?parent=4325"}],"wp:term":[{"taxonomy":"product_brand","embeddable":true,"href":"https:\/\/www.lomoro.nl\/de\/wp-json\/wp\/v2\/product_brand?post=4325"},{"taxonomy":"product_cat","embeddable":true,"href":"https:\/\/www.lomoro.nl\/de\/wp-json\/wp\/v2\/product_cat?post=4325"},{"taxonomy":"product_tag","embeddable":true,"href":"https:\/\/www.lomoro.nl\/de\/wp-json\/wp\/v2\/product_tag?post=4325"}],"curies":[{"name":"wp","href":"https:\/\/api.w.org\/{rel}","templated":true}]}}