{"id":4326,"date":"2024-12-07T09:52:39","date_gmt":"2024-12-07T09:52:39","guid":{"rendered":"https:\/\/lomoro.nl\/?post_type=product&#038;p=4326"},"modified":"2025-01-04T20:43:52","modified_gmt":"2025-01-04T20:43:52","slug":"3-delig-pak-1","status":"publish","type":"product","link":"https:\/\/www.lomoro.nl\/de\/products\/3-delig-pak-1\/","title":{"rendered":"3-teiliger Anzug beige"},"content":{"rendered":"<section id=\"shopify-section-template--23762923880771__rich_text_kx9yLB\" class=\"shopify-section section\">\n<div class=\"isolate\">\n<div class=\"rich-text content-container color-scheme-1 gradient rich-text--full-width content-container--full-width section-template--23762923880771__rich_text_kx9yLB-padding\">\n<div class=\"rich-text__wrapper rich-text__wrapper--left page-width\">\n<div class=\"rich-text__blocks left\">\n<div class=\"rich-text__text rte scroll-trigger animate--slide-in\" data-cascade=\"\">\n<p>Der dreiteilige Anzug in Beige vereint Raffinesse und Komfort und ist somit eine unverzichtbare Wahl f\u00fcr M\u00e4nner, die Wert auf Stil legen. Dieser dreiteilige Anzug besteht aus einem einreihigen Blazer, einer taillierten Weste und einer ma\u00dfgeschneiderten Hose, die alle f\u00fcr einen zusammenh\u00e4ngenden und eleganten Look sorgen.<\/p>\n<p>Die beige Farbe bietet eine frische und vielseitige Option, die mit verschiedenen Accessoires, wie einer marineblauen Krawatte oder einem gemusterten Einstecktuch, kombiniert werden kann. Ganz gleich, ob Sie der Br\u00e4utigam oder Trauzeuge sind oder an einer formellen Veranstaltung teilnehmen, mit diesem Anzug sehen Sie gutaussehend und selbstbewusst aus.<\/p>\n<table style=\"height: 358px;\" width=\"599\">\n<tbody>\n<tr>\n<td><b>Merkmal<\/b><\/td>\n<td><b>Details<\/b><\/td>\n<\/tr>\n<tr>\n<td><b>Material<\/b><\/td>\n<td><span style=\"font-weight: 400;\">Luxuri\u00f6se Wollmischung<\/span><\/td>\n<\/tr>\n<tr>\n<td><b>Farbe<\/b><\/td>\n<td><span style=\"font-weight: 400;\">Klassisches Beige<\/span><\/td>\n<\/tr>\n<tr>\n<td><b>Verf\u00fcgbare Gr\u00f6\u00dfen<\/b><\/td>\n<td><span style=\"font-weight: 400;\">Kleine Gr\u00f6\u00dfen 46-62 \/ Gro\u00dfe Gr\u00f6\u00dfen 58-72<\/span><\/td>\n<\/tr>\n<tr>\n<td><b>Passform<\/b><\/td>\n<td><span style=\"font-weight: 400;\">Slim Fit f\u00fcr einen eleganten Look<\/span><\/td>\n<\/tr>\n<tr>\n<td><b>Waschanleitung<\/b><\/td>\n<td><span style=\"font-weight: 400;\">Professionelle chemische Reinigung<\/span><\/td>\n<\/tr>\n<\/tbody>\n<\/table>\n<\/div>\n<\/div>\n<\/div>\n<\/div>\n<\/div>\n<\/section>\n","protected":false},"excerpt":{"rendered":"<div class=\"product__tax caption rte\">\n<p>Der 3-teilige Anzug Beige ist ein raffinierter dreiteiliger Anzug, der modernen Charme mit zeitloser Eleganz perfekt verbindet. Dieser beige Anzug ist aus hochwertigen Stoffen gefertigt und mit Pr\u00e4zision geschneidert und eignet sich ideal f\u00fcr eine Vielzahl von Anl\u00e4ssen, von Hochzeiten bis hin zu formellen Zusammenk\u00fcnften. Die vielseitige Farbe und das elegante Design machen es zu einem Must-have f\u00fcr den modernen Gentleman.<\/p>\n<p>Der dreiteilige beige Herrenanzug von Lomoro ist ein raffiniertes Ensemble f\u00fcr den modernen Mann, der sowohl Wert auf Stil als auch auf Komfort legt. Dieser aus hochwertigen Materialien gefertigte Anzug bietet einen eleganten Look und eine perfekte Passform f\u00fcr eine Vielzahl von Anl\u00e4ssen, darunter Hochzeiten und formelle Veranstaltungen. Der atmungsaktive Stoff sorgt f\u00fcr dauerhaften Tragekomfort, w\u00e4hrend das ma\u00dfgeschneiderte Design Ihre Figur betont.<\/p>\n<p>\u2702\ufe0f Perfekte Passform, speziell f\u00fcr Sie gefertigt.<\/p>\n<p>\ud83d\udc54 Individuelle Beratung f\u00fcr Ihren einzigartigen Look.<\/p>\n<p>\ud83e\uddf5 Hochwertige Materialien f\u00fcr ultimativen Komfort.<\/p>\n<p>\ud83c\udfa8 Stilvoll f\u00fcr jeden Anlass.<\/p>\n<p>\ud83c\udf81 Genie\u00dfen Sie bei jedem Ladenbesuch ein kostenloses Geschenk!<\/p>\n<\/div>\n","protected":false},"featured_media":1708,"template":"","meta":{"_acf_changed":false},"product_brand":[],"product_cat":[114],"product_tag":[],"class_list":{"0":"post-4326","1":"product","2":"type-product","3":"status-publish","4":"has-post-thumbnail","6":"product_cat-3-delig-kostuums","8":"first","9":"instock","10":"sale","11":"shipping-taxable","12":"purchasable","13":"product-type-simple"},"acf":[],"_links":{"self":[{"href":"https:\/\/www.lomoro.nl\/de\/wp-json\/wp\/v2\/product\/4326","targetHints":{"allow":["GET"]}}],"collection":[{"href":"https:\/\/www.lomoro.nl\/de\/wp-json\/wp\/v2\/product"}],"about":[{"href":"https:\/\/www.lomoro.nl\/de\/wp-json\/wp\/v2\/types\/product"}],"wp:featuredmedia":[{"embeddable":true,"href":"https:\/\/www.lomoro.nl\/de\/wp-json\/wp\/v2\/media\/1708"}],"wp:attachment":[{"href":"https:\/\/www.lomoro.nl\/de\/wp-json\/wp\/v2\/media?parent=4326"}],"wp:term":[{"taxonomy":"product_brand","embeddable":true,"href":"https:\/\/www.lomoro.nl\/de\/wp-json\/wp\/v2\/product_brand?post=4326"},{"taxonomy":"product_cat","embeddable":true,"href":"https:\/\/www.lomoro.nl\/de\/wp-json\/wp\/v2\/product_cat?post=4326"},{"taxonomy":"product_tag","embeddable":true,"href":"https:\/\/www.lomoro.nl\/de\/wp-json\/wp\/v2\/product_tag?post=4326"}],"curies":[{"name":"wp","href":"https:\/\/api.w.org\/{rel}","templated":true}]}}