{"id":4356,"date":"2024-12-07T10:00:53","date_gmt":"2024-12-07T10:00:53","guid":{"rendered":"https:\/\/lomoro.nl\/?post_type=product&#038;p=4356"},"modified":"2025-01-05T10:18:51","modified_gmt":"2025-01-05T10:18:51","slug":"3-delig-pak-3","status":"publish","type":"product","link":"https:\/\/www.lomoro.nl\/de\/products\/3-delig-pak-3\/","title":{"rendered":"Hellbeiger dreiteiliger Anzug"},"content":{"rendered":"<section id=\"shopify-section-template--23762923880771__rich_text_kx9yLB\" class=\"shopify-section section\">\n<div class=\"isolate\">\n<div class=\"rich-text content-container color-scheme-1 gradient rich-text--full-width content-container--full-width section-template--23762923880771__rich_text_kx9yLB-padding\">\n<div class=\"rich-text__wrapper rich-text__wrapper--left page-width\">\n<div class=\"rich-text__blocks left\">\n<div class=\"rich-text__text rte scroll-trigger animate--slide-in\" data-cascade=\"\">\n<p>Der hellbeige dreiteilige Anzug ist f\u00fcr den modernen Mann konzipiert, der einen eleganten und stilvollen Look sucht, ohne auf Komfort zu verzichten. Die hellbeige Farbe macht diesen Anzug ideal f\u00fcr Hochzeiten, Gartenpartys und andere formelle Zusammenk\u00fcnfte im Fr\u00fchling oder Sommer. Das schlanke Design des Anzugs sorgt f\u00fcr einen raffinierten und schicken Look, w\u00e4hrend die hochwertigen Stoffe f\u00fcr ein atmungsaktives und angenehmes Tragegef\u00fchl sorgen.<\/p>\n<p>Egal, ob Sie an einer Hochzeit teilnehmen oder einen anderen besonderen Anlass haben, der hellbeige dreiteilige Anzug rundet Ihren Look ab und sorgt daf\u00fcr, dass Sie stilvoll auffallen. Die Weste mit sechs Kn\u00f6pfen, der Blazer und die passende Hose ergeben zusammen einen zeitlosen, stilvollen Look, der sich ganz einfach mit Accessoires individualisieren l\u00e4sst, um Ihr pers\u00f6nliches Flair zu unterstreichen.<\/p>\n<table style=\"height: 368px;\" width=\"598\">\n<tbody>\n<tr>\n<td><b>Merkmal<\/b><\/td>\n<td><b>Details<\/b><\/td>\n<\/tr>\n<tr>\n<td><b>Material<\/b><\/td>\n<td><span style=\"font-weight: 400;\">Luxuri\u00f6se Wollmischung<\/span><\/td>\n<\/tr>\n<tr>\n<td><b>Farbe<\/b><\/td>\n<td><span style=\"font-weight: 400;\">Licht Beige<\/span><\/td>\n<\/tr>\n<tr>\n<td><b>Verf\u00fcgbare Gr\u00f6\u00dfen<\/b><\/td>\n<td><span style=\"font-weight: 400;\">Kleine Gr\u00f6\u00dfen 46-62 \/ Gro\u00dfe Gr\u00f6\u00dfen 58-72<\/span><\/td>\n<\/tr>\n<tr>\n<td><b>Passform<\/b><\/td>\n<td><span style=\"font-weight: 400;\">Slim Fit f\u00fcr einen eleganten Look<\/span><\/td>\n<\/tr>\n<tr>\n<td><b>Waschanleitung<\/b><\/td>\n<td><span style=\"font-weight: 400;\">Professionelle chemische Reinigung<\/span><\/td>\n<\/tr>\n<\/tbody>\n<\/table>\n<\/div>\n<\/div>\n<\/div>\n<\/div>\n<\/div>\n<\/section>\n","protected":false},"excerpt":{"rendered":"<div class=\"product__tax caption rte\">\n<p>Der hellbeige dreiteilige Anzug von Lomoro ist die ideale Wahl f\u00fcr den Mann, der ein raffiniertes und leichtes Erscheinungsbild sucht. Dieser elegante Anzug vereint Stil, Luxus und Komfort und eignet sich perfekt f\u00fcr formelle Veranstaltungen, Hochzeiten oder andere besondere Anl\u00e4sse. Das dreiteilige Design besteht aus einem raffinierten Blazer, einer stilvollen Weste und einer passenden Hose. Die hellbeige Farbe macht diesen Anzug vielseitig einsetzbar und eignet sich sowohl f\u00fcr Tages- als auch Abendanl\u00e4sse, w\u00e4hrend die hochwertigen Materialien f\u00fcr einen luxuri\u00f6sen Look und langanhaltenden Komfort sorgen.<\/p>\n<p>\u2702\ufe0f Perfekte Passform, speziell f\u00fcr Sie gefertigt.<\/p>\n<p>\ud83d\udc54 Individuelle Beratung f\u00fcr Ihren einzigartigen Look.<\/p>\n<p>\ud83e\uddf5 Hochwertige Materialien f\u00fcr ultimativen Komfort.<\/p>\n<p>\ud83c\udfa8 Stilvoll f\u00fcr jeden Anlass.<\/p>\n<p>\ud83c\udf81 Genie\u00dfen Sie bei jedem Ladenbesuch ein kostenloses Geschenk!<\/p>\n<\/div>\n","protected":false},"featured_media":1726,"template":"","meta":{"_acf_changed":false},"product_brand":[],"product_cat":[114],"product_tag":[],"class_list":{"0":"post-4356","1":"product","2":"type-product","3":"status-publish","4":"has-post-thumbnail","6":"product_cat-3-delig-kostuums","8":"first","9":"instock","10":"sale","11":"shipping-taxable","12":"purchasable","13":"product-type-simple"},"acf":[],"_links":{"self":[{"href":"https:\/\/www.lomoro.nl\/de\/wp-json\/wp\/v2\/product\/4356","targetHints":{"allow":["GET"]}}],"collection":[{"href":"https:\/\/www.lomoro.nl\/de\/wp-json\/wp\/v2\/product"}],"about":[{"href":"https:\/\/www.lomoro.nl\/de\/wp-json\/wp\/v2\/types\/product"}],"wp:featuredmedia":[{"embeddable":true,"href":"https:\/\/www.lomoro.nl\/de\/wp-json\/wp\/v2\/media\/1726"}],"wp:attachment":[{"href":"https:\/\/www.lomoro.nl\/de\/wp-json\/wp\/v2\/media?parent=4356"}],"wp:term":[{"taxonomy":"product_brand","embeddable":true,"href":"https:\/\/www.lomoro.nl\/de\/wp-json\/wp\/v2\/product_brand?post=4356"},{"taxonomy":"product_cat","embeddable":true,"href":"https:\/\/www.lomoro.nl\/de\/wp-json\/wp\/v2\/product_cat?post=4356"},{"taxonomy":"product_tag","embeddable":true,"href":"https:\/\/www.lomoro.nl\/de\/wp-json\/wp\/v2\/product_tag?post=4356"}],"curies":[{"name":"wp","href":"https:\/\/api.w.org\/{rel}","templated":true}]}}