{"id":4363,"date":"2024-12-07T09:34:58","date_gmt":"2024-12-07T09:34:58","guid":{"rendered":"https:\/\/lomoro.nl\/?post_type=product&#038;p=4363"},"modified":"2025-01-05T10:58:17","modified_gmt":"2025-01-05T10:58:17","slug":"3-delig-pak-41","status":"publish","type":"product","link":"https:\/\/www.lomoro.nl\/de\/products\/3-delig-pak-41\/","title":{"rendered":"Driedelig wit kostuum"},"content":{"rendered":"<p>Der 3-teilige Anzug Wei\u00df von Lomoro ist f\u00fcr den Mann konzipiert, der sich von anderen abheben und einen bleibenden Eindruck hinterlassen m\u00f6chte. Ganz gleich, ob Sie ein Br\u00e4utigam sind, der seinen gro\u00dfen Tag feiert, oder Gast einer Luxusveranstaltung, dieser Anzug bietet unbestreitbare Eleganz. Das strahlend wei\u00dfe Design verleiht Ihnen einen frischen, modernen Look, w\u00e4hrend das dreiteilige Design f\u00fcr einen kompletten, harmonischen Look sorgt. Der Blazer ist raffiniert geschnitten, Weste und Hose sind perfekt geschnitten und sorgen f\u00fcr einen stilvollen, bequemen Sitz.<\/p>\n<p>Die wei\u00dfe Farbe ist ideal f\u00fcr Hochzeiten und andere formelle Anl\u00e4sse, und der Anzug kann ganz einfach mit Accessoires wie Manschettenkn\u00f6pfen, einer Krawatte oder einem Einstecktuch personalisiert werden, um Ihrem Anzug eine pers\u00f6nliche Note zu verleihen. Mit diesem Anzug ist Ihnen ein schicker Look sicher, der den ganzen Tag h\u00e4lt.<\/p>\n<p>W\u00e4hlen Sie den 3-teiligen Anzug Wei\u00df und sorgen Sie daf\u00fcr, dass Sie bei jedem Anlass gut aussehen.<\/p>\n<table style=\"height: 348px;\" width=\"646\">\n<tbody>\n<tr>\n<td><b>Merkmal<\/b><\/td>\n<td><b>Details<\/b><\/td>\n<\/tr>\n<tr>\n<td><b>Material<\/b><\/td>\n<td><span style=\"font-weight: 400;\">Luxuri\u00f6se Wollmischung<\/span><\/td>\n<\/tr>\n<tr>\n<td><b>Farbe<\/b><\/td>\n<td><span style=\"font-weight: 400;\">Witz<\/span><\/td>\n<\/tr>\n<tr>\n<td><b>Verf\u00fcgbare Gr\u00f6\u00dfen<\/b><\/td>\n<td><span style=\"font-weight: 400;\">Kleine Gr\u00f6\u00dfen 46-62 \/ Gro\u00dfe Gr\u00f6\u00dfen 58-72<\/span><\/td>\n<\/tr>\n<tr>\n<td><b>Passform<\/b><\/td>\n<td><span style=\"font-weight: 400;\">Slim Fit f\u00fcr einen eleganten Look<\/span><\/td>\n<\/tr>\n<tr>\n<td><b>Waschanleitung<\/b><\/td>\n<td><span style=\"font-weight: 400;\">Professionelle chemische Reinigung<\/span><\/td>\n<\/tr>\n<\/tbody>\n<\/table>\n<p>&nbsp;<\/p>\n","protected":false},"excerpt":{"rendered":"<div class=\"product__tax caption rte\">\n<p>Der 3-teilige Anzug Wei\u00df von Lomoro ist die ultimative Wahl f\u00fcr alle, die einen zeitlosen, raffinierten und eleganten Look suchen. Dieser Anzug ist ideal f\u00fcr Hochzeiten, Galadinner und andere besondere Anl\u00e4sse, bei denen Sie auf jeden Fall auffallen m\u00f6chten. Das wei\u00dfe Design strahlt sowohl Reinheit als auch Eleganz aus, w\u00e4hrend das dreiteilige Design \u2013 bestehend aus Blazer, Weste und Hose \u2013 f\u00fcr einen modernen und raffinierten Look sorgt. Perfekt zugeschnitten f\u00fcr den modernen Mann, der sowohl Stil als auch Komfort sch\u00e4tzt.<\/p>\n<p>\u2702\ufe0f Perfekte Passform, speziell f\u00fcr Sie gefertigt.<\/p>\n<p>\ud83d\udc54 Individuelle Beratung f\u00fcr Ihren einzigartigen Look.<\/p>\n<p>\ud83e\uddf5 Hochwertige Materialien f\u00fcr ultimativen Komfort.<\/p>\n<p>\ud83c\udfa8 Stilvoll f\u00fcr jeden Anlass.<\/p>\n<p>\ud83c\udf81 Genie\u00dfen Sie bei jedem Ladenbesuch ein kostenloses Geschenk!<\/p>\n<\/div>\n","protected":false},"featured_media":1690,"template":"","meta":{"_acf_changed":false},"product_brand":[],"product_cat":[114],"product_tag":[],"class_list":{"0":"post-4363","1":"product","2":"type-product","3":"status-publish","4":"has-post-thumbnail","6":"product_cat-3-delig-kostuums","8":"first","9":"instock","10":"sale","11":"shipping-taxable","12":"purchasable","13":"product-type-simple"},"acf":[],"_links":{"self":[{"href":"https:\/\/www.lomoro.nl\/de\/wp-json\/wp\/v2\/product\/4363","targetHints":{"allow":["GET"]}}],"collection":[{"href":"https:\/\/www.lomoro.nl\/de\/wp-json\/wp\/v2\/product"}],"about":[{"href":"https:\/\/www.lomoro.nl\/de\/wp-json\/wp\/v2\/types\/product"}],"wp:featuredmedia":[{"embeddable":true,"href":"https:\/\/www.lomoro.nl\/de\/wp-json\/wp\/v2\/media\/1690"}],"wp:attachment":[{"href":"https:\/\/www.lomoro.nl\/de\/wp-json\/wp\/v2\/media?parent=4363"}],"wp:term":[{"taxonomy":"product_brand","embeddable":true,"href":"https:\/\/www.lomoro.nl\/de\/wp-json\/wp\/v2\/product_brand?post=4363"},{"taxonomy":"product_cat","embeddable":true,"href":"https:\/\/www.lomoro.nl\/de\/wp-json\/wp\/v2\/product_cat?post=4363"},{"taxonomy":"product_tag","embeddable":true,"href":"https:\/\/www.lomoro.nl\/de\/wp-json\/wp\/v2\/product_tag?post=4363"}],"curies":[{"name":"wp","href":"https:\/\/api.w.org\/{rel}","templated":true}]}}