{"id":4365,"date":"2024-12-07T09:55:05","date_gmt":"2024-12-07T09:55:05","guid":{"rendered":"https:\/\/lomoro.nl\/?post_type=product&#038;p=4365"},"modified":"2025-01-05T11:10:23","modified_gmt":"2025-01-05T11:10:23","slug":"3-delig-pak-42","status":"publish","type":"product","link":"https:\/\/www.lomoro.nl\/de\/products\/3-delig-pak-42\/","title":{"rendered":"Blauw 3 Delig Pak"},"content":{"rendered":"<section id=\"shopify-section-template--23762923880771__rich_text_kx9yLB\" class=\"shopify-section section\">\n<div class=\"isolate\">\n<div class=\"rich-text content-container color-scheme-1 gradient rich-text--full-width content-container--full-width section-template--23762923880771__rich_text_kx9yLB-padding\">\n<div class=\"rich-text__wrapper rich-text__wrapper--left page-width\">\n<div class=\"rich-text__blocks left\">\n<div class=\"rich-text__text rte scroll-trigger animate--slide-in\" data-cascade=\"\">\n<p>Erleben Sie Eleganz mit dem blauen 3-teiligen Anzug, einem Anzug f\u00fcr M\u00e4nner, die einen bleibenden Eindruck hinterlassen m\u00f6chten. Dieser dreiteilige Anzug eignet sich perfekt f\u00fcr jede formelle Veranstaltung, von Hochzeiten bis hin zu Galas mit schwarzer Krawatte. Die tiefe, satte blaue Farbe sorgt f\u00fcr Frische und Raffinesse und macht ihn zur idealen Wahl f\u00fcr alle, die einen Anzug suchen, der auff\u00e4llt. Der aus hochwertigen Materialien gefertigte Anzug bietet sowohl Stil als auch Komfort, sodass Sie nicht nur gut aussehen, sondern sich auch wohl f\u00fchlen.<\/p>\n<p>Der Schnitt der Jacke ist sowohl schmeichelhaft als auch perfekt tailliert, w\u00e4hrend Weste und Hose den Look ebenso pr\u00e4zise abrunden. Dieser Anzug wurde mit modernen Schneidertechniken hergestellt, um eine scharfe Silhouette zu schaffen, die Ihre nat\u00fcrliche Figur betont. Das klassische Design wird durch moderne Akzente erg\u00e4nzt, was den blauen 3-teiligen Anzug zeitlos und stilvoll macht. Die Vielseitigkeit dieses Anzugs erm\u00f6glicht es Ihnen, ihn mit verschiedenen Accessoires, von einer klassischen Krawatte bis zu einem Einstecktuch, zu personalisieren und Ihrem Gesamtlook eine pers\u00f6nliche Note zu verleihen.<\/p>\n<table>\n<tbody>\n<tr>\n<td><b>Merkmal<\/b><\/td>\n<td><b>Details<\/b><\/td>\n<\/tr>\n<tr>\n<td><b>Material<\/b><\/td>\n<td><span style=\"font-weight: 400;\">Luxuri\u00f6se Wollmischung<\/span><\/td>\n<\/tr>\n<tr>\n<td><b>Farbe<\/b><\/td>\n<td><span style=\"font-weight: 400;\">Blau<\/span><\/td>\n<\/tr>\n<tr>\n<td><b>Verf\u00fcgbare Gr\u00f6\u00dfen<\/b><\/td>\n<td><span style=\"font-weight: 400;\">Kleine Gr\u00f6\u00dfen 46-62 \/ Gro\u00dfe Gr\u00f6\u00dfen 58-72<\/span><\/td>\n<\/tr>\n<tr>\n<td><b>Passform<\/b><\/td>\n<td><span style=\"font-weight: 400;\">Slim Fit f\u00fcr einen eleganten Look<\/span><\/td>\n<\/tr>\n<tr>\n<td><b>Waschanleitung<\/b><\/td>\n<td><span style=\"font-weight: 400;\">Professionelle chemische Reinigung<\/span><\/td>\n<\/tr>\n<\/tbody>\n<\/table>\n<\/div>\n<\/div>\n<\/div>\n<\/div>\n<\/div>\n<\/section>\n","protected":false},"excerpt":{"rendered":"<p>Der blaue 3-teilige Anzug von Lomoro ist eine perfekte Mischung aus traditioneller Handwerkskunst und modernem Schneiderhandwerk und wurde f\u00fcr den Mann entworfen, der sowohl Eleganz als auch Komfort sucht. Ob Hochzeit, Gala oder formeller Anlass, dieser dreiteilige blaue Anzug setzt ein tadelloses Statement. Das zeitgem\u00e4\u00dfe Design in Kombination mit dem luxuri\u00f6sen Stoff sorgt daf\u00fcr, dass Sie nicht nur gut aussehen, sondern sich w\u00e4hrend der Veranstaltung auch sicher und wohl f\u00fchlen. Dieser Anzug ist bis ins letzte Detail ma\u00dfgeschneidert und ein Must-Have f\u00fcr M\u00e4nner, die auffallen und gut aussehen wollen.<\/p>\n<p>\u2702\ufe0f Perfekte Passform, speziell f\u00fcr Sie gefertigt.<\/p>\n<p>\ud83d\udc54 Individuelle Beratung f\u00fcr Ihren einzigartigen Look.<\/p>\n<p>\ud83e\uddf5 Hochwertige Materialien f\u00fcr ultimativen Komfort.<\/p>\n<p>\ud83c\udfa8 Stilvoll f\u00fcr jeden Anlass.<\/p>\n<p>\ud83c\udf81 Genie\u00dfen Sie bei jedem Ladenbesuch ein kostenloses Geschenk!<\/p>\n","protected":false},"featured_media":1714,"template":"","meta":{"_acf_changed":false},"product_brand":[],"product_cat":[114],"product_tag":[],"class_list":{"0":"post-4365","1":"product","2":"type-product","3":"status-publish","4":"has-post-thumbnail","6":"product_cat-3-delig-kostuums","8":"first","9":"instock","10":"sale","11":"shipping-taxable","12":"purchasable","13":"product-type-simple"},"acf":[],"_links":{"self":[{"href":"https:\/\/www.lomoro.nl\/de\/wp-json\/wp\/v2\/product\/4365","targetHints":{"allow":["GET"]}}],"collection":[{"href":"https:\/\/www.lomoro.nl\/de\/wp-json\/wp\/v2\/product"}],"about":[{"href":"https:\/\/www.lomoro.nl\/de\/wp-json\/wp\/v2\/types\/product"}],"wp:featuredmedia":[{"embeddable":true,"href":"https:\/\/www.lomoro.nl\/de\/wp-json\/wp\/v2\/media\/1714"}],"wp:attachment":[{"href":"https:\/\/www.lomoro.nl\/de\/wp-json\/wp\/v2\/media?parent=4365"}],"wp:term":[{"taxonomy":"product_brand","embeddable":true,"href":"https:\/\/www.lomoro.nl\/de\/wp-json\/wp\/v2\/product_brand?post=4365"},{"taxonomy":"product_cat","embeddable":true,"href":"https:\/\/www.lomoro.nl\/de\/wp-json\/wp\/v2\/product_cat?post=4365"},{"taxonomy":"product_tag","embeddable":true,"href":"https:\/\/www.lomoro.nl\/de\/wp-json\/wp\/v2\/product_tag?post=4365"}],"curies":[{"name":"wp","href":"https:\/\/api.w.org\/{rel}","templated":true}]}}