{"id":4374,"date":"2024-12-07T10:07:55","date_gmt":"2024-12-07T10:07:55","guid":{"rendered":"https:\/\/lomoro.nl\/?post_type=product&#038;p=4374"},"modified":"2025-01-05T14:20:15","modified_gmt":"2025-01-05T14:20:15","slug":"trouwpak-21","status":"publish","type":"product","link":"https:\/\/www.lomoro.nl\/de\/products\/trouwpak-21\/","title":{"rendered":"Klassischer grauer Hochzeitsanzug"},"content":{"rendered":"<p>Der klassische graue Hochzeitsanzug ist die ideale Wahl f\u00fcr den Br\u00e4utigam, der eine Kombination aus traditioneller Eleganz und modernem Komfort sucht. Mit ma\u00dfgeschneiderter Passform und aus hochwertigen Stoffen gefertigt, bietet dieser Anzug einen raffinierten Look, der sich perfekt an Ihren K\u00f6rper anpasst. Unsere Kollektion umfasst verschiedene Stile und Graut\u00f6ne, sodass Sie immer einen Anzug finden, der Ihrem pers\u00f6nlichen Geschmack entspricht. Machen Sie mit diesem stilvollen Hochzeitsanzug einen unvergesslichen Eindruck und erleben Sie den Luxus und die Handwerkskunst, die Lomoro zu bieten hat.<\/p>\n<div class=\"react-scroll-to-bottom--css-nfxss-1n7m0yu\">\n<div class=\"flex flex-col text-sm md:pb-9\">\n<article class=\"w-full scroll-mb-[var(--thread-trailing-height,150px)] text-token-text-primary focus-visible:outline-2 focus-visible:outline-offset-[-4px] sm:AIPRM__conversation__response\" dir=\"auto\" data-testid=\"conversation-turn-121\" data-scroll-anchor=\"true\">\n<div class=\"m-auto text-base py-[18px] px-3 md:px-4 w-full md:px-5 lg:px-4 xl:px-5\">\n<div class=\"mx-auto flex flex-1 gap-4 text-base md:gap-5 lg:gap-6 md:max-w-3xl lg:max-w-[40rem] xl:max-w-[48rem]\">\n<div class=\"group\/conversation-turn relative flex w-full min-w-0 flex-col agent-turn\">\n<div class=\"flex-col gap-1 md:gap-3\">\n<div class=\"flex max-w-full flex-col flex-grow AIPRM__conversation__response\">\n<div class=\"min-h-8 text-message flex w-full flex-col items-end gap-2 whitespace-normal break-words text-start [.text-message+&amp;]:mt-5\" dir=\"auto\" data-message-author-role=\"assistant\" data-message-id=\"0e7012a1-d47b-4492-9dfc-ece48cddd946\" data-message-model-slug=\"gpt-4o\">\n<div class=\"flex w-full flex-col gap-1 empty:hidden first:pt-[3px]\">\n<div class=\"markdown prose w-full break-words dark:prose-invert light\">\n<table>\n<thead>\n<tr>\n<th>Merkmal<\/th>\n<th>Details<\/th>\n<\/tr>\n<\/thead>\n<tbody>\n<tr>\n<td>Material<\/td>\n<td>Hochwertige Stoffe<\/td>\n<\/tr>\n<tr>\n<td>Farbe<\/td>\n<td>Grau<\/td>\n<\/tr>\n<tr>\n<td>Verf\u00fcgbare Gr\u00f6\u00dfen<\/td>\n<td>Bis Gr\u00f6\u00dfe 72<\/td>\n<\/tr>\n<tr>\n<td>Passform<\/td>\n<td>Ma\u00dfgeschneidert f\u00fcr perfekten Sitz<\/td>\n<\/tr>\n<tr>\n<td>Stil<\/td>\n<td>Klassisch mit modernen Akzenten<\/td>\n<\/tr>\n<tr>\n<td>Pflege<\/td>\n<td>Professionelle Reinigung empfohlen<\/td>\n<\/tr>\n<\/tbody>\n<\/table>\n<\/div>\n<\/div>\n<\/div>\n<\/div>\n<\/div>\n<\/div>\n<\/div>\n<\/div>\n<\/article>\n<\/div>\n<\/div>\n","protected":false},"excerpt":{"rendered":"<p>Erleben Sie zeitlose Eleganz mit unserem klassischen grauen Hochzeitsanzug. Dieser ma\u00dfgeschneiderte Anzug kombiniert traditionellen Stil mit modernem Komfort und ist perfekt f\u00fcr den Br\u00e4utigam, der an seinem besonderen Tag einen klassischen Look w\u00fcnscht. Die einreihige Jacke hat einen Zwei-Knopf-Verschluss, ein gezacktes Revers und einen Mittelschlitz. Der passende Cardigan verleiht mit seinem Sechs-Knopf-Stil und dem geraden Saum einen Hauch von Formalit\u00e4t. Die Flatfront-Hose, ebenfalls aus dem gleichen grauen Stoff, rundet das Ensemble ab. Dieser vielseitige Anzug eignet sich f\u00fcr eine Vielzahl formeller Anl\u00e4sse und beruflicher Anl\u00e4sse und bietet einen eleganten und zeitlosen Look.<\/p>\n<p><span style=\"font-weight: 400;\">\u2702\ufe0f Perfekte Passform, speziell f\u00fcr Dich gefertigt.<\/span><\/p>\n<p><span style=\"font-weight: 400;\">\ud83d\udc54 Individuelle Beratung f\u00fcr Ihren einzigartigen Look.<\/span><\/p>\n<p><span style=\"font-weight: 400;\">\ud83e\uddf5 Hochwertige Materialien f\u00fcr ultimativen Komfort.<\/span><\/p>\n<p><span style=\"font-weight: 400;\">\ud83c\udfa8 Stilvoll f\u00fcr jeden Anlass.<\/span><\/p>\n<p><span style=\"font-weight: 400;\">\ud83c\udf81 Genie\u00dfen Sie bei jedem Ladenbesuch ein kostenloses Geschenk!<\/span><\/p>\n","protected":false},"featured_media":1738,"template":"","meta":{"_acf_changed":false},"product_brand":[],"product_cat":[154],"product_tag":[],"class_list":{"0":"post-4374","1":"product","2":"type-product","3":"status-publish","4":"has-post-thumbnail","6":"product_cat-trouwpak-voor-mannen","8":"first","9":"instock","10":"sale","11":"shipping-taxable","12":"purchasable","13":"product-type-simple"},"acf":[],"_links":{"self":[{"href":"https:\/\/www.lomoro.nl\/de\/wp-json\/wp\/v2\/product\/4374","targetHints":{"allow":["GET"]}}],"collection":[{"href":"https:\/\/www.lomoro.nl\/de\/wp-json\/wp\/v2\/product"}],"about":[{"href":"https:\/\/www.lomoro.nl\/de\/wp-json\/wp\/v2\/types\/product"}],"wp:featuredmedia":[{"embeddable":true,"href":"https:\/\/www.lomoro.nl\/de\/wp-json\/wp\/v2\/media\/1738"}],"wp:attachment":[{"href":"https:\/\/www.lomoro.nl\/de\/wp-json\/wp\/v2\/media?parent=4374"}],"wp:term":[{"taxonomy":"product_brand","embeddable":true,"href":"https:\/\/www.lomoro.nl\/de\/wp-json\/wp\/v2\/product_brand?post=4374"},{"taxonomy":"product_cat","embeddable":true,"href":"https:\/\/www.lomoro.nl\/de\/wp-json\/wp\/v2\/product_cat?post=4374"},{"taxonomy":"product_tag","embeddable":true,"href":"https:\/\/www.lomoro.nl\/de\/wp-json\/wp\/v2\/product_tag?post=4374"}],"curies":[{"name":"wp","href":"https:\/\/api.w.org\/{rel}","templated":true}]}}